{"id":1120,"date":"2025-08-16T22:41:17","date_gmt":"2025-08-16T22:41:17","guid":{"rendered":"https:\/\/super-strada.cc\/velos\/"},"modified":"2026-02-03T17:17:31","modified_gmt":"2026-02-03T17:17:31","slug":"velos","status":"publish","type":"page","link":"https:\/\/super-strada.cc\/fr\/velos\/","title":{"rendered":"V\u00c9LOS"},"content":{"rendered":"<p>[et_pb_section fb_built=\u00a0\u00bb1&Prime; _builder_version=\u00a0\u00bb4.27.4&Prime; _module_preset=\u00a0\u00bbdefault\u00a0\u00bb background_color=\u00a0\u00bb#EFEFEF\u00a0\u00bb background_image=\u00a0\u00bbhttps:\/\/super-strada.cc\/wp-content\/uploads\/2025\/07\/IMG_2846-scaled.jpg\u00a0\u00bb min_height=\u00a0\u00bb523px\u00a0\u00bb custom_padding=\u00a0\u00bb223px||0px|||\u00a0\u00bb global_colors_info=\u00a0\u00bb{}\u00a0\u00bb][et_pb_row _builder_version=\u00a0\u00bb4.27.4&Prime; _module_preset=\u00a0\u00bbdefault\u00a0\u00bb min_height=\u00a0\u00bb167px\u00a0\u00bb custom_padding=\u00a0\u00bb185px||3px|||\u00a0\u00bb global_colors_info=\u00a0\u00bb{}\u00a0\u00bb][et_pb_column type=\u00a0\u00bb4_4&Prime; _builder_version=\u00a0\u00bb4.27.4&Prime; _module_preset=\u00a0\u00bbdefault\u00a0\u00bb global_colors_info=\u00a0\u00bb{}\u00a0\u00bb][et_pb_text _builder_version=\u00a0\u00bb4.27.4&Prime; _module_preset=\u00a0\u00bbdefault\u00a0\u00bb text_text_color=\u00a0\u00bbgcid-primary-color\u00a0\u00bb header_text_color=\u00a0\u00bb#FFFFFF\u00a0\u00bb header_font_size=\u00a0\u00bb60px\u00a0\u00bb min_height=\u00a0\u00bb146px\u00a0\u00bb custom_margin=\u00a0\u00bb||||false|false\u00a0\u00bb custom_padding=\u00a0\u00bb43px||0px|||\u00a0\u00bb global_colors_info=\u00a0\u00bb{%22gcid-primary-color%22:%91%22text_text_color%22%93}\u00a0\u00bb]<\/p>\n<h1><span style=\"color: #ffffff;\"><strong> D\u00e9couvrez le v\u00e9lo \u00e9lectrique qui vous convient.<\/strong><\/span><\/h1>\n<p><span style=\"color: #ffffff;\"><strong><\/strong><\/span><\/p>\n<p><span style=\"color: #ffffff;\"><strong><\/strong><\/span><\/p>\n<p>[\/et_pb_text][\/et_pb_column][\/et_pb_row][\/et_pb_section][et_pb_section fb_built=\u00a0\u00bb1&Prime; _builder_version=\u00a0\u00bb4.27.4&Prime; _module_preset=\u00a0\u00bbdefault\u00a0\u00bb global_colors_info=\u00a0\u00bb{}\u00a0\u00bb][et_pb_row column_structure=\u00a0\u00bb1_2,1_2&Prime; _builder_version=\u00a0\u00bb4.27.4&Prime; _module_preset=\u00a0\u00bbdefault\u00a0\u00bb global_colors_info=\u00a0\u00bb{}\u00a0\u00bb][et_pb_column type=\u00a0\u00bb1_2&Prime; _builder_version=\u00a0\u00bb4.27.4&Prime; _module_preset=\u00a0\u00bbdefault\u00a0\u00bb global_colors_info=\u00a0\u00bb{}\u00a0\u00bb][et_pb_text _builder_version=\u00a0\u00bb4.27.4&Prime; _module_preset=\u00a0\u00bbdefault\u00a0\u00bb global_colors_info=\u00a0\u00bb{}\u00a0\u00bb]<\/p>\n<p>Super Strada est une jeune entreprise de mobilit\u00e9 \u00e9lectrique, con\u00e7ue et design\u00e9e \u00e0 Hambourg, en Allemagne. Notre objectif est d&rsquo;offrir une alternative durable aux formes de transport actuelles en milieu urbain. Comment y parvenons-nous ? Nous devions cr\u00e9er un produit polyvalent, abordable, durable, efficace et facile \u00e0 conduire. Nos v\u00e9los \u00e9lectriques peuvent \u00eatre utilis\u00e9s \u00e0 des fins r\u00e9cr\u00e9atives, de d\u00e9placement et industrielles. Notre cadre est con\u00e7u pour supporter un poids suppl\u00e9mentaire, nos bo\u00eetes modulaires peuvent supporter un volume suppl\u00e9mentaire de 60 litres. Nos v\u00e9los commencent \u00e0 2490 euros et peuvent accueillir deux passagers, tout en assurant la s\u00e9curit\u00e9.      <\/p>\n<p>[\/et_pb_text][\/et_pb_column][et_pb_column type=\u00a0\u00bb1_2&Prime; _builder_version=\u00a0\u00bb4.27.4&Prime; _module_preset=\u00a0\u00bbdefault\u00a0\u00bb global_colors_info=\u00a0\u00bb{}\u00a0\u00bb][et_pb_image src=\u00a0\u00bbhttps:\/\/super-strada.cc\/wp-content\/uploads\/2025\/07\/IMG_2856-scaled.jpg\u00a0\u00bb title_text=\u00a0\u00bbIMG_2856&Prime; _builder_version=\u00a0\u00bb4.27.4&Prime; _module_preset=\u00a0\u00bbdefault\u00a0\u00bb global_colors_info=\u00a0\u00bb{}\u00a0\u00bb][\/et_pb_image][\/et_pb_column][\/et_pb_row][\/et_pb_section][et_pb_section fb_built=\u00a0\u00bb1&Prime; fullwidth=\u00a0\u00bbon\u00a0\u00bb _builder_version=\u00a0\u00bb4.27.4&Prime; _module_preset=\u00a0\u00bbdefault\u00a0\u00bb global_colors_info=\u00a0\u00bb{}\u00a0\u00bb][\/et_pb_section][et_pb_section fb_built=\u00a0\u00bb1&Prime; _builder_version=\u00a0\u00bb4.27.4&Prime; _module_preset=\u00a0\u00bbdefault\u00a0\u00bb global_colors_info=\u00a0\u00bb{}\u00a0\u00bb][et_pb_row column_structure=\u00a0\u00bb1_2,1_2&Prime; _builder_version=\u00a0\u00bb4.27.4&Prime; _module_preset=\u00a0\u00bbdefault\u00a0\u00bb global_colors_info=\u00a0\u00bb{}\u00a0\u00bb][et_pb_column type=\u00a0\u00bb1_2&Prime; _builder_version=\u00a0\u00bb4.27.4&Prime; _module_preset=\u00a0\u00bbdefault\u00a0\u00bb global_colors_info=\u00a0\u00bb{}\u00a0\u00bb][et_pb_image src=\u00a0\u00bbhttps:\/\/super-strada.cc\/wp-content\/uploads\/2025\/07\/IMG_2922-scaled.jpg\u00a0\u00bb title_text=\u00a0\u00bbIMG_2922&Prime; _builder_version=\u00a0\u00bb4.27.4&Prime; _module_preset=\u00a0\u00bbdefault\u00a0\u00bb global_colors_info=\u00a0\u00bb{}\u00a0\u00bb][\/et_pb_image][\/et_pb_column][et_pb_column type=\u00a0\u00bb1_2&Prime; _builder_version=\u00a0\u00bb4.27.4&Prime; _module_preset=\u00a0\u00bbdefault\u00a0\u00bb global_colors_info=\u00a0\u00bb{}\u00a0\u00bb][et_pb_text _builder_version=\u00a0\u00bb4.27.4&Prime; _module_preset=\u00a0\u00bbdefault\u00a0\u00bb global_colors_info=\u00a0\u00bb{}\u00a0\u00bb]<\/p>\n<p><strong>CONCEPTION LAMBDA<\/strong><\/p>\n<p>Con\u00e7u et fabriqu\u00e9 pour \u00e9tablir de nouvelles normes en mati\u00e8re de mobilit\u00e9 \u00e9lectrique. Le v\u00e9lo \u00e9lectrique Super Strada a une conception de cadre unique qui peut supporter une charge suppl\u00e9mentaire et offrir des caract\u00e9ristiques de conduite parfaites. <\/p>\n<p>[\/et_pb_text][\/et_pb_column][\/et_pb_row][et_pb_row column_structure=\u00a0\u00bb1_2,1_2&Prime; _builder_version=\u00a0\u00bb4.27.4&Prime; _module_preset=\u00a0\u00bbdefault\u00a0\u00bb global_colors_info=\u00a0\u00bb{}\u00a0\u00bb][et_pb_column type=\u00a0\u00bb1_2&Prime; _builder_version=\u00a0\u00bb4.27.4&Prime; _module_preset=\u00a0\u00bbdefault\u00a0\u00bb global_colors_info=\u00a0\u00bb{}\u00a0\u00bb][et_pb_text _builder_version=\u00a0\u00bb4.27.4&Prime; _module_preset=\u00a0\u00bbdefault\u00a0\u00bb global_colors_info=\u00a0\u00bb{}\u00a0\u00bb]<\/p>\n<p><strong>POSTE DE PILOTAGE POLYVALENT<\/strong><\/p>\n<p>Notre \u00e9cran et notre poste de pilotage Super Strada offrent des fonctionnalit\u00e9s suppl\u00e9mentaires telles qu&rsquo;un chargeur USB, des fonctions de virage \u00e0 gauche et \u00e0 droite, des lumi\u00e8res LED extra lumineuses et un klaxon.<\/p>\n<p>Vous serez toujours au courant de la distance de la batterie, de la vitesse et du trajet.<\/p>\n<p>&nbsp;<\/p>\n<p>&nbsp;<\/p>\n<p>[\/et_pb_text][\/et_pb_column][et_pb_column type=\u00a0\u00bb1_2&Prime; _builder_version=\u00a0\u00bb4.27.4&Prime; _module_preset=\u00a0\u00bbdefault\u00a0\u00bb global_colors_info=\u00a0\u00bb{}\u00a0\u00bb][et_pb_image src=\u00a0\u00bbhttps:\/\/super-strada.cc\/wp-content\/uploads\/2025\/07\/IMG_2881-scaled.jpg\u00a0\u00bb title_text=\u00a0\u00bbIMG_2881&Prime; _builder_version=\u00a0\u00bb4.27.4&Prime; _module_preset=\u00a0\u00bbdefault\u00a0\u00bb global_colors_info=\u00a0\u00bb{}\u00a0\u00bb][\/et_pb_image][\/et_pb_column][\/et_pb_row][et_pb_row column_structure=\u00a0\u00bb1_2,1_2&Prime; _builder_version=\u00a0\u00bb4.27.4&Prime; _module_preset=\u00a0\u00bbdefault\u00a0\u00bb global_colors_info=\u00a0\u00bb{}\u00a0\u00bb][et_pb_column type=\u00a0\u00bb1_2&Prime; _builder_version=\u00a0\u00bb4.27.4&Prime; _module_preset=\u00a0\u00bbdefault\u00a0\u00bb global_colors_info=\u00a0\u00bb{}\u00a0\u00bb][et_pb_image src=\u00a0\u00bbhttps:\/\/super-strada.cc\/wp-content\/uploads\/2025\/07\/IMG_2854-scaled.jpg\u00a0\u00bb title_text=\u00a0\u00bbIMG_2854&Prime; _builder_version=\u00a0\u00bb4.27.4&Prime; _module_preset=\u00a0\u00bbdefault\u00a0\u00bb global_colors_info=\u00a0\u00bb{}\u00a0\u00bb][\/et_pb_image][\/et_pb_column][et_pb_column type=\u00a0\u00bb1_2&Prime; _builder_version=\u00a0\u00bb4.27.4&Prime; _module_preset=\u00a0\u00bbdefault\u00a0\u00bb global_colors_info=\u00a0\u00bb{}\u00a0\u00bb][et_pb_text _builder_version=\u00a0\u00bb4.27.4&Prime; _module_preset=\u00a0\u00bbdefault\u00a0\u00bb global_colors_info=\u00a0\u00bb{}\u00a0\u00bb]<\/p>\n<p><strong>EFFICACE<\/strong><\/p>\n<p>Le v\u00e9lo \u00e9lectrique Super Strada peut transporter deux personnes et, avec nos bo\u00eetes, m\u00eame un peu plus.<\/p>\n<p>[\/et_pb_text][\/et_pb_column][\/et_pb_row][et_pb_row column_structure=\u00a0\u00bb1_2,1_2&Prime; _builder_version=\u00a0\u00bb4.27.4&Prime; _module_preset=\u00a0\u00bbdefault\u00a0\u00bb global_colors_info=\u00a0\u00bb{}\u00a0\u00bb][et_pb_column type=\u00a0\u00bb1_2&Prime; _builder_version=\u00a0\u00bb4.27.4&Prime; _module_preset=\u00a0\u00bbdefault\u00a0\u00bb global_colors_info=\u00a0\u00bb{}\u00a0\u00bb][et_pb_text _builder_version=\u00a0\u00bb4.27.4&Prime; _module_preset=\u00a0\u00bbdefault\u00a0\u00bb global_colors_info=\u00a0\u00bb{}\u00a0\u00bb]<\/p>\n<p><strong>AMUSANT<\/strong><\/p>\n<p><strong>Les v\u00e9los \u00e9lectriques Super Strada peuvent supporter la charge&#8230; mais sont aussi tr\u00e8s amusants. Nos pneus de fat bike peuvent supporter aussi bien le tarmac que le gravier hors route&#8230; profitez-en.<\/strong><\/p>\n<p>[\/et_pb_text][\/et_pb_column][et_pb_column type=\u00a0\u00bb1_2&Prime; _builder_version=\u00a0\u00bb4.27.4&Prime; _module_preset=\u00a0\u00bbdefault\u00a0\u00bb global_colors_info=\u00a0\u00bb{}\u00a0\u00bb][et_pb_image src=\u00a0\u00bbhttps:\/\/super-strada.cc\/wp-content\/uploads\/2025\/08\/Super-Strada_pamphlet_draft_051500_8b7139f2-95ad-4303-830e-ce32568d69ee.webp\u00a0\u00bb title_text=\u00a0\u00bbSuper-Strada_pamphlet_draft_051500_8b7139f2-95ad-4303-830e-ce32568d69ee\u00a0\u00bb _builder_version=\u00a0\u00bb4.27.4&Prime; _module_preset=\u00a0\u00bbdefault\u00a0\u00bb global_colors_info=\u00a0\u00bb{}\u00a0\u00bb][\/et_pb_image][\/et_pb_column][\/et_pb_row][\/et_pb_section][et_pb_section fb_built=\u00a0\u00bb1&Prime; _builder_version=\u00a0\u00bb4.27.4&Prime; _module_preset=\u00a0\u00bbdefault\u00a0\u00bb background_color=\u00a0\u00bb#FFFFFF\u00a0\u00bb global_colors_info=\u00a0\u00bb{}\u00a0\u00bb][et_pb_row column_structure=\u00a0\u00bb1_2,1_2&Prime; _builder_version=\u00a0\u00bb4.27.4&Prime; _module_preset=\u00a0\u00bbdefault\u00a0\u00bb global_colors_info=\u00a0\u00bb{}\u00a0\u00bb][et_pb_column type=\u00a0\u00bb1_2&Prime; _builder_version=\u00a0\u00bb4.27.4&Prime; _module_preset=\u00a0\u00bbdefault\u00a0\u00bb global_colors_info=\u00a0\u00bb{}\u00a0\u00bb][et_pb_text _builder_version=\u00a0\u00bb4.27.4&Prime; _module_preset=\u00a0\u00bbdefault\u00a0\u00bb text_text_color=\u00a0\u00bb#000000&Prime; global_colors_info=\u00a0\u00bb{}\u00a0\u00bb]<\/p>\n<h2><strong><\/strong><\/h2>\n<h2><strong><\/strong><\/h2>\n<h2><strong>NOMAD<\/strong><\/h2>\n<p>&nbsp;<\/p>\n<p>Red\u00e9finissez votre conduite avec le Super Strada NOMAD, un v\u00e9lo \u00e9lectrique ultra-r\u00e9sistant con\u00e7u pour la performance et le confort.<\/p>\n<p>Dot\u00e9 d&rsquo;un moteur Bafang 48V 250W et d&rsquo;une batterie 20Ah SS-PRO, ce v\u00e9lo offre une puissance sans effort et une autonomie id\u00e9ale pour les trajets urbains ou les aventures hors route. \u00c9quip\u00e9 d&rsquo;une suspension haut de gamme DH, de freins \u00e0 disque hydrauliques \u00e0 4 pistons et d&rsquo;un changement de vitesse Shimano CUES \u00e0 9 vitesses, il assure une conduite souple et contr\u00f4l\u00e9e, m\u00eame sur les terrains les plus difficiles. <\/p>\n<p>[\/et_pb_text][et_pb_button button_url=\u00a0\u00bbhttps:\/\/super-strada.cc\/fr\/super-strada-nomad-2\/\u00a0\u00bb button_text=\u00a0\u00bbD\u00e9couvrez-en davantage&#8230;\u00a0\u00bb _builder_version=\u00a0\u00bb4.27.4&Prime; _module_preset=\u00a0\u00bbdefault\u00a0\u00bb global_colors_info=\u00a0\u00bb{}\u00a0\u00bb][\/et_pb_button][\/et_pb_column][et_pb_column type=\u00a0\u00bb1_2&Prime; _builder_version=\u00a0\u00bb4.27.4&Prime; _module_preset=\u00a0\u00bbdefault\u00a0\u00bb global_colors_info=\u00a0\u00bb{}\u00a0\u00bb][et_pb_image src=\u00a0\u00bbhttps:\/\/super-strada.cc\/wp-content\/uploads\/2025\/07\/STRADA-BIKE-NOMAD-ANTH01_01_5000x-1-e1755415108997.webp\u00a0\u00bb title_text=\u00a0\u00bbSTRADA-BIKE-NOMAD-ANTH01_01_5000x\u00a0\u00bb _builder_version=\u00a0\u00bb4.27.4&Prime; _module_preset=\u00a0\u00bbdefault\u00a0\u00bb global_colors_info=\u00a0\u00bb{}\u00a0\u00bb][\/et_pb_image][\/et_pb_column][\/et_pb_row][et_pb_row column_structure=\u00a0\u00bb1_2,1_2&Prime; _builder_version=\u00a0\u00bb4.27.4&Prime; _module_preset=\u00a0\u00bbdefault\u00a0\u00bb global_colors_info=\u00a0\u00bb{}\u00a0\u00bb][et_pb_column type=\u00a0\u00bb1_2&Prime; _builder_version=\u00a0\u00bb4.27.4&Prime; _module_preset=\u00a0\u00bbdefault\u00a0\u00bb global_colors_info=\u00a0\u00bb{}\u00a0\u00bb][et_pb_image src=\u00a0\u00bbhttps:\/\/super-strada.cc\/wp-content\/uploads\/2025\/07\/STRADA-BIKE-CRUZE-GRAY01_01_ea7a9423-356e-450d-9e93-f5769a5e513a_5000x.webp\u00a0\u00bb title_text=\u00a0\u00bbSTRADA-BIKE-CRUZE-GRAY01_01_ea7a9423-356e-450d-9e93-f5769a5e513a_5000x\u00a0\u00bb _builder_version=\u00a0\u00bb4.27.4&Prime; _module_preset=\u00a0\u00bbdefault\u00a0\u00bb global_colors_info=\u00a0\u00bb{}\u00a0\u00bb][\/et_pb_image][\/et_pb_column][et_pb_column type=\u00a0\u00bb1_2&Prime; _builder_version=\u00a0\u00bb4.27.4&Prime; _module_preset=\u00a0\u00bbdefault\u00a0\u00bb global_colors_info=\u00a0\u00bb{}\u00a0\u00bb][et_pb_text _builder_version=\u00a0\u00bb4.27.4&Prime; _module_preset=\u00a0\u00bbdefault\u00a0\u00bb text_text_color=\u00a0\u00bb#000000&Prime; global_colors_info=\u00a0\u00bb{}\u00a0\u00bb]<\/p>\n<h2><strong>CRUZE<\/strong><\/h2>\n<p><strong><\/strong><\/p>\n<p>Am\u00e9liorez votre exp\u00e9rience de conduite avec notre v\u00e9lo \u00e9lectrique Super Strada CRUZE, qui met l&rsquo;accent sur la puissance, la qualit\u00e9 de conduite et la fiabilit\u00e9. Ce v\u00e9lo \u00e9lectrique a \u00e9t\u00e9 con\u00e7u pour surpasser la concurrence dans ces trois aspects.<\/p>\n<p>Dot\u00e9 d&rsquo;un moteur BAFANG 48V &#8211; 250W SUPER STRADA et d&rsquo;une batterie 20Ah SS-PRO, le Cruze offre des performances extr\u00eamement puissantes et une plus grande autonomie pour les trajets parfaits en ville ou les escapades de fin de semaine. Le CRUZE est dot\u00e9 d&rsquo;une suspension avant haut de gamme avec rev\u00eatement dor\u00e9, de freins \u00e0 disque hydrauliques \u00e0 4 pistons et d&rsquo;un changement de vitesse Shimano Altus \u00e0 8 vitesses, ainsi que d&rsquo;autres caract\u00e9ristiques haut de gamme. Ce v\u00e9lo peut accueillir confortablement 2 personnes avec une grande stabilit\u00e9 horizontale pour assurer une conduite souple et fiable sur diff\u00e9rents terrains.  <\/p>\n<p>&nbsp;<\/p>\n<p><span><\/span><\/p>\n<p>[\/et_pb_text][et_pb_button button_url=\u00a0\u00bbhttps:\/\/super-strada.cc\/fr\/velo-electrique-super-strade-cruze\/\u00a0\u00bb button_text=\u00a0\u00bbD\u00e9couvrez-en davantage&#8230;\u00a0\u00bb _builder_version=\u00a0\u00bb4.27.4&Prime; _module_preset=\u00a0\u00bbdefault\u00a0\u00bb global_colors_info=\u00a0\u00bb{}\u00a0\u00bb][\/et_pb_button][\/et_pb_column][\/et_pb_row][\/et_pb_section][et_pb_section fb_built=\u00a0\u00bb1&Prime; fullwidth=\u00a0\u00bbon\u00a0\u00bb _builder_version=\u00a0\u00bb4.27.4&Prime; _module_preset=\u00a0\u00bbdefault\u00a0\u00bb background_image=\u00a0\u00bbhttps:\/\/super-strada.cc\/wp-content\/uploads\/2025\/07\/IMG_2856-scaled.jpg\u00a0\u00bb global_colors_info=\u00a0\u00bb{}\u00a0\u00bb][et_pb_fullwidth_slider _builder_version=\u00a0\u00bb4.27.4&Prime; _module_preset=\u00a0\u00bbdefault\u00a0\u00bb background_image=\u00a0\u00bbhttps:\/\/super-strada.cc\/wp-content\/uploads\/2025\/07\/Super-Strada_pamphlet_05_2000_3a2ab381-73f9-4606-90bc-10236f97921e_5000x.webp\u00a0\u00bb global_colors_info=\u00a0\u00bb{}\u00a0\u00bb][et_pb_slide heading=\u00a0\u00bbSUPER STRADA NOMAD\u00a0\u00bb _builder_version=\u00a0\u00bb4.27.4&Prime; _module_preset=\u00a0\u00bbdefault\u00a0\u00bb background_image=\u00a0\u00bbhttps:\/\/super-strada.cc\/wp-content\/uploads\/2025\/07\/241114_nomad-2-scaled.jpg\u00a0\u00bb background_enable_image=\u00a0\u00bbon\u00a0\u00bb global_colors_info=\u00a0\u00bb{}\u00a0\u00bb sticky_transition=\u00a0\u00bbon\u00a0\u00bb][\/et_pb_slide][\/et_pb_fullwidth_slider][\/et_pb_section][et_pb_section fb_built=\u00a0\u00bb1&Prime; _builder_version=\u00a0\u00bb4.27.4&Prime; _module_preset=\u00a0\u00bbdefault\u00a0\u00bb custom_padding=\u00a0\u00bb54px|||||\u00a0\u00bb global_colors_info=\u00a0\u00bb{}\u00a0\u00bb][et_pb_row column_structure=\u00a0\u00bb1_2,1_2&Prime; _builder_version=\u00a0\u00bb4.27.4&Prime; _module_preset=\u00a0\u00bbdefault\u00a0\u00bb global_colors_info=\u00a0\u00bb{}\u00a0\u00bb][et_pb_column type=\u00a0\u00bb1_2&Prime; _builder_version=\u00a0\u00bb4.27.4&Prime; _module_preset=\u00a0\u00bbdefault\u00a0\u00bb global_colors_info=\u00a0\u00bb{}\u00a0\u00bb][et_pb_image src=\u00a0\u00bbhttps:\/\/super-strada.cc\/wp-content\/uploads\/2025\/07\/STRADA-BIKE-RAGE-NEON01_01_5000x.webp\u00a0\u00bb title_text=\u00a0\u00bbSTRADA-BIKE-RAGE-NEON01_01_5000x\u00a0\u00bb _builder_version=\u00a0\u00bb4.27.4&Prime; _module_preset=\u00a0\u00bbdefault\u00a0\u00bb global_colors_info=\u00a0\u00bb{}\u00a0\u00bb][\/et_pb_image][\/et_pb_column][et_pb_column type=\u00a0\u00bb1_2&Prime; _builder_version=\u00a0\u00bb4.27.4&Prime; _module_preset=\u00a0\u00bbdefault\u00a0\u00bb global_colors_info=\u00a0\u00bb{}\u00a0\u00bb][et_pb_text _builder_version=\u00a0\u00bb4.27.4&Prime; _module_preset=\u00a0\u00bbdefault\u00a0\u00bb text_text_color=\u00a0\u00bb#000000&Prime; global_colors_info=\u00a0\u00bb{}\u00a0\u00bb]<\/p>\n<h2><strong>RAGE<\/strong><\/h2>\n<p>&nbsp;<\/p>\n<p><span><\/span><\/p>\n<p>Lib\u00e9rez votre conduite avec le Super Strada RAGE, un v\u00e9lo \u00e9lectrique con\u00e7u pour la puissance et la performance robuste.<\/p>\n<p>\u00c9quip\u00e9 d&rsquo;un moteur 48V 250W et d&rsquo;une batterie 10,5Ah PRO, le Rage offre une acc\u00e9l\u00e9ration impressionnante et une vitesse de pointe de 45 km\/h. La suspension avant haute performance et les freins hydrauliques \u00e0 4 pistons assurent une conduite souple et contr\u00f4l\u00e9e, tandis que la transmission \u00e0 une seule vitesse simplifie le changement de vitesse. <\/p>\n<p>[\/et_pb_text][et_pb_button button_url=\u00a0\u00bbhttps:\/\/super-strada.cc\/fr\/rage\/\u00a0\u00bb button_text=\u00a0\u00bbD\u00e9couvrez-en davantage&#8230;\u00a0\u00bb _builder_version=\u00a0\u00bb4.27.4&Prime; _module_preset=\u00a0\u00bbdefault\u00a0\u00bb global_colors_info=\u00a0\u00bb{}\u00a0\u00bb][\/et_pb_button][\/et_pb_column][\/et_pb_row][\/et_pb_section][et_pb_section fb_built=\u00a0\u00bb1&Prime; fullwidth=\u00a0\u00bbon\u00a0\u00bb _builder_version=\u00a0\u00bb4.27.4&Prime; _module_preset=\u00a0\u00bbdefault\u00a0\u00bb background_image=\u00a0\u00bbhttps:\/\/super-strada.cc\/wp-content\/uploads\/2025\/07\/IMG_2856-scaled.jpg\u00a0\u00bb global_colors_info=\u00a0\u00bb{}\u00a0\u00bb][et_pb_fullwidth_slider _builder_version=\u00a0\u00bb4.27.4&Prime; _module_preset=\u00a0\u00bbdefault\u00a0\u00bb global_colors_info=\u00a0\u00bb{}\u00a0\u00bb][et_pb_slide heading=\u00a0\u00bbVotre prochain v\u00e9lo \u00e9lectrique\u00a0\u00bb button_text=\u00a0\u00bbKlicks\u00a0\u00bb _builder_version=\u00a0\u00bb4.27.4&Prime; _module_preset=\u00a0\u00bbdefault\u00a0\u00bb background_image=\u00a0\u00bbhttps:\/\/super-strada.cc\/wp-content\/uploads\/2025\/07\/IMG_2856-scaled.jpg\u00a0\u00bb background_enable_image=\u00a0\u00bbon\u00a0\u00bb global_colors_info=\u00a0\u00bb{}\u00a0\u00bb sticky_transition=\u00a0\u00bbon\u00a0\u00bb]<\/p>\n<p>Vous pouvez consulter ici les options de location et de financement que nous proposons<\/p>\n<p>[\/et_pb_slide][et_pb_slide heading=\u00a0\u00bbLocation de v\u00e9los\u00a0\u00bb button_text=\u00a0\u00bbKlicks\u00a0\u00bb _builder_version=\u00a0\u00bb4.27.4&Prime; _module_preset=\u00a0\u00bbdefault\u00a0\u00bb background_image=\u00a0\u00bbhttps:\/\/super-strada.cc\/wp-content\/uploads\/2025\/07\/IMG_2851-scaled.jpg\u00a0\u00bb background_enable_image=\u00a0\u00bbon\u00a0\u00bb global_colors_info=\u00a0\u00bb{}\u00a0\u00bb sticky_transition=\u00a0\u00bbon\u00a0\u00bb][\/et_pb_slide][\/et_pb_fullwidth_slider][\/et_pb_section]<\/p>\n","protected":false},"excerpt":{"rendered":"<p>D\u00e9couvrez le v\u00e9lo \u00e9lectrique qui vous convient. Super Strada est une jeune entreprise de mobilit\u00e9 \u00e9lectrique, con\u00e7ue et design\u00e9e \u00e0 Hambourg, en Allemagne. Notre objectif est d&rsquo;offrir une alternative durable aux formes de transport actuelles en milieu urbain. Comment y parvenons-nous ? Nous devions cr\u00e9er un produit polyvalent, abordable, durable, efficace et facile \u00e0 conduire. [&hellip;]<\/p>\n","protected":false},"author":1,"featured_media":0,"parent":0,"menu_order":0,"comment_status":"closed","ping_status":"closed","template":"","meta":{"_et_pb_use_builder":"on","_et_pb_old_content":"","_et_gb_content_width":"","footnotes":""},"class_list":["post-1120","page","type-page","status-publish","hentry"],"aioseo_notices":[],"jetpack_sharing_enabled":true,"_links":{"self":[{"href":"https:\/\/super-strada.cc\/fr\/wp-json\/wp\/v2\/pages\/1120","targetHints":{"allow":["GET"]}}],"collection":[{"href":"https:\/\/super-strada.cc\/fr\/wp-json\/wp\/v2\/pages"}],"about":[{"href":"https:\/\/super-strada.cc\/fr\/wp-json\/wp\/v2\/types\/page"}],"author":[{"embeddable":true,"href":"https:\/\/super-strada.cc\/fr\/wp-json\/wp\/v2\/users\/1"}],"replies":[{"embeddable":true,"href":"https:\/\/super-strada.cc\/fr\/wp-json\/wp\/v2\/comments?post=1120"}],"version-history":[{"count":4,"href":"https:\/\/super-strada.cc\/fr\/wp-json\/wp\/v2\/pages\/1120\/revisions"}],"predecessor-version":[{"id":1225,"href":"https:\/\/super-strada.cc\/fr\/wp-json\/wp\/v2\/pages\/1120\/revisions\/1225"}],"wp:attachment":[{"href":"https:\/\/super-strada.cc\/fr\/wp-json\/wp\/v2\/media?parent=1120"}],"curies":[{"name":"wp","href":"https:\/\/api.w.org\/{rel}","templated":true}]}}