{"id":1107,"date":"2025-11-24T14:12:14","date_gmt":"2025-11-24T14:12:14","guid":{"rendered":"https:\/\/super-strada.cc\/actualites\/"},"modified":"2025-12-27T12:39:03","modified_gmt":"2025-12-27T12:39:03","slug":"actualites","status":"publish","type":"page","link":"https:\/\/super-strada.cc\/fr\/actualites\/","title":{"rendered":"ACTUALIT\u00c9S"},"content":{"rendered":"<p>[et_pb_section fb_built=\u00a0\u00bb1&Prime; _builder_version=\u00a0\u00bb4.27.5&Prime; _module_preset=\u00a0\u00bbdefault\u00a0\u00bb global_colors_info=\u00a0\u00bb{}\u00a0\u00bb][et_pb_row _builder_version=\u00a0\u00bb4.27.5&Prime; _module_preset=\u00a0\u00bbdefault\u00a0\u00bb global_colors_info=\u00a0\u00bb{}\u00a0\u00bb][et_pb_column type=\u00a0\u00bb4_4&Prime; _builder_version=\u00a0\u00bb4.27.5&Prime; _module_preset=\u00a0\u00bbdefault\u00a0\u00bb global_colors_info=\u00a0\u00bb{}\u00a0\u00bb][et_pb_image src=\u00a0\u00bbhttps:\/\/super-strada.cc\/wp-content\/uploads\/2025\/12\/26GPA-Finalist-for-light-background-scaled.png\u00a0\u00bb title_text=\u00a0\u00bb26GPA-Finaliste-pour-fond-clair\u00a0\u00bb _builder_version=\u00a0\u00bb4.27.5&Prime; _module_preset=\u00a0\u00bbdefault\u00a0\u00bb global_colors_info=\u00a0\u00bb{}\u00a0\u00bb][\/et_pb_image][\/et_pb_column][\/et_pb_row][\/et_pb_section][et_pb_section fb_built=\u00a0\u00bb1&Prime; fullwidth=\u00a0\u00bbon\u00a0\u00bb theme_builder_area=\u00a0\u00bbpost_content\u00a0\u00bb _builder_version=\u00a0\u00bb4.27.5&Prime; _module_preset=\u00a0\u00bbdefault\u00a0\u00bb][et_pb_fullwidth_slider _builder_version=\u00a0\u00bb4.27.5&Prime; _module_preset=\u00a0\u00bbdefault\u00a0\u00bb theme_builder_area=\u00a0\u00bbpost_content\u00a0\u00bb hover_enabled=\u00a0\u00bb0&Prime; sticky_enabled=\u00a0\u00bb0&Prime;][et_pb_slide heading=\u00a0\u00bbNous sommes arriv\u00e9s en finale&#8230; \u00a0\u00bb button_text=\u00a0\u00bbVeuillez VOTER&nbsp;!!\u00a0\u00bb _builder_version=\u00a0\u00bb4.27.5&Prime; _module_preset=\u00a0\u00bbdefault\u00a0\u00bb theme_builder_area=\u00a0\u00bbpost_content\u00a0\u00bb title_text=\u00a0\u00bbwolt 2&Prime; background_image=\u00a0\u00bbhttps:\/\/super-strada.cc\/wp-content\/uploads\/2025\/11\/wolt-2-scaled.jpeg\u00a0\u00bb background_enable_image=\u00a0\u00bbon\u00a0\u00bb hover_enabled=\u00a0\u00bb0&Prime; sticky_enabled=\u00a0\u00bb0&Prime; button_link=\u00a0\u00bbhttps:\/\/www.gp-award.com\/en\/products\/super-strada\u00a0\u00bb]<\/p>\n<h3>Notre concept de livraison Super Strada a \u00e9t\u00e9 s\u00e9lectionn\u00e9 comme finaliste du Berlin Green Design Award. Alors, cliquez sur le lien et votez&nbsp;!! Merci  <\/h3>\n<p>[\/et_pb_slide][\/et_pb_fullwidth_slider][\/et_pb_section][et_pb_section fb_built=\u00a0\u00bb1&Prime; admin_label=\u00a0\u00bbsection\u00a0\u00bb _builder_version=\u00a0\u00bb4.16&Prime; global_colors_info=\u00a0\u00bb{}\u00a0\u00bb][et_pb_row admin_label=\u00a0\u00bbrang\u00e9e\u00a0\u00bb _builder_version=\u00a0\u00bb4.16&Prime; background_size=\u00a0\u00bbinitial\u00a0\u00bb background_position=\u00a0\u00bbtop_left\u00a0\u00bb background_repeat=\u00a0\u00bbrepeat\u00a0\u00bb global_colors_info=\u00a0\u00bb{}\u00a0\u00bb][et_pb_column type=\u00a0\u00bb4_4&Prime; _builder_version=\u00a0\u00bb4.16&Prime; custom_padding=\u00a0\u00bb|||\u00a0\u00bb global_colors_info=\u00a0\u00bb{}\u00a0\u00bb custom_padding__hover=\u00a0\u00bb|||\u00a0\u00bb][et_pb_text admin_label=\u00a0\u00bbText\u00a0\u00bb _builder_version=\u00a0\u00bb4.16&Prime; background_size=\u00a0\u00bbinitial\u00a0\u00bb background_position=\u00a0\u00bbtop_left\u00a0\u00bb background_repeat=\u00a0\u00bbrepeat\u00a0\u00bb global_colors_info=\u00a0\u00bb{}\u00a0\u00bb]<\/p>\n<p>Nomination au Green Award<\/p>\n<p>BUZZED<\/p>\n<p>get \u00ab&nbsp;Buzz&nbsp;\u00bbed est un projet soutenu par Super Strada. Il s\u2019agit d\u2019une application qui offre un transport urbain s\u00fbr et fiable. Notre objectif est d\u2019effectuer 600 \u00e0 1&nbsp;000&nbsp;livraisons par jour d\u2019ici mi-2026. Nos v\u00e9los \u00e9lectriques peuvent supporter plus de poids, ils sont plus rapides et offrent une meilleure s\u00e9curit\u00e9 aux conducteurs. En livrant environ 750&nbsp;commandes par jour sur un v\u00e9lo \u00e9lectrique, nous pouvons r\u00e9duire consid\u00e9rablement les embouteillages et la pollution du centre-ville. Notre application Buzzed offre aux commer\u00e7ants la possibilit\u00e9 de calculer le temps d\u2019attente de nos conducteurs, ce qui permet \u00e0 ces derniers d\u2019\u00eatre plus efficaces. Nous disposons \u00e9galement d\u2019une fonction simple de \u00ab&nbsp;cliquer et collecter&nbsp;\u00bb, permettant une collecte aupr\u00e8s de commer\u00e7ants qui ne sont pas inscrits sur \u00ab&nbsp;Buzzed&nbsp;\u00bb, ce qui signifie que nous pouvons proposer presque tous les produits \u00e0 nos services      <\/p>\n<p>Buzzed vise \u00e0 \u00eatre juste envers les conducteurs et les commer\u00e7ants et \u00e0 montrer que la mobilit\u00e9 \u00e9lectrique est une solution pour l\u2019avenir<\/p>\n<\/p>\n<p>Super Strada est une start-up de mobilit\u00e9 \u00e9lectrique, con\u00e7ue et fabriqu\u00e9e \u00e0 Hambourg, en Allemagne. Notre objectif est d\u2019offrir une alternative durable aux formes de transport actuelles dans un environnement urbain. Comment faisons-nous cela&nbsp;? Nous devions cr\u00e9er un produit polyvalent, abordable, durable, efficace et facile \u00e0 conduire. Nos v\u00e9los \u00e9lectriques peuvent \u00eatre utilis\u00e9s \u00e0 des fins r\u00e9cr\u00e9atives, de d\u00e9placement et industrielles. Notre cadre est con\u00e7u pour supporter un poids suppl\u00e9mentaire, nos bo\u00eetes modulaires peuvent supporter un volume suppl\u00e9mentaire de 60&nbsp;L. Nos v\u00e9los commencent \u00e0 2&nbsp;490&nbsp;EUR et peuvent accueillir deux passagers, tout en assurant la s\u00e9curit\u00e9.      <\/p>\n<figure class=\"wp-block-image\"><img alt=\"\"><\/figure>\n<p>[\/et_pb_text][\/et_pb_column][\/et_pb_row][\/et_pb_section]<\/p>\n","protected":false},"excerpt":{"rendered":"<p>Notre concept de livraison Super Strada a \u00e9t\u00e9 s\u00e9lectionn\u00e9 comme finaliste du Berlin Green Design Award. Alors, cliquez sur le lien et votez&nbsp;!! Merci Nomination au Green Award BUZZED get \u00ab&nbsp;Buzz&nbsp;\u00bbed est un projet soutenu par Super Strada. Il s\u2019agit d\u2019une application qui offre un transport urbain s\u00fbr et fiable. Notre objectif est d\u2019effectuer 600 [&hellip;]<\/p>\n","protected":false},"author":1,"featured_media":0,"parent":0,"menu_order":0,"comment_status":"closed","ping_status":"closed","template":"","meta":{"_et_pb_use_builder":"on","_et_pb_old_content":"","_et_gb_content_width":"","footnotes":""},"class_list":["post-1107","page","type-page","status-publish","hentry"],"aioseo_notices":[],"jetpack_sharing_enabled":true,"_links":{"self":[{"href":"https:\/\/super-strada.cc\/fr\/wp-json\/wp\/v2\/pages\/1107","targetHints":{"allow":["GET"]}}],"collection":[{"href":"https:\/\/super-strada.cc\/fr\/wp-json\/wp\/v2\/pages"}],"about":[{"href":"https:\/\/super-strada.cc\/fr\/wp-json\/wp\/v2\/types\/page"}],"author":[{"embeddable":true,"href":"https:\/\/super-strada.cc\/fr\/wp-json\/wp\/v2\/users\/1"}],"replies":[{"embeddable":true,"href":"https:\/\/super-strada.cc\/fr\/wp-json\/wp\/v2\/comments?post=1107"}],"version-history":[{"count":5,"href":"https:\/\/super-strada.cc\/fr\/wp-json\/wp\/v2\/pages\/1107\/revisions"}],"predecessor-version":[{"id":1126,"href":"https:\/\/super-strada.cc\/fr\/wp-json\/wp\/v2\/pages\/1107\/revisions\/1126"}],"wp:attachment":[{"href":"https:\/\/super-strada.cc\/fr\/wp-json\/wp\/v2\/media?parent=1107"}],"curies":[{"name":"wp","href":"https:\/\/api.w.org\/{rel}","templated":true}]}}