{"id":1097,"date":"2025-07-28T21:14:37","date_gmt":"2025-07-28T21:14:37","guid":{"rendered":"https:\/\/super-strada.cc\/rage\/"},"modified":"2025-12-27T12:38:51","modified_gmt":"2025-12-27T12:38:51","slug":"rage","status":"publish","type":"page","link":"https:\/\/super-strada.cc\/fr\/rage\/","title":{"rendered":"Rage"},"content":{"rendered":"<p>[et_pb_section fb_built=\u00a0\u00bb1&Prime; fullwidth=\u00a0\u00bbon\u00a0\u00bb _builder_version=\u00a0\u00bb4.27.4&Prime; _module_preset=\u00a0\u00bbdefault\u00a0\u00bb global_colors_info=\u00a0\u00bb{}\u00a0\u00bb][et_pb_fullwidth_slider use_bg_overlay=\u00a0\u00bboff\u00a0\u00bb _builder_version=\u00a0\u00bb4.27.4&Prime; _module_preset=\u00a0\u00bbdefault\u00a0\u00bb background_enable_image=\u00a0\u00bboff\u00a0\u00bb min_height=\u00a0\u00bb533.5px\u00a0\u00bb custom_padding=\u00a0\u00bb167px|||||\u00a0\u00bb auto=\u00a0\u00bbon\u00a0\u00bb auto_speed=\u00a0\u00bb5000&Prime; hover_enabled=\u00a0\u00bb0&Prime; global_colors_info=\u00a0\u00bb{}\u00a0\u00bb sticky_enabled=\u00a0\u00bb0&Prime;][et_pb_slide heading=\u00a0\u00bbSuper Strada RAGE\u00a0\u00bb button_text=\u00a0\u00bbAchetez en ligne&#8230;\u00a0\u00bb _builder_version=\u00a0\u00bb4.27.4&Prime; _module_preset=\u00a0\u00bbdefault\u00a0\u00bb background_image=\u00a0\u00bbhttps:\/\/super-strada.cc\/wp-content\/uploads\/2025\/07\/IMG_2851-scaled.jpg\u00a0\u00bb background_enable_image=\u00a0\u00bbon\u00a0\u00bb parallax=\u00a0\u00bbon\u00a0\u00bb hover_enabled=\u00a0\u00bb0&Prime; global_colors_info=\u00a0\u00bb{}\u00a0\u00bb sticky_transition=\u00a0\u00bbon\u00a0\u00bb sticky_enabled=\u00a0\u00bb0&Prime;]<\/p>\n<p>Votre contenu se trouve ici. Modifiez ou supprimez ce texte en ligne ou dans les param\u00e8tres de contenu du module. Vous pouvez \u00e9galement personnaliser chaque aspect de ce contenu dans les param\u00e8tres de conception du module et m\u00eame appliquer un CSS personnalis\u00e9 \u00e0 ce texte dans les param\u00e8tres avanc\u00e9s.  <\/p>\n<p>[\/et_pb_slide][\/et_pb_fullwidth_slider][\/et_pb_section][et_pb_section fb_built=\u00a0\u00bb1&Prime; _builder_version=\u00a0\u00bb4.27.4&Prime; _module_preset=\u00a0\u00bbdefault\u00a0\u00bb custom_padding=\u00a0\u00bb||51px|||\u00a0\u00bb global_colors_info=\u00a0\u00bb{}\u00a0\u00bb][et_pb_row _builder_version=\u00a0\u00bb4.27.4&Prime; _module_preset=\u00a0\u00bbdefault\u00a0\u00bb global_colors_info=\u00a0\u00bb{}\u00a0\u00bb][et_pb_column type=\u00a0\u00bb4_4&Prime; _builder_version=\u00a0\u00bb4.27.4&Prime; _module_preset=\u00a0\u00bbdefault\u00a0\u00bb global_colors_info=\u00a0\u00bb{}\u00a0\u00bb][et_pb_text _builder_version=\u00a0\u00bb4.27.4&Prime; _module_preset=\u00a0\u00bbdefault\u00a0\u00bb custom_margin=\u00a0\u00bb||2px|||\u00a0\u00bb global_colors_info=\u00a0\u00bb{}\u00a0\u00bb]<\/p>\n<h1><strong>Rage<\/strong><\/h1>\n<p>[\/et_pb_text][et_pb_image src=\u00a0\u00bbhttps:\/\/super-strada.cc\/wp-content\/uploads\/2025\/07\/STRADA-BIKE-RAGE-NEON01_01_5000x.webp\u00a0\u00bb title_text=\u00a0\u00bbSTRADA-BIKE-RAGE-NEON01_01_5000x\u00a0\u00bb _builder_version=\u00a0\u00bb4.27.4&Prime; _module_preset=\u00a0\u00bbdefault\u00a0\u00bb global_colors_info=\u00a0\u00bb{}\u00a0\u00bb][\/et_pb_image][\/et_pb_column][\/et_pb_row][et_pb_row column_structure=\u00a0\u00bb1_5,1_5,1_5,1_5,1_5&Prime; _builder_version=\u00a0\u00bb4.27.4&Prime; _module_preset=\u00a0\u00bbdefault\u00a0\u00bb global_colors_info=\u00a0\u00bb{}\u00a0\u00bb][et_pb_column type=\u00a0\u00bb1_5&Prime; _builder_version=\u00a0\u00bb4.27.4&Prime; _module_preset=\u00a0\u00bbdefault\u00a0\u00bb global_colors_info=\u00a0\u00bb{}\u00a0\u00bb][et_pb_text _builder_version=\u00a0\u00bb4.27.4&Prime; _module_preset=\u00a0\u00bbdefault\u00a0\u00bb hover_enabled=\u00a0\u00bb0&Prime; global_colors_info=\u00a0\u00bb{}\u00a0\u00bb sticky_enabled=\u00a0\u00bb0&Prime;]<\/p>\n<h5><strong>Vitesse maximale<\/strong><\/h5>\n<p>25 KM\/H<\/p>\n<p>[\/et_pb_text][\/et_pb_column][et_pb_column type=\u00a0\u00bb1_5&Prime; _builder_version=\u00a0\u00bb4.27.4&Prime; _module_preset=\u00a0\u00bbdefault\u00a0\u00bb global_colors_info=\u00a0\u00bb{}\u00a0\u00bb][et_pb_text _builder_version=\u00a0\u00bb4.27.4&Prime; _module_preset=\u00a0\u00bbdefault\u00a0\u00bb hover_enabled=\u00a0\u00bb0&Prime; global_colors_info=\u00a0\u00bb{}\u00a0\u00bb sticky_enabled=\u00a0\u00bb0&Prime;]<\/p>\n<h5><strong>Autonomie<\/strong><\/h5>\n<p>100 KM<\/p>\n<p>[\/et_pb_text][\/et_pb_column][et_pb_column type=\u00a0\u00bb1_5&Prime; _builder_version=\u00a0\u00bb4.27.4&Prime; _module_preset=\u00a0\u00bbdefault\u00a0\u00bb global_colors_info=\u00a0\u00bb{}\u00a0\u00bb][et_pb_text _builder_version=\u00a0\u00bb4.27.4&Prime; _module_preset=\u00a0\u00bbdefault\u00a0\u00bb global_colors_info=\u00a0\u00bb{}\u00a0\u00bb]<\/p>\n<h5><strong>Permis<\/strong><\/h5>\n<p>Aucun<\/p>\n<p>[\/et_pb_text][\/et_pb_column][et_pb_column type=\u00a0\u00bb1_5&Prime; _builder_version=\u00a0\u00bb4.27.4&Prime; _module_preset=\u00a0\u00bbdefault\u00a0\u00bb global_colors_info=\u00a0\u00bb{}\u00a0\u00bb][et_pb_text _builder_version=\u00a0\u00bb4.27.4&Prime; _module_preset=\u00a0\u00bbdefault\u00a0\u00bb hover_enabled=\u00a0\u00bb0&Prime; global_colors_info=\u00a0\u00bb{}\u00a0\u00bb sticky_enabled=\u00a0\u00bb0&Prime;]<\/p>\n<h5><strong>Moteur<\/strong><\/h5>\n<p>250 Watt<\/p>\n<p>[\/et_pb_text][\/et_pb_column][et_pb_column type=\u00a0\u00bb1_5&Prime; _builder_version=\u00a0\u00bb4.27.4&Prime; _module_preset=\u00a0\u00bbdefault\u00a0\u00bb global_colors_info=\u00a0\u00bb{}\u00a0\u00bb][et_pb_text _builder_version=\u00a0\u00bb4.27.4&Prime; _module_preset=\u00a0\u00bbdefault\u00a0\u00bb hover_enabled=\u00a0\u00bb0&Prime; global_colors_info=\u00a0\u00bb{}\u00a0\u00bb sticky_enabled=\u00a0\u00bb0&Prime;]<\/p>\n<h5><strong>Batterie<\/strong><\/h5>\n<p>10<\/p>\n<p>[\/et_pb_text][\/et_pb_column][\/et_pb_row][\/et_pb_section][et_pb_section fb_built=\u00a0\u00bb1&Prime; _builder_version=\u00a0\u00bb4.27.4&Prime; _module_preset=\u00a0\u00bbdefault\u00a0\u00bb background_color=\u00a0\u00bbgcid-03aa9f7e-775e-4bec-ad2a-7872e18867e6&Prime; global_colors_info=\u00a0\u00bb{%22gcid-03aa9f7e-775e-4bec-ad2a-7872e18867e6%22:%91%22background_color%22%93}\u00a0\u00bb][et_pb_row column_structure=\u00a0\u00bb1_2,1_2&Prime; _builder_version=\u00a0\u00bb4.27.4&Prime; _module_preset=\u00a0\u00bbdefault\u00a0\u00bb global_colors_info=\u00a0\u00bb{}\u00a0\u00bb][et_pb_column type=\u00a0\u00bb1_2&Prime; _builder_version=\u00a0\u00bb4.27.4&Prime; _module_preset=\u00a0\u00bbdefault\u00a0\u00bb global_colors_info=\u00a0\u00bb{}\u00a0\u00bb][et_pb_text _builder_version=\u00a0\u00bb4.27.4&Prime; _module_preset=\u00a0\u00bbdefault\u00a0\u00bb text_text_color=\u00a0\u00bb#000000&Prime; custom_padding=\u00a0\u00bb||3px|||\u00a0\u00bb hover_enabled=\u00a0\u00bb0&Prime; global_colors_info=\u00a0\u00bb{}\u00a0\u00bb sticky_enabled=\u00a0\u00bb0&Prime;]<\/p>\n<h2><strong>Rage<\/strong><\/h2>\n<p><strong><\/strong><\/p>\n<p data-end=\"176\" data-start=\"0\"><strong data-end=\"20\" data-start=\"0\">PUISSANCE ET VITESSE.<\/strong><\/p>\n<p data-end=\"176\" data-start=\"0\">Le moteur 48 V 250 W et la batterie PRO 10,5 Ah offrent une acc\u00e9l\u00e9ration impressionnante et une vitesse de pointe de 45 km\/h, garantissant une conduite palpitante avec des performances fiables.<\/p>\n<p data-end=\"382\" data-start=\"178\"><strong data-end=\"204\" data-start=\"178\">CONTR\u00d4LE ET STABILIT\u00c9.<\/strong><\/p>\n<p data-end=\"382\" data-start=\"178\">La suspension avant haute performance et les freins hydrauliques \u00e0 4 pistons offrent une maniabilit\u00e9 fluide et une puissance de freinage pr\u00e9cise, tandis que la transmission \u00e0 une seule vitesse simplifie les changements de vitesse.<\/p>\n<p data-is-only-node=\"\" data-is-last-node=\"\" data-end=\"1081\" data-start=\"940\"><strong><\/strong><\/p>\n<p>&nbsp;<\/p>\n<p>[\/et_pb_text][\/et_pb_column][et_pb_column type=\u00a0\u00bb1_2&Prime; _builder_version=\u00a0\u00bb4.27.4&Prime; _module_preset=\u00a0\u00bbdefault\u00a0\u00bb global_colors_info=\u00a0\u00bb{}\u00a0\u00bb][et_pb_image src=\u00a0\u00bbhttps:\/\/super-strada.cc\/wp-content\/uploads\/2025\/08\/IMG_7048.jpeg\u00a0\u00bb title_text=\u00a0\u00bbIMG_7048&Prime; _builder_version=\u00a0\u00bb4.27.4&Prime; _module_preset=\u00a0\u00bbdefault\u00a0\u00bb global_colors_info=\u00a0\u00bb{}\u00a0\u00bb][\/et_pb_image][\/et_pb_column][\/et_pb_row][et_pb_row column_structure=\u00a0\u00bb1_2,1_2&Prime; _builder_version=\u00a0\u00bb4.27.4&Prime; _module_preset=\u00a0\u00bbdefault\u00a0\u00bb global_colors_info=\u00a0\u00bb{}\u00a0\u00bb][et_pb_column type=\u00a0\u00bb1_2&Prime; _builder_version=\u00a0\u00bb4.27.4&Prime; _module_preset=\u00a0\u00bbdefault\u00a0\u00bb global_colors_info=\u00a0\u00bb{}\u00a0\u00bb][et_pb_image src=\u00a0\u00bbhttps:\/\/super-strada.cc\/wp-content\/uploads\/2025\/07\/STRADA-BIKE-RAGE-BLCK01_02_5000x.webp\u00a0\u00bb title_text=\u00a0\u00bbSTRADA-BIKE-RAGE-BLCK01_02_5000x\u00a0\u00bb _builder_version=\u00a0\u00bb4.27.4&Prime; _module_preset=\u00a0\u00bbdefault\u00a0\u00bb global_colors_info=\u00a0\u00bb{}\u00a0\u00bb][\/et_pb_image][\/et_pb_column][et_pb_column type=\u00a0\u00bb1_2&Prime; _builder_version=\u00a0\u00bb4.27.4&Prime; _module_preset=\u00a0\u00bbdefault\u00a0\u00bb global_colors_info=\u00a0\u00bb{}\u00a0\u00bb][et_pb_text _builder_version=\u00a0\u00bb4.27.4&Prime; _module_preset=\u00a0\u00bbdefault\u00a0\u00bb text_text_color=\u00a0\u00bb#000000&Prime; global_colors_info=\u00a0\u00bb{}\u00a0\u00bb]<\/p>\n<h2><\/h2>\n<p>&nbsp;<\/p>\n<p>&nbsp;<\/p>\n<p data-end=\"559\" data-start=\"384\"><strong data-end=\"410\" data-start=\"384\">FORCE ET CAPACIT\u00c9.<\/strong><\/p>\n<p data-end=\"559\" data-start=\"384\">Fabriqu\u00e9 avec un cadre en aluminium 6061 ultra-l\u00e9ger, le Rage est con\u00e7u pour deux passagers et supporte jusqu&rsquo;\u00e0 295 kg, ce qui le rend \u00e0 la fois durable et spacieux.<\/p>\n<p data-end=\"761\" data-start=\"561\"><strong data-end=\"591\" data-start=\"561\">VISIBILIT\u00c9 ET TECHNOLOGIE.<\/strong><\/p>\n<p data-end=\"761\" data-start=\"561\">L&rsquo;\u00e9cran couleur LCD extra-large Super Strada offre un acc\u00e8s facile aux donn\u00e9es de conduite, tandis que les feux LED int\u00e9gr\u00e9s avec clignotants am\u00e9liorent la s\u00e9curit\u00e9 et la visibilit\u00e9 sur la route.<\/p>\n<p data-is-only-node=\"\" data-is-last-node=\"\" data-end=\"1081\" data-start=\"940\"><strong data-end=\"963\" data-start=\"940\">EXTRAS ET CONFORT.<\/strong><\/p>\n<p data-is-only-node=\"\" data-is-last-node=\"\" data-end=\"1081\" data-start=\"940\">Un porte-bagages arri\u00e8re robuste, des repose-pieds et une selle allong\u00e9e de style moto ajoutent commodit\u00e9 et confort \u00e0 chaque trajet.<\/p>\n<p>[\/et_pb_text][\/et_pb_column][\/et_pb_row][\/et_pb_section][et_pb_section fb_built=\u00a0\u00bb1&Prime; _builder_version=\u00a0\u00bb4.27.4&Prime; _module_preset=\u00a0\u00bbdefault\u00a0\u00bb global_colors_info=\u00a0\u00bb{}\u00a0\u00bb][et_pb_row _builder_version=\u00a0\u00bb4.27.4&Prime; _module_preset=\u00a0\u00bbdefault\u00a0\u00bb global_colors_info=\u00a0\u00bb{}\u00a0\u00bb][et_pb_column type=\u00a0\u00bb4_4&Prime; _builder_version=\u00a0\u00bb4.27.4&Prime; _module_preset=\u00a0\u00bbdefault\u00a0\u00bb global_colors_info=\u00a0\u00bb{}\u00a0\u00bb][et_pb_image src=\u00a0\u00bbhttps:\/\/super-strada.cc\/wp-content\/uploads\/2025\/07\/Super-Strada_pamphlet_draft_06_20250125.jpg\u00a0\u00bb title_text=\u00a0\u00bbSuper-Strada_pamphlet_draft_06_20250125&Prime; _builder_version=\u00a0\u00bb4.27.4&Prime; _module_preset=\u00a0\u00bbdefault\u00a0\u00bb global_colors_info=\u00a0\u00bb{}\u00a0\u00bb][\/et_pb_image][\/et_pb_column][\/et_pb_row][\/et_pb_section][et_pb_section fb_built=\u00a0\u00bb1&Prime; _builder_version=\u00a0\u00bb4.27.4&Prime; _module_preset=\u00a0\u00bbdefault\u00a0\u00bb global_colors_info=\u00a0\u00bb{}\u00a0\u00bb][et_pb_row column_structure=\u00a0\u00bb1_3,1_3,1_3&Prime; _builder_version=\u00a0\u00bb4.27.4&Prime; _module_preset=\u00a0\u00bbdefault\u00a0\u00bb global_colors_info=\u00a0\u00bb{}\u00a0\u00bb][et_pb_column type=\u00a0\u00bb1_3&Prime; _builder_version=\u00a0\u00bb4.27.4&Prime; _module_preset=\u00a0\u00bbdefault\u00a0\u00bb global_colors_info=\u00a0\u00bb{}\u00a0\u00bb][et_pb_image src=\u00a0\u00bbhttps:\/\/super-strada.cc\/wp-content\/uploads\/2025\/07\/STRADA-BIKE-RAGE-NEON01_03_5000x.webp\u00a0\u00bb title_text=\u00a0\u00bbSTRADA-BIKE-RAGE-NEON01_03_5000x\u00a0\u00bb _builder_version=\u00a0\u00bb4.27.4&Prime; _module_preset=\u00a0\u00bbdefault\u00a0\u00bb global_colors_info=\u00a0\u00bb{}\u00a0\u00bb][\/et_pb_image][\/et_pb_column][et_pb_column type=\u00a0\u00bb1_3&Prime; _builder_version=\u00a0\u00bb4.27.4&Prime; _module_preset=\u00a0\u00bbdefault\u00a0\u00bb global_colors_info=\u00a0\u00bb{}\u00a0\u00bb][et_pb_image src=\u00a0\u00bbhttps:\/\/super-strada.cc\/wp-content\/uploads\/2025\/07\/STRADA-BIKE-RAGE-NEON01_04_5000x.webp\u00a0\u00bb title_text=\u00a0\u00bbSTRADA-BIKE-RAGE-NEON01_04_5000x\u00a0\u00bb _builder_version=\u00a0\u00bb4.27.4&Prime; _module_preset=\u00a0\u00bbdefault\u00a0\u00bb global_colors_info=\u00a0\u00bb{}\u00a0\u00bb][\/et_pb_image][\/et_pb_column][et_pb_column type=\u00a0\u00bb1_3&Prime; _builder_version=\u00a0\u00bb4.27.4&Prime; _module_preset=\u00a0\u00bbdefault\u00a0\u00bb global_colors_info=\u00a0\u00bb{}\u00a0\u00bb][et_pb_image src=\u00a0\u00bbhttps:\/\/super-strada.cc\/wp-content\/uploads\/2025\/07\/STRADA-BIKE-RAGE-BLCK01_01_9cdbc811-40fa-41da-bf47-e2a05457ceea_5000x.webp\u00a0\u00bb title_text=\u00a0\u00bbSTRADA-BIKE-RAGE-BLCK01_01_9cdbc811-40fa-41da-bf47-e2a05457ceea_5000x\u00a0\u00bb _builder_version=\u00a0\u00bb4.27.4&Prime; _module_preset=\u00a0\u00bbdefault\u00a0\u00bb global_colors_info=\u00a0\u00bb{}\u00a0\u00bb][\/et_pb_image][\/et_pb_column][\/et_pb_row][\/et_pb_section][et_pb_section fb_built=\u00a0\u00bb1&Prime; _builder_version=\u00a0\u00bb4.27.4&Prime; _module_preset=\u00a0\u00bbdefault\u00a0\u00bb global_colors_info=\u00a0\u00bb{}\u00a0\u00bb][et_pb_row _builder_version=\u00a0\u00bb4.27.4&Prime; _module_preset=\u00a0\u00bbdefault\u00a0\u00bb global_colors_info=\u00a0\u00bb{}\u00a0\u00bb][et_pb_column type=\u00a0\u00bb4_4&Prime; _builder_version=\u00a0\u00bb4.27.4&Prime; _module_preset=\u00a0\u00bbdefault\u00a0\u00bb global_colors_info=\u00a0\u00bb{}\u00a0\u00bb][et_pb_text _builder_version=\u00a0\u00bb4.27.4&Prime; _module_preset=\u00a0\u00bbdefault\u00a0\u00bb global_colors_info=\u00a0\u00bb{}\u00a0\u00bb]<\/p>\n<table border=\"0\" cellpadding=\"0\" cellspacing=\"0\" width=\"688\">\n<tbody>\n<tr height=\"21\">\n<td height=\"21\" class=\"xl63\" width=\"208\"><strong>APER\u00c7U<\/strong><\/td>\n<td class=\"xl64\" width=\"480\">Roues de 20 pouces, moteur&nbsp;:<span> <\/span>48&nbsp;V 750&nbsp;W, batterie PRO&nbsp;:<span> <\/span>10,5&nbsp;Ah, freins hydrauliques \u00e0 4&nbsp;pistons, suspension avant, une seule vitesse<\/td>\n<\/tr>\n<tr height=\"21\">\n<td height=\"21\" class=\"xl63\" width=\"208\"><strong>COULEURS<\/strong><\/td>\n<td class=\"xl64\">Disponible en 2&nbsp;options de couleur&nbsp;:<span> <\/span>N\u00e9on et noir mat<\/td>\n<\/tr>\n<tr height=\"21\">\n<td height=\"21\" class=\"xl63\" width=\"208\"><strong>CADRE<\/strong><\/td>\n<td class=\"xl64\">Tubes doubles ultra-l\u00e9gers en aluminium 6061 extra-robustes con\u00e7us pour 2&nbsp;passagers&nbsp;!<\/td>\n<\/tr>\n<tr height=\"21\">\n<td height=\"21\" class=\"xl63\" width=\"208\"><strong>CLASSE<\/strong><\/td>\n<td class=\"xl64\">Classe&nbsp;2<\/td>\n<\/tr>\n<tr height=\"21\">\n<td height=\"21\" class=\"xl63\" width=\"208\"><strong>VITESSE<\/strong><\/td>\n<td class=\"xl64\">32&nbsp;km\/h<\/td>\n<\/tr>\n<tr height=\"21\">\n<td height=\"21\" class=\"xl63\" width=\"208\"><strong>MOTEUR<\/strong><\/td>\n<td class=\"xl64\">Moteur de moyeu de roue arri\u00e8re Bafang Super Strada 48&nbsp;V 750&nbsp;W<\/td>\n<\/tr>\n<tr height=\"21\">\n<td height=\"21\" class=\"xl63\" width=\"208\"><strong>\u00c9CRAN<\/strong><\/td>\n<td class=\"xl64\">\u00c9cran couleur LCD extra-large Super Strada, contr\u00f4leur \u00e0 5&nbsp;boutons, port USB de type&nbsp;C<\/td>\n<\/tr>\n<tr height=\"21\">\n<td height=\"21\" class=\"xl63\" width=\"208\"><strong>BATTERIE<\/strong><\/td>\n<td class=\"xl64\">Batterie PRO 10,5&nbsp;Ah mont\u00e9e sous le si\u00e8ge, \u00e0 cl\u00e9, avec m\u00e9canisme coulissant<\/td>\n<\/tr>\n<tr height=\"21\">\n<td height=\"21\" class=\"xl63\" width=\"208\"><strong>SUSPENSION ARRI\u00c8RE<\/strong><\/td>\n<td class=\"xl64\">Cadre rigide<\/td>\n<\/tr>\n<tr height=\"21\">\n<td height=\"21\" class=\"xl63\" width=\"208\"><strong>SUSPENSION AVANT<\/strong><\/td>\n<td class=\"xl64\">Fourche \u00e0 suspension avant haute performance avec rev\u00eatement de construction standard pour une performance de glissement optimale<\/td>\n<\/tr>\n<tr height=\"21\">\n<td height=\"21\" class=\"xl63\" width=\"208\"><strong>ESSIEU AVANT<\/strong><\/td>\n<td class=\"xl64\">Essieu certifi\u00e9 pour VAE pour plus de s\u00e9curit\u00e9<\/td>\n<\/tr>\n<tr height=\"21\">\n<td height=\"21\" class=\"xl63\" width=\"208\"><strong>FREINS<\/strong><\/td>\n<td class=\"xl64\">Freins hydrauliques \u00e0 4&nbsp;pistons Super Strada<\/td>\n<\/tr>\n<tr height=\"21\">\n<td height=\"21\" class=\"xl63\" width=\"208\"><strong>D\u00c9RAILLEUR<\/strong><\/td>\n<td class=\"xl64\">Une seule vitesse<\/td>\n<\/tr>\n<tr height=\"21\">\n<td height=\"21\" class=\"xl63\" width=\"208\"><strong>FEUX<\/strong><\/td>\n<td class=\"xl64\">Feu avant \u00e0 DEL Super Strada avec klaxon, plus feu de freinage arri\u00e8re \u00e0 DEL et clignotants<\/td>\n<\/tr>\n<tr height=\"21\">\n<td height=\"21\" class=\"xl63\" width=\"208\"><strong>EXTRAS<\/strong><\/td>\n<td class=\"xl64\">B\u00e9quille r\u00e9glable, repose-pieds, utilitaire arri\u00e8re robuste pour le transport, porte-bagages arri\u00e8re en option disponible et banc de moto allong\u00e9 avec une position assise plus \u00e9lev\u00e9e pour un confort accru.<\/td>\n<\/tr>\n<tr height=\"21\">\n<td height=\"21\" class=\"xl63\" width=\"208\"><strong>ROUES<\/strong><\/td>\n<td class=\"xl64\">Roues de 20&nbsp;po certifi\u00e9es pour VAE, jantes en alliage \u00e0 double paroi pour plus de robustesse, embouts de rayons en acier inoxydable r\u00e9sistants \u00e0 la rouille et chambres \u00e0 air r\u00e9sistantes aux \u00e9pines<\/td>\n<\/tr>\n<tr height=\"21\">\n<td height=\"21\" class=\"xl63\" width=\"208\"><strong>PNEUS<\/strong><\/td>\n<td class=\"xl64\">Vitesse et utilisation du VAE nominales Kenda Knight 4.0 x 20 (tout noir)<\/td>\n<\/tr>\n<\/tbody>\n<\/table>\n<p>[\/et_pb_text][\/et_pb_column][\/et_pb_row][\/et_pb_section][et_pb_section fb_built=\u00a0\u00bb1&Prime; _builder_version=\u00a0\u00bb4.27.4&Prime; _module_preset=\u00a0\u00bbdefault\u00a0\u00bb global_colors_info=\u00a0\u00bb{}\u00a0\u00bb][et_pb_row _builder_version=\u00a0\u00bb4.27.4&Prime; _module_preset=\u00a0\u00bbdefault\u00a0\u00bb global_colors_info=\u00a0\u00bb{}\u00a0\u00bb][et_pb_column type=\u00a0\u00bb4_4&Prime; _builder_version=\u00a0\u00bb4.27.4&Prime; _module_preset=\u00a0\u00bbdefault\u00a0\u00bb global_colors_info=\u00a0\u00bb{}\u00a0\u00bb][et_pb_image src=\u00a0\u00bbhttps:\/\/super-strada.cc\/wp-content\/uploads\/2025\/08\/Beach_and_ride-strada-horizontal.00_00_17_06.Still005_2000x.webp\u00a0\u00bb title_text=\u00a0\u00bbBeach_and_ride-strada-horizontal.00_00_17_06.Still005_2000x\u00a0\u00bb _builder_version=\u00a0\u00bb4.27.4&Prime; _module_preset=\u00a0\u00bbdefault\u00a0\u00bb global_colors_info=\u00a0\u00bb{}\u00a0\u00bb][\/et_pb_image][\/et_pb_column][\/et_pb_row][\/et_pb_section][et_pb_section fb_built=\u00a0\u00bb1&Prime; fullwidth=\u00a0\u00bbon\u00a0\u00bb _builder_version=\u00a0\u00bb4.27.4&Prime; _module_preset=\u00a0\u00bbdefault\u00a0\u00bb hover_enabled=\u00a0\u00bb0&Prime; global_colors_info=\u00a0\u00bb{}\u00a0\u00bb sticky_enabled=\u00a0\u00bb0&Prime;][et_pb_fullwidth_slider use_bg_overlay=\u00a0\u00bboff\u00a0\u00bb _builder_version=\u00a0\u00bb4.27.4&Prime; _module_preset=\u00a0\u00bbdefault\u00a0\u00bb background_enable_image=\u00a0\u00bboff\u00a0\u00bb min_height=\u00a0\u00bb533.5px\u00a0\u00bb custom_padding=\u00a0\u00bb167px|||||\u00a0\u00bb auto=\u00a0\u00bbon\u00a0\u00bb auto_speed=\u00a0\u00bb5000&Prime; hover_enabled=\u00a0\u00bb0&Prime; global_colors_info=\u00a0\u00bb{}\u00a0\u00bb sticky_enabled=\u00a0\u00bb0&Prime;][et_pb_slide heading=\u00a0\u00bbSuper Strada CRUZE\u00a0\u00bb button_text=\u00a0\u00bbAchetez en ligne&#8230;\u00a0\u00bb _builder_version=\u00a0\u00bb4.27.4&Prime; _module_preset=\u00a0\u00bbdefault\u00a0\u00bb background_image=\u00a0\u00bbhttps:\/\/super-strada.cc\/wp-content\/uploads\/2025\/07\/IMG_2851-scaled.jpg\u00a0\u00bb background_enable_image=\u00a0\u00bbon\u00a0\u00bb parallax=\u00a0\u00bbon\u00a0\u00bb hover_enabled=\u00a0\u00bb0&Prime; global_colors_info=\u00a0\u00bb{}\u00a0\u00bb sticky_transition=\u00a0\u00bbon\u00a0\u00bb sticky_enabled=\u00a0\u00bb0&Prime;]<\/p>\n<p>Votre contenu se trouve ici. Modifiez ou supprimez ce texte en ligne ou dans les param\u00e8tres de contenu du module. Vous pouvez \u00e9galement personnaliser chaque aspect de ce contenu dans les param\u00e8tres de conception du module et m\u00eame appliquer un CSS personnalis\u00e9 \u00e0 ce texte dans les param\u00e8tres avanc\u00e9s.  <\/p>\n<p>[\/et_pb_slide][\/et_pb_fullwidth_slider][\/et_pb_section]<\/p>\n","protected":false},"excerpt":{"rendered":"<p>Votre contenu se trouve ici. Modifiez ou supprimez ce texte en ligne ou dans les param\u00e8tres de contenu du module. Vous pouvez \u00e9galement personnaliser chaque aspect de ce contenu dans les param\u00e8tres de conception du module et m\u00eame appliquer un CSS personnalis\u00e9 \u00e0 ce texte dans les param\u00e8tres avanc\u00e9s. RageVitesse maximale 25 KM\/HAutonomie 100 KMPermis [&hellip;]<\/p>\n","protected":false},"author":1,"featured_media":0,"parent":0,"menu_order":0,"comment_status":"closed","ping_status":"closed","template":"","meta":{"_et_pb_use_builder":"on","_et_pb_old_content":"","_et_gb_content_width":"","footnotes":""},"class_list":["post-1097","page","type-page","status-publish","hentry"],"aioseo_notices":[],"jetpack_sharing_enabled":true,"_links":{"self":[{"href":"https:\/\/super-strada.cc\/fr\/wp-json\/wp\/v2\/pages\/1097","targetHints":{"allow":["GET"]}}],"collection":[{"href":"https:\/\/super-strada.cc\/fr\/wp-json\/wp\/v2\/pages"}],"about":[{"href":"https:\/\/super-strada.cc\/fr\/wp-json\/wp\/v2\/types\/page"}],"author":[{"embeddable":true,"href":"https:\/\/super-strada.cc\/fr\/wp-json\/wp\/v2\/users\/1"}],"replies":[{"embeddable":true,"href":"https:\/\/super-strada.cc\/fr\/wp-json\/wp\/v2\/comments?post=1097"}],"version-history":[{"count":2,"href":"https:\/\/super-strada.cc\/fr\/wp-json\/wp\/v2\/pages\/1097\/revisions"}],"predecessor-version":[{"id":1100,"href":"https:\/\/super-strada.cc\/fr\/wp-json\/wp\/v2\/pages\/1097\/revisions\/1100"}],"wp:attachment":[{"href":"https:\/\/super-strada.cc\/fr\/wp-json\/wp\/v2\/media?parent=1097"}],"curies":[{"name":"wp","href":"https:\/\/api.w.org\/{rel}","templated":true}]}}