{"id":1092,"date":"2025-07-28T21:11:13","date_gmt":"2025-07-28T21:11:13","guid":{"rendered":"https:\/\/super-strada.cc\/velo-electrique-super-strade-cruze\/"},"modified":"2025-12-27T12:38:47","modified_gmt":"2025-12-27T12:38:47","slug":"velo-electrique-super-strade-cruze","status":"publish","type":"page","link":"https:\/\/super-strada.cc\/fr\/velo-electrique-super-strade-cruze\/","title":{"rendered":"V\u00e9lo \u00e9lectrique SUPER STRADE Cruze"},"content":{"rendered":"<p>[et_pb_section fb_built=\u00a0\u00bb1&Prime; fullwidth=\u00a0\u00bbon\u00a0\u00bb _builder_version=\u00a0\u00bb4.27.4&Prime; _module_preset=\u00a0\u00bbdefault\u00a0\u00bb global_colors_info=\u00a0\u00bb{}\u00a0\u00bb][et_pb_fullwidth_image src=\u00a0\u00bbhttps:\/\/super-strada.cc\/wp-content\/uploads\/2025\/07\/IMG_2848-scaled.jpg\u00a0\u00bb title_text=\u00a0\u00bbIMG_2848&Prime; _builder_version=\u00a0\u00bb4.27.4&Prime; _module_preset=\u00a0\u00bbdefault\u00a0\u00bb global_colors_info=\u00a0\u00bb{}\u00a0\u00bb][\/et_pb_fullwidth_image][\/et_pb_section][et_pb_section fb_built=\u00a0\u00bb1&Prime; _builder_version=\u00a0\u00bb4.27.4&Prime; _module_preset=\u00a0\u00bbdefault\u00a0\u00bb custom_padding=\u00a0\u00bb||51px|||\u00a0\u00bb global_colors_info=\u00a0\u00bb{}\u00a0\u00bb][et_pb_row _builder_version=\u00a0\u00bb4.27.4&Prime; _module_preset=\u00a0\u00bbdefault\u00a0\u00bb global_colors_info=\u00a0\u00bb{}\u00a0\u00bb][et_pb_column type=\u00a0\u00bb4_4&Prime; _builder_version=\u00a0\u00bb4.27.4&Prime; _module_preset=\u00a0\u00bbdefault\u00a0\u00bb global_colors_info=\u00a0\u00bb{}\u00a0\u00bb][et_pb_text _builder_version=\u00a0\u00bb4.27.4&Prime; _module_preset=\u00a0\u00bbdefault\u00a0\u00bb global_colors_info=\u00a0\u00bb{}\u00a0\u00bb]<\/p>\n<h1><strong>Cruze<\/strong><\/h1>\n<p>[\/et_pb_text][et_pb_image src=\u00a0\u00bbhttps:\/\/super-strada.cc\/wp-content\/uploads\/2025\/07\/STRADA-BIKE-CRUZE-GRAY01_01_ea7a9423-356e-450d-9e93-f5769a5e513a_5000x.webp\u00a0\u00bb title_text=\u00a0\u00bbSTRADA-BIKE-CRUZE-GRAY01_01_ea7a9423-356e-450d-9e93-f5769a5e513a_5000x\u00a0\u00bb _builder_version=\u00a0\u00bb4.27.4&Prime; _module_preset=\u00a0\u00bbdefault\u00a0\u00bb global_colors_info=\u00a0\u00bb{}\u00a0\u00bb][\/et_pb_image][\/et_pb_column][\/et_pb_row][et_pb_row column_structure=\u00a0\u00bb1_5,1_5,1_5,1_5,1_5&Prime; _builder_version=\u00a0\u00bb4.27.4&Prime; _module_preset=\u00a0\u00bbdefault\u00a0\u00bb global_colors_info=\u00a0\u00bb{}\u00a0\u00bb][et_pb_column type=\u00a0\u00bb1_5&Prime; _builder_version=\u00a0\u00bb4.27.4&Prime; _module_preset=\u00a0\u00bbdefault\u00a0\u00bb global_colors_info=\u00a0\u00bb{}\u00a0\u00bb][et_pb_text _builder_version=\u00a0\u00bb4.27.4&Prime; _module_preset=\u00a0\u00bbdefault\u00a0\u00bb hover_enabled=\u00a0\u00bb0&Prime; global_colors_info=\u00a0\u00bb{}\u00a0\u00bb sticky_enabled=\u00a0\u00bb0&Prime;]<\/p>\n<h5><strong>Vitesse maximale<\/strong><\/h5>\n<p>25 km\/h<\/p>\n<p>[\/et_pb_text][\/et_pb_column][et_pb_column type=\u00a0\u00bb1_5&Prime; _builder_version=\u00a0\u00bb4.27.4&Prime; _module_preset=\u00a0\u00bbdefault\u00a0\u00bb global_colors_info=\u00a0\u00bb{}\u00a0\u00bb][et_pb_text _builder_version=\u00a0\u00bb4.27.4&Prime; _module_preset=\u00a0\u00bbdefault\u00a0\u00bb hover_enabled=\u00a0\u00bb0&Prime; global_colors_info=\u00a0\u00bb{}\u00a0\u00bb sticky_enabled=\u00a0\u00bb0&Prime;]<\/p>\n<h5><strong>Autonomie<\/strong><\/h5>\n<p>100 KM<\/p>\n<p>[\/et_pb_text][\/et_pb_column][et_pb_column type=\u00a0\u00bb1_5&Prime; _builder_version=\u00a0\u00bb4.27.4&Prime; _module_preset=\u00a0\u00bbdefault\u00a0\u00bb global_colors_info=\u00a0\u00bb{}\u00a0\u00bb][et_pb_text _builder_version=\u00a0\u00bb4.27.4&Prime; _module_preset=\u00a0\u00bbdefault\u00a0\u00bb global_colors_info=\u00a0\u00bb{}\u00a0\u00bb]<\/p>\n<h5><strong>Permis<\/strong><\/h5>\n<p>Aucun<\/p>\n<p>[\/et_pb_text][\/et_pb_column][et_pb_column type=\u00a0\u00bb1_5&Prime; _builder_version=\u00a0\u00bb4.27.4&Prime; _module_preset=\u00a0\u00bbdefault\u00a0\u00bb global_colors_info=\u00a0\u00bb{}\u00a0\u00bb][et_pb_text _builder_version=\u00a0\u00bb4.27.4&Prime; _module_preset=\u00a0\u00bbdefault\u00a0\u00bb hover_enabled=\u00a0\u00bb0&Prime; global_colors_info=\u00a0\u00bb{}\u00a0\u00bb sticky_enabled=\u00a0\u00bb0&Prime;]<\/p>\n<h5><strong>Moteur<\/strong><\/h5>\n<p>Bafang 250 watts<\/p>\n<p>[\/et_pb_text][\/et_pb_column][et_pb_column type=\u00a0\u00bb1_5&Prime; _builder_version=\u00a0\u00bb4.27.4&Prime; _module_preset=\u00a0\u00bbdefault\u00a0\u00bb global_colors_info=\u00a0\u00bb{}\u00a0\u00bb][et_pb_text _builder_version=\u00a0\u00bb4.27.4&Prime; _module_preset=\u00a0\u00bbdefault\u00a0\u00bb hover_enabled=\u00a0\u00bb0&Prime; global_colors_info=\u00a0\u00bb{}\u00a0\u00bb sticky_enabled=\u00a0\u00bb0&Prime;]<\/p>\n<h5><strong>Batterie<\/strong><\/h5>\n<p>48VH<\/p>\n<p>[\/et_pb_text][\/et_pb_column][\/et_pb_row][\/et_pb_section][et_pb_section fb_built=\u00a0\u00bb1&Prime; _builder_version=\u00a0\u00bb4.27.4&Prime; _module_preset=\u00a0\u00bbdefault\u00a0\u00bb background_color=\u00a0\u00bbgcid-03aa9f7e-775e-4bec-ad2a-7872e18867e6&Prime; global_colors_info=\u00a0\u00bb{%22gcid-03aa9f7e-775e-4bec-ad2a-7872e18867e6%22:%91%22background_color%22%93}\u00a0\u00bb][et_pb_row column_structure=\u00a0\u00bb1_2,1_2&Prime; _builder_version=\u00a0\u00bb4.27.4&Prime; _module_preset=\u00a0\u00bbdefault\u00a0\u00bb global_colors_info=\u00a0\u00bb{}\u00a0\u00bb][et_pb_column type=\u00a0\u00bb1_2&Prime; _builder_version=\u00a0\u00bb4.27.4&Prime; _module_preset=\u00a0\u00bbdefault\u00a0\u00bb global_colors_info=\u00a0\u00bb{}\u00a0\u00bb][et_pb_text _builder_version=\u00a0\u00bb4.27.4&Prime; _module_preset=\u00a0\u00bbdefault\u00a0\u00bb text_text_color=\u00a0\u00bb#000000&Prime; hover_enabled=\u00a0\u00bb0&Prime; global_colors_info=\u00a0\u00bb{}\u00a0\u00bb sticky_enabled=\u00a0\u00bb0&Prime;]<\/p>\n<h2><strong>Cruze<\/strong><\/h2>\n<p><span><\/span><\/p>\n<p data-start=\"0\" data-end=\"206\"><strong data-start=\"0\" data-end=\"26\">PUISSANCE ET PERFORMANCE.<\/strong><\/p>\n<p data-start=\"0\" data-end=\"206\">Le moteur BAFANG 48 V &#8211; 250 W SUPER STRADA et la batterie SS-PRO 20 Ah offrent une puissance extr\u00eame et une autonomie \u00e9tendue, ce qui rend le CRUZE parfait pour les trajets urbains et les escapades de fin de semaine.<\/p>\n<p data-start=\"208\" data-end=\"435\"><strong data-start=\"208\" data-end=\"234\">CONTR\u00d4LE ET PR\u00c9CISION.<\/strong><\/p>\n<p data-start=\"208\" data-end=\"435\">\u00c9quip\u00e9 d&rsquo;une suspension avant haut de gamme avec rev\u00eatement dor\u00e9, de freins \u00e0 disque hydrauliques \u00e0 4 pistons et d&rsquo;un syst\u00e8me de changement de vitesse Shimano Altus \u00e0 8 vitesses, le CRUZE assure une maniabilit\u00e9 souple et r\u00e9active sur divers terrains.<\/p>\n<p data-start=\"1045\" data-end=\"1210\" data-is-last-node=\"\" data-is-only-node=\"\"> <span><\/span><\/p>\n<p>[\/et_pb_text][\/et_pb_column][et_pb_column type=\u00a0\u00bb1_2&Prime; _builder_version=\u00a0\u00bb4.27.4&Prime; _module_preset=\u00a0\u00bbdefault\u00a0\u00bb global_colors_info=\u00a0\u00bb{}\u00a0\u00bb][et_pb_image src=\u00a0\u00bbhttps:\/\/super-strada.cc\/wp-content\/uploads\/2025\/07\/IMG_2832-scaled.jpg\u00a0\u00bb title_text=\u00a0\u00bbIMG_2832&Prime; _builder_version=\u00a0\u00bb4.27.4&Prime; _module_preset=\u00a0\u00bbdefault\u00a0\u00bb global_colors_info=\u00a0\u00bb{}\u00a0\u00bb][\/et_pb_image][\/et_pb_column][\/et_pb_row][et_pb_row column_structure=\u00a0\u00bb1_2,1_2&Prime; _builder_version=\u00a0\u00bb4.27.4&Prime; _module_preset=\u00a0\u00bbdefault\u00a0\u00bb global_colors_info=\u00a0\u00bb{}\u00a0\u00bb][et_pb_column type=\u00a0\u00bb1_2&Prime; _builder_version=\u00a0\u00bb4.27.4&Prime; _module_preset=\u00a0\u00bbdefault\u00a0\u00bb global_colors_info=\u00a0\u00bb{}\u00a0\u00bb][et_pb_image src=\u00a0\u00bbhttps:\/\/super-strada.cc\/wp-content\/uploads\/2025\/07\/IMG_2827-scaled.jpg\u00a0\u00bb title_text=\u00a0\u00bbIMG_2827&Prime; _builder_version=\u00a0\u00bb4.27.4&Prime; _module_preset=\u00a0\u00bbdefault\u00a0\u00bb global_colors_info=\u00a0\u00bb{}\u00a0\u00bb][\/et_pb_image][\/et_pb_column][et_pb_column type=\u00a0\u00bb1_2&Prime; _builder_version=\u00a0\u00bb4.27.4&Prime; _module_preset=\u00a0\u00bbdefault\u00a0\u00bb global_colors_info=\u00a0\u00bb{}\u00a0\u00bb][et_pb_text _builder_version=\u00a0\u00bb4.27.4&Prime; _module_preset=\u00a0\u00bbdefault\u00a0\u00bb text_text_color=\u00a0\u00bb#000000&Prime; global_colors_info=\u00a0\u00bb{}\u00a0\u00bb]<\/p>\n<h2><\/h2>\n<p data-start=\"437\" data-end=\"643\"><strong data-start=\"437\" data-end=\"464\">FORCE ET STABILIT\u00c9.<\/strong><\/p>\n<p data-start=\"437\" data-end=\"643\">Construit avec un cadre \u00e0 double tube en aluminium 6061 ultra-l\u00e9ger, ce v\u00e9lo \u00e9lectrique est con\u00e7u pour deux passagers, offrant une durabilit\u00e9 exceptionnelle et une stabilit\u00e9 horizontale pour une conduite confortable.<\/p>\n<p data-start=\"645\" data-end=\"844\"><strong data-start=\"645\" data-end=\"671\">TECHNOLOGIE ET S\u00c9CURIT\u00c9.<\/strong><\/p>\n<p data-start=\"645\" data-end=\"844\">L&rsquo;\u00e9cran couleur ACL extra large Super Strada offre un acc\u00e8s facile aux donn\u00e9es de conduite, tandis que les feux \u00e0 DEL int\u00e9gr\u00e9s, les clignotants et un klaxon am\u00e9liorent la visibilit\u00e9 et la s\u00e9curit\u00e9 routi\u00e8re.<\/p>\n<p data-start=\"1045\" data-end=\"1210\" data-is-last-node=\"\" data-is-only-node=\"\"><strong data-start=\"1045\" data-end=\"1074\">EXTRAS ET PERSONNALISATION.<\/strong><\/p>\n<p data-start=\"1045\" data-end=\"1210\" data-is-last-node=\"\" data-is-only-node=\"\">Des supports arri\u00e8re en option, une banquette allong\u00e9e et des caract\u00e9ristiques utilitaires font du Super Strada CRUZE le compagnon id\u00e9al pour toute aventure.<\/p>\n<p><strong><\/strong><\/p>\n<p><span><\/span><\/p>\n<p data-start=\"208\" data-end=\"435\">\n<p> <span><\/span><\/p>\n<p>[\/et_pb_text][\/et_pb_column][\/et_pb_row][\/et_pb_section][et_pb_section fb_built=\u00a0\u00bb1&Prime; _builder_version=\u00a0\u00bb4.27.4&Prime; _module_preset=\u00a0\u00bbdefault\u00a0\u00bb global_colors_info=\u00a0\u00bb{}\u00a0\u00bb][et_pb_row _builder_version=\u00a0\u00bb4.27.4&Prime; _module_preset=\u00a0\u00bbdefault\u00a0\u00bb global_colors_info=\u00a0\u00bb{}\u00a0\u00bb][et_pb_column type=\u00a0\u00bb4_4&Prime; _builder_version=\u00a0\u00bb4.27.4&Prime; _module_preset=\u00a0\u00bbdefault\u00a0\u00bb global_colors_info=\u00a0\u00bb{}\u00a0\u00bb][et_pb_image src=\u00a0\u00bbhttps:\/\/super-strada.cc\/wp-content\/uploads\/2025\/07\/Super-Strada_pamphlet_draft_06_20250125.jpg\u00a0\u00bb title_text=\u00a0\u00bbSuper-Strada_pamphlet_draft_06_20250125&Prime; _builder_version=\u00a0\u00bb4.27.4&Prime; _module_preset=\u00a0\u00bbdefault\u00a0\u00bb global_colors_info=\u00a0\u00bb{}\u00a0\u00bb][\/et_pb_image][\/et_pb_column][\/et_pb_row][\/et_pb_section][et_pb_section fb_built=\u00a0\u00bb1&Prime; _builder_version=\u00a0\u00bb4.27.4&Prime; _module_preset=\u00a0\u00bbdefault\u00a0\u00bb global_colors_info=\u00a0\u00bb{}\u00a0\u00bb][et_pb_row column_structure=\u00a0\u00bb1_3,1_3,1_3&Prime; _builder_version=\u00a0\u00bb4.27.4&Prime; _module_preset=\u00a0\u00bbdefault\u00a0\u00bb global_colors_info=\u00a0\u00bb{}\u00a0\u00bb][et_pb_column type=\u00a0\u00bb1_3&Prime; _builder_version=\u00a0\u00bb4.27.4&Prime; _module_preset=\u00a0\u00bbdefault\u00a0\u00bb global_colors_info=\u00a0\u00bb{}\u00a0\u00bb][et_pb_image src=\u00a0\u00bbhttps:\/\/super-strada.cc\/wp-content\/uploads\/2025\/07\/STRADA-BIKE-CRUZE-WHIT01_02_5000x.webp\u00a0\u00bb title_text=\u00a0\u00bbSTRADA-BIKE-CRUZE-WHIT01_02_5000x\u00a0\u00bb _builder_version=\u00a0\u00bb4.27.4&Prime; _module_preset=\u00a0\u00bbdefault\u00a0\u00bb global_colors_info=\u00a0\u00bb{}\u00a0\u00bb][\/et_pb_image][\/et_pb_column][et_pb_column type=\u00a0\u00bb1_3&Prime; _builder_version=\u00a0\u00bb4.27.4&Prime; _module_preset=\u00a0\u00bbdefault\u00a0\u00bb global_colors_info=\u00a0\u00bb{}\u00a0\u00bb][et_pb_image src=\u00a0\u00bbhttps:\/\/super-strada.cc\/wp-content\/uploads\/2025\/07\/STRADA-BIKE-CRUZE-WHIT01_04_5000x.webp\u00a0\u00bb title_text=\u00a0\u00bbSTRADA-BIKE-CRUZE-WHIT01_04_5000x\u00a0\u00bb _builder_version=\u00a0\u00bb4.27.4&Prime; _module_preset=\u00a0\u00bbdefault\u00a0\u00bb global_colors_info=\u00a0\u00bb{}\u00a0\u00bb][\/et_pb_image][\/et_pb_column][et_pb_column type=\u00a0\u00bb1_3&Prime; _builder_version=\u00a0\u00bb4.27.4&Prime; _module_preset=\u00a0\u00bbdefault\u00a0\u00bb global_colors_info=\u00a0\u00bb{}\u00a0\u00bb][et_pb_image src=\u00a0\u00bbhttps:\/\/super-strada.cc\/wp-content\/uploads\/2025\/07\/STRADA-BIKE-CRUZE-GRAY01_01_ea7a9423-356e-450d-9e93-f5769a5e513a_5000x.webp\u00a0\u00bb title_text=\u00a0\u00bbSTRADA-BIKE-CRUZE-GRAY01_01_ea7a9423-356e-450d-9e93-f5769a5e513a_5000x\u00a0\u00bb _builder_version=\u00a0\u00bb4.27.4&Prime; _module_preset=\u00a0\u00bbdefault\u00a0\u00bb global_colors_info=\u00a0\u00bb{}\u00a0\u00bb][\/et_pb_image][\/et_pb_column][\/et_pb_row][\/et_pb_section][et_pb_section fb_built=\u00a0\u00bb1&Prime; _builder_version=\u00a0\u00bb4.27.4&Prime; _module_preset=\u00a0\u00bbdefault\u00a0\u00bb global_colors_info=\u00a0\u00bb{}\u00a0\u00bb][et_pb_row _builder_version=\u00a0\u00bb4.27.4&Prime; _module_preset=\u00a0\u00bbdefault\u00a0\u00bb global_colors_info=\u00a0\u00bb{}\u00a0\u00bb][et_pb_column type=\u00a0\u00bb4_4&Prime; _builder_version=\u00a0\u00bb4.27.4&Prime; _module_preset=\u00a0\u00bbdefault\u00a0\u00bb global_colors_info=\u00a0\u00bb{}\u00a0\u00bb][et_pb_text _builder_version=\u00a0\u00bb4.27.4&Prime; _module_preset=\u00a0\u00bbdefault\u00a0\u00bb global_colors_info=\u00a0\u00bb{}\u00a0\u00bb]<\/p>\n<table width=\"446\" cellspacing=\"0\" cellpadding=\"0\" border=\"0\">\n<tbody>\n<tr height=\"20\">\n<td width=\"107\" class=\"xl65\" height=\"20\"><strong>APER\u00c7U<\/strong><\/td>\n<td width=\"339\">Roues de 20 po, moteur&nbsp;: 48&nbsp;V 750&nbsp;W, batterie SS-PRO&nbsp;: 20&nbsp;Ah, freins \u00e0 disque hydrauliques \u00e0 4&nbsp;pistons, suspension avant, changement de vitesse Shimano Altus \u00e0 8&nbsp;vitesses<\/td>\n<\/tr>\n<tr height=\"20\">\n<td class=\"xl65\" height=\"20\"><strong>COULEURS<\/strong><\/td>\n<td>Offert en 2&nbsp;options de couleur&nbsp;: anthracite satin\u00e9 et blanc lustr\u00e9<\/td>\n<\/tr>\n<tr height=\"20\">\n<td class=\"xl65\" height=\"20\"><strong>CADRE<\/strong><\/td>\n<td>Tubes doubles ultra-l\u00e9gers en aluminium 6061 tr\u00e8s r\u00e9sistants con\u00e7us pour 2&nbsp;passagers!<\/td>\n<\/tr>\n<tr height=\"20\">\n<td class=\"xl65\" height=\"20\"><strong>CLASSE<\/strong><\/td>\n<td>Classe&nbsp;2<\/td>\n<\/tr>\n<tr height=\"20\">\n<td class=\"xl65\" height=\"20\"><strong>VITESSE<\/strong><\/td>\n<td>20&nbsp;mph<\/td>\n<\/tr>\n<tr height=\"20\">\n<td class=\"xl65\" height=\"20\"><strong>MOTEUR<\/strong><\/td>\n<td>Moteur de moyeu de roue arri\u00e8re Bafang Super Strada 48&nbsp;V 750&nbsp;W<\/td>\n<\/tr>\n<tr height=\"20\">\n<td class=\"xl65\" height=\"20\"><strong>\u00c9CRAN<\/strong><\/td>\n<td>\u00c9cran couleur ACL extra large Super Strada, contr\u00f4leur \u00e0 5&nbsp;boutons, port USB de type&nbsp;C<\/td>\n<\/tr>\n<tr height=\"20\">\n<td class=\"xl65\" height=\"20\"><strong>BATTERIE<\/strong><\/td>\n<td>Batterie SS-PRO de 20,0&nbsp;Ah mont\u00e9e sous le si\u00e8ge, \u00e0 cl\u00e9, avec m\u00e9canisme coulissant<\/td>\n<\/tr>\n<tr height=\"20\">\n<td class=\"xl65\" height=\"20\"><strong>SUSPENSION ARRI\u00c8RE<\/strong><\/td>\n<td>Cadre rigide<\/td>\n<\/tr>\n<tr height=\"20\">\n<td class=\"xl65\" height=\"20\"><strong>SUSPENSION AVANT<\/strong><\/td>\n<td>Fourche \u00e0 suspension avant haute performance avec rev\u00eatement dor\u00e9 de qualit\u00e9 sup\u00e9rieure pour une performance de glissement optimale<\/td>\n<\/tr>\n<tr height=\"20\">\n<td class=\"xl65\" height=\"20\"><strong>ESSIEU AVANT<\/strong><\/td>\n<td>Essieu certifi\u00e9 pour v\u00e9lo \u00e9lectrique pour plus de s\u00e9curit\u00e9<\/td>\n<\/tr>\n<tr height=\"20\">\n<td class=\"xl65\" height=\"20\"><strong>FREINS<\/strong><\/td>\n<td>Freins hydrauliques \u00e0 4&nbsp;pistons Super Strada<\/td>\n<\/tr>\n<tr height=\"20\">\n<td class=\"xl65\" height=\"20\"><strong>D\u00c9RAILLEUR<\/strong><\/td>\n<td>SHIMANO ALTUS \u00e0 8&nbsp;vitesses<\/td>\n<\/tr>\n<tr height=\"20\">\n<td class=\"xl65\" height=\"20\"><strong>LUMI\u00c8RES<\/strong><\/td>\n<td>Phare avant \u00e0 DEL Super Strada avec klaxon, plus feu de freinage arri\u00e8re \u00e0 DEL et clignotants<\/td>\n<\/tr>\n<tr height=\"20\">\n<td class=\"xl65\" height=\"20\"><strong>EXTRAS<\/strong><\/td>\n<td>B\u00e9quille r\u00e9glable, repose-pieds, arri\u00e8re utilitaire robuste pour le transport, support arri\u00e8re en option disponible et banquette de moto allong\u00e9e avec une position assise plus \u00e9lev\u00e9e pour un confort accru.<\/td>\n<\/tr>\n<tr height=\"20\">\n<td class=\"xl65\" height=\"20\"><strong>ROUES<\/strong><\/td>\n<td>Roues de 20&nbsp;po certifi\u00e9es pour v\u00e9lo \u00e9lectrique, jantes en alliage \u00e0 double paroi pour plus de robustesse, embouts de rayons en acier inoxydable r\u00e9sistants \u00e0 la rouille et chambres \u00e0 air r\u00e9sistantes aux \u00e9pines<\/td>\n<\/tr>\n<tr height=\"20\">\n<td class=\"xl65\" height=\"20\"><strong>PNEUS<\/strong><\/td>\n<td>Pneus Kenda Knight 4.0 x 20 (tout noir) certifi\u00e9s pour la vitesse et l\u2019utilisation des v\u00e9los \u00e9lectriques<\/td>\n<\/tr>\n<\/tbody>\n<\/table>\n<p>[\/et_pb_text][\/et_pb_column][\/et_pb_row][\/et_pb_section][et_pb_section fb_built=\u00a0\u00bb1&Prime; fullwidth=\u00a0\u00bbon\u00a0\u00bb _builder_version=\u00a0\u00bb4.27.4&Prime; _module_preset=\u00a0\u00bbdefault\u00a0\u00bb global_colors_info=\u00a0\u00bb{}\u00a0\u00bb][et_pb_fullwidth_slider use_bg_overlay=\u00a0\u00bboff\u00a0\u00bb _builder_version=\u00a0\u00bb4.27.4&Prime; _module_preset=\u00a0\u00bbdefault\u00a0\u00bb background_enable_image=\u00a0\u00bboff\u00a0\u00bb min_height=\u00a0\u00bb533.5px\u00a0\u00bb custom_padding=\u00a0\u00bb167px|||||\u00a0\u00bb auto=\u00a0\u00bbon\u00a0\u00bb auto_speed=\u00a0\u00bb5000&Prime; hover_enabled=\u00a0\u00bb0&Prime; global_colors_info=\u00a0\u00bb{}\u00a0\u00bb sticky_enabled=\u00a0\u00bb0&Prime;][et_pb_slide heading=\u00a0\u00bbSuper Strada Cruze\u00a0\u00bb button_text=\u00a0\u00bbAchetez en ligne&#8230;\u00a0\u00bb _builder_version=\u00a0\u00bb4.27.4&Prime; _module_preset=\u00a0\u00bbdefault\u00a0\u00bb background_image=\u00a0\u00bbhttps:\/\/super-strada.cc\/wp-content\/uploads\/2025\/07\/241114_cruze-1-scaled.jpg\u00a0\u00bb background_enable_image=\u00a0\u00bbon\u00a0\u00bb parallax=\u00a0\u00bbon\u00a0\u00bb hover_enabled=\u00a0\u00bb0&Prime; global_colors_info=\u00a0\u00bb{}\u00a0\u00bb sticky_transition=\u00a0\u00bbon\u00a0\u00bb sticky_enabled=\u00a0\u00bb0&Prime;]<\/p>\n<p>Le moteur BAFANG 48 V &#8211; 250 W SUPER STRADA et la batterie SS-PRO 20 Ah offrent une puissance extr\u00eame et une autonomie \u00e9tendue, ce qui rend le CRUZE parfait pour les trajets urbains et les escapades de fin de semaine.<\/p>\n<p>[\/et_pb_slide][et_pb_slide heading=\u00a0\u00bbProfiter\u00a0\u00bb _builder_version=\u00a0\u00bb4.27.4&Prime; _module_preset=\u00a0\u00bbdefault\u00a0\u00bb background_image=\u00a0\u00bbhttps:\/\/super-strada.cc\/wp-content\/uploads\/2025\/07\/IMG_2832-scaled.jpg\u00a0\u00bb background_enable_image=\u00a0\u00bbon\u00a0\u00bb parallax=\u00a0\u00bbon\u00a0\u00bb hover_enabled=\u00a0\u00bb0&Prime; global_colors_info=\u00a0\u00bb{}\u00a0\u00bb sticky_transition=\u00a0\u00bbon\u00a0\u00bb sticky_enabled=\u00a0\u00bb0&Prime;][\/et_pb_slide][\/et_pb_fullwidth_slider][\/et_pb_section]<\/p>\n","protected":false},"excerpt":{"rendered":"<p>CruzeVitesse maximale 25 km\/hAutonomie 100 KMPermis AucunMoteur Bafang 250 wattsBatterie 48VHCruze PUISSANCE ET PERFORMANCE. Le moteur BAFANG 48 V &#8211; 250 W SUPER STRADA et la batterie SS-PRO 20 Ah offrent une puissance extr\u00eame et une autonomie \u00e9tendue, ce qui rend le CRUZE parfait pour les trajets urbains et les escapades de fin de semaine. [&hellip;]<\/p>\n","protected":false},"author":1,"featured_media":0,"parent":0,"menu_order":0,"comment_status":"closed","ping_status":"closed","template":"","meta":{"_et_pb_use_builder":"on","_et_pb_old_content":"","_et_gb_content_width":"","footnotes":""},"class_list":["post-1092","page","type-page","status-publish","hentry"],"aioseo_notices":[],"jetpack_sharing_enabled":true,"_links":{"self":[{"href":"https:\/\/super-strada.cc\/fr\/wp-json\/wp\/v2\/pages\/1092","targetHints":{"allow":["GET"]}}],"collection":[{"href":"https:\/\/super-strada.cc\/fr\/wp-json\/wp\/v2\/pages"}],"about":[{"href":"https:\/\/super-strada.cc\/fr\/wp-json\/wp\/v2\/types\/page"}],"author":[{"embeddable":true,"href":"https:\/\/super-strada.cc\/fr\/wp-json\/wp\/v2\/users\/1"}],"replies":[{"embeddable":true,"href":"https:\/\/super-strada.cc\/fr\/wp-json\/wp\/v2\/comments?post=1092"}],"version-history":[{"count":2,"href":"https:\/\/super-strada.cc\/fr\/wp-json\/wp\/v2\/pages\/1092\/revisions"}],"predecessor-version":[{"id":1094,"href":"https:\/\/super-strada.cc\/fr\/wp-json\/wp\/v2\/pages\/1092\/revisions\/1094"}],"wp:attachment":[{"href":"https:\/\/super-strada.cc\/fr\/wp-json\/wp\/v2\/media?parent=1092"}],"curies":[{"name":"wp","href":"https:\/\/api.w.org\/{rel}","templated":true}]}}