{"id":1088,"date":"2025-08-17T09:59:26","date_gmt":"2025-08-17T09:59:26","guid":{"rendered":"https:\/\/super-strada.cc\/super-strada-nomad-2\/"},"modified":"2025-12-27T12:38:46","modified_gmt":"2025-12-27T12:38:46","slug":"super-strada-nomad-2","status":"publish","type":"page","link":"https:\/\/super-strada.cc\/fr\/super-strada-nomad-2\/","title":{"rendered":"Super Strada Nomad"},"content":{"rendered":"<p>[et_pb_section fb_built=\u00a0\u00bb1&Prime; _builder_version=\u00a0\u00bb4.27.4&Prime; _module_preset=\u00a0\u00bbdefault\u00a0\u00bb background_image=\u00a0\u00bbhttps:\/\/super-strada.cc\/wp-content\/uploads\/2025\/07\/241114_nomad-2-scaled.jpg\u00a0\u00bb custom_padding=\u00a0\u00bb||136px|||\u00a0\u00bb global_colors_info=\u00a0\u00bb{}\u00a0\u00bb][et_pb_row _builder_version=\u00a0\u00bb4.27.4&Prime; _module_preset=\u00a0\u00bbdefault\u00a0\u00bb custom_margin=\u00a0\u00bb171px|auto||auto||\u00a0\u00bb global_colors_info=\u00a0\u00bb{}\u00a0\u00bb][et_pb_column type=\u00a0\u00bb4_4&Prime; _builder_version=\u00a0\u00bb4.27.4&Prime; _module_preset=\u00a0\u00bbdefault\u00a0\u00bb global_colors_info=\u00a0\u00bb{}\u00a0\u00bb][et_pb_text _builder_version=\u00a0\u00bb4.27.4&Prime; _module_preset=\u00a0\u00bbdefault\u00a0\u00bb global_colors_info=\u00a0\u00bb{}\u00a0\u00bb][\/et_pb_text][\/et_pb_column][\/et_pb_row][\/et_pb_section][et_pb_section fb_built=\u00a0\u00bb1&Prime; _builder_version=\u00a0\u00bb4.27.4&Prime; _module_preset=\u00a0\u00bbdefault\u00a0\u00bb custom_padding=\u00a0\u00bb||51px|||\u00a0\u00bb global_colors_info=\u00a0\u00bb{}\u00a0\u00bb][et_pb_row _builder_version=\u00a0\u00bb4.27.4&Prime; _module_preset=\u00a0\u00bbdefault\u00a0\u00bb global_colors_info=\u00a0\u00bb{}\u00a0\u00bb][et_pb_column type=\u00a0\u00bb4_4&Prime; _builder_version=\u00a0\u00bb4.27.4&Prime; _module_preset=\u00a0\u00bbdefault\u00a0\u00bb global_colors_info=\u00a0\u00bb{}\u00a0\u00bb][et_pb_text _builder_version=\u00a0\u00bb4.27.4&Prime; _module_preset=\u00a0\u00bbdefault\u00a0\u00bb custom_padding=\u00a0\u00bb0px|||||\u00a0\u00bb global_colors_info=\u00a0\u00bb{}\u00a0\u00bb]<\/p>\n<h1>NOMAD<\/h1>\n<p>[\/et_pb_text][\/et_pb_column][\/et_pb_row][et_pb_row _builder_version=\u00a0\u00bb4.27.4&Prime; _module_preset=\u00a0\u00bbdefault\u00a0\u00bb global_colors_info=\u00a0\u00bb{}\u00a0\u00bb][et_pb_column type=\u00a0\u00bb4_4&Prime; _builder_version=\u00a0\u00bb4.27.4&Prime; _module_preset=\u00a0\u00bbdefault\u00a0\u00bb global_colors_info=\u00a0\u00bb{}\u00a0\u00bb][et_pb_image src=\u00a0\u00bbhttps:\/\/super-strada.cc\/wp-content\/uploads\/2025\/07\/STRADA-BIKE-NOMAD-ANTH01_01_5000x-1-e1755415108997.webp\u00a0\u00bb title_text=\u00a0\u00bbSTRADA-BIKE-NOMAD-ANTH01_01_5000x\u00a0\u00bb _builder_version=\u00a0\u00bb4.27.4&Prime; _module_preset=\u00a0\u00bbdefault\u00a0\u00bb global_colors_info=\u00a0\u00bb{}\u00a0\u00bb][\/et_pb_image][\/et_pb_column][\/et_pb_row][et_pb_row column_structure=\u00a0\u00bb1_5,1_5,1_5,1_5,1_5&Prime; _builder_version=\u00a0\u00bb4.27.4&Prime; _module_preset=\u00a0\u00bbdefault\u00a0\u00bb global_colors_info=\u00a0\u00bb{}\u00a0\u00bb][et_pb_column type=\u00a0\u00bb1_5&Prime; _builder_version=\u00a0\u00bb4.27.4&Prime; _module_preset=\u00a0\u00bbdefault\u00a0\u00bb global_colors_info=\u00a0\u00bb{}\u00a0\u00bb][et_pb_text _builder_version=\u00a0\u00bb4.27.4&Prime; _module_preset=\u00a0\u00bbdefault\u00a0\u00bb hover_enabled=\u00a0\u00bb0&Prime; global_colors_info=\u00a0\u00bb{}\u00a0\u00bb sticky_enabled=\u00a0\u00bb0&Prime;]<\/p>\n<h5><strong>Vitesse maximale<\/strong><\/h5>\n<p>25 KM\/H<\/p>\n<p>[\/et_pb_text][\/et_pb_column][et_pb_column type=\u00a0\u00bb1_5&Prime; _builder_version=\u00a0\u00bb4.27.4&Prime; _module_preset=\u00a0\u00bbdefault\u00a0\u00bb global_colors_info=\u00a0\u00bb{}\u00a0\u00bb][et_pb_text _builder_version=\u00a0\u00bb4.27.4&Prime; _module_preset=\u00a0\u00bbdefault\u00a0\u00bb hover_enabled=\u00a0\u00bb0&Prime; global_colors_info=\u00a0\u00bb{}\u00a0\u00bb sticky_enabled=\u00a0\u00bb0&Prime;]<\/p>\n<h5><strong>Autonomie<\/strong><\/h5>\n<p>100 KM<\/p>\n<p>[\/et_pb_text][\/et_pb_column][et_pb_column type=\u00a0\u00bb1_5&Prime; _builder_version=\u00a0\u00bb4.27.4&Prime; _module_preset=\u00a0\u00bbdefault\u00a0\u00bb global_colors_info=\u00a0\u00bb{}\u00a0\u00bb][et_pb_text _builder_version=\u00a0\u00bb4.27.4&Prime; _module_preset=\u00a0\u00bbdefault\u00a0\u00bb global_colors_info=\u00a0\u00bb{}\u00a0\u00bb]<\/p>\n<h5><strong>Permis<\/strong><\/h5>\n<p>Aucun<\/p>\n<p>[\/et_pb_text][\/et_pb_column][et_pb_column type=\u00a0\u00bb1_5&Prime; _builder_version=\u00a0\u00bb4.27.4&Prime; _module_preset=\u00a0\u00bbdefault\u00a0\u00bb global_colors_info=\u00a0\u00bb{}\u00a0\u00bb][et_pb_text _builder_version=\u00a0\u00bb4.27.4&Prime; _module_preset=\u00a0\u00bbdefault\u00a0\u00bb hover_enabled=\u00a0\u00bb0&Prime; global_colors_info=\u00a0\u00bb{}\u00a0\u00bb sticky_enabled=\u00a0\u00bb0&Prime;]<\/p>\n<h5><strong>Moteur<\/strong><\/h5>\n<p>Bafang 250Watt<\/p>\n<p>[\/et_pb_text][\/et_pb_column][et_pb_column type=\u00a0\u00bb1_5&Prime; _builder_version=\u00a0\u00bb4.27.4&Prime; _module_preset=\u00a0\u00bbdefault\u00a0\u00bb global_colors_info=\u00a0\u00bb{}\u00a0\u00bb][et_pb_text _builder_version=\u00a0\u00bb4.27.4&Prime; _module_preset=\u00a0\u00bbdefault\u00a0\u00bb hover_enabled=\u00a0\u00bb0&Prime; global_colors_info=\u00a0\u00bb{}\u00a0\u00bb sticky_enabled=\u00a0\u00bb0&Prime;]<\/p>\n<h5><strong>Batterie<\/strong><\/h5>\n<p>48 VH<\/p>\n<p>[\/et_pb_text][\/et_pb_column][\/et_pb_row][\/et_pb_section][et_pb_section fb_built=\u00a0\u00bb1&Prime; _builder_version=\u00a0\u00bb4.27.4&Prime; _module_preset=\u00a0\u00bbdefault\u00a0\u00bb background_color=\u00a0\u00bbgcid-03aa9f7e-775e-4bec-ad2a-7872e18867e6&Prime; global_colors_info=\u00a0\u00bb{%22gcid-03aa9f7e-775e-4bec-ad2a-7872e18867e6%22:%91%22background_color%22%93}\u00a0\u00bb][et_pb_row column_structure=\u00a0\u00bb1_2,1_2&Prime; _builder_version=\u00a0\u00bb4.27.4&Prime; _module_preset=\u00a0\u00bbdefault\u00a0\u00bb global_colors_info=\u00a0\u00bb{}\u00a0\u00bb][et_pb_column type=\u00a0\u00bb1_2&Prime; _builder_version=\u00a0\u00bb4.27.4&Prime; _module_preset=\u00a0\u00bbdefault\u00a0\u00bb global_colors_info=\u00a0\u00bb{}\u00a0\u00bb][et_pb_text _builder_version=\u00a0\u00bb4.27.4&Prime; _module_preset=\u00a0\u00bbdefault\u00a0\u00bb text_text_color=\u00a0\u00bb#000000&Prime; hover_enabled=\u00a0\u00bb0&Prime; global_colors_info=\u00a0\u00bb{}\u00a0\u00bb sticky_enabled=\u00a0\u00bb0&Prime;]<\/p>\n<h2><strong>Nomad<\/strong><\/h2>\n<p><strong><\/strong><\/p>\n<p><strong><\/strong><\/p>\n<p data-end=\"189\" data-start=\"0\"><strong data-end=\"20\" data-start=\"0\">PUISSANCE ET AUTONOMIE.<\/strong><\/p>\n<p data-end=\"189\" data-start=\"0\">Le moteur Bafang 48V 250W et la batterie SS-PRO 20Ah offrent une puissance sans effort et une autonomie \u00e9tendue, faisant du NOMAD le choix id\u00e9al pour les trajets urbains et les aventures hors route.<\/p>\n<p data-end=\"406\" data-start=\"191\"><strong data-end=\"217\" data-start=\"191\">CONTR\u00d4LE ET STABILIT\u00c9.<\/strong><\/p>\n<p data-end=\"406\" data-start=\"191\">\u00c9quip\u00e9 d&rsquo;une suspension haut de gamme DH, de freins \u00e0 disque hydrauliques \u00e0 4 pistons et d&rsquo;un syst\u00e8me de changement de vitesse Shimano CUES \u00e0 9 vitesses, le NOMAD assure une conduite souple et contr\u00f4l\u00e9e, m\u00eame sur les terrains les plus difficiles.<\/p>\n<p>&nbsp;<\/p>\n<p>[\/et_pb_text][\/et_pb_column][et_pb_column type=\u00a0\u00bb1_2&Prime; _builder_version=\u00a0\u00bb4.27.4&Prime; _module_preset=\u00a0\u00bbdefault\u00a0\u00bb global_colors_info=\u00a0\u00bb{}\u00a0\u00bb][et_pb_image src=\u00a0\u00bbhttps:\/\/super-strada.cc\/wp-content\/uploads\/2025\/07\/IMG_2922-scaled.jpg\u00a0\u00bb title_text=\u00a0\u00bbIMG_2922&Prime; _builder_version=\u00a0\u00bb4.27.4&Prime; _module_preset=\u00a0\u00bbdefault\u00a0\u00bb global_colors_info=\u00a0\u00bb{}\u00a0\u00bb][\/et_pb_image][\/et_pb_column][\/et_pb_row][\/et_pb_section][et_pb_section fb_built=\u00a0\u00bb1&Prime; _builder_version=\u00a0\u00bb4.27.4&Prime; _module_preset=\u00a0\u00bbdefault\u00a0\u00bb background_color=\u00a0\u00bbgcid-03aa9f7e-775e-4bec-ad2a-7872e18867e6&Prime; global_colors_info=\u00a0\u00bb{%22gcid-03aa9f7e-775e-4bec-ad2a-7872e18867e6%22:%91%22background_color%22%93}\u00a0\u00bb][et_pb_row column_structure=\u00a0\u00bb1_2,1_2&Prime; _builder_version=\u00a0\u00bb4.27.4&Prime; _module_preset=\u00a0\u00bbdefault\u00a0\u00bb global_colors_info=\u00a0\u00bb{}\u00a0\u00bb][et_pb_column type=\u00a0\u00bb1_2&Prime; _builder_version=\u00a0\u00bb4.27.4&Prime; _module_preset=\u00a0\u00bbdefault\u00a0\u00bb global_colors_info=\u00a0\u00bb{}\u00a0\u00bb][et_pb_image src=\u00a0\u00bbhttps:\/\/super-strada.cc\/wp-content\/uploads\/2025\/07\/IMG_2708-scaled.jpg\u00a0\u00bb title_text=\u00a0\u00bbIMG_2708&Prime; _builder_version=\u00a0\u00bb4.27.4&Prime; _module_preset=\u00a0\u00bbdefault\u00a0\u00bb global_colors_info=\u00a0\u00bb{}\u00a0\u00bb][\/et_pb_image][\/et_pb_column][et_pb_column type=\u00a0\u00bb1_2&Prime; _builder_version=\u00a0\u00bb4.27.4&Prime; _module_preset=\u00a0\u00bbdefault\u00a0\u00bb global_colors_info=\u00a0\u00bb{}\u00a0\u00bb][et_pb_text _builder_version=\u00a0\u00bb4.27.4&Prime; _module_preset=\u00a0\u00bbdefault\u00a0\u00bb text_text_color=\u00a0\u00bb#000000&Prime; custom_padding=\u00a0\u00bb||20px|||\u00a0\u00bb global_colors_info=\u00a0\u00bb{}\u00a0\u00bb]<\/p>\n<p>&nbsp;<\/p>\n<p data-end=\"595\" data-start=\"408\"><strong data-end=\"436\" data-start=\"408\">DURABILIT\u00c9 ET CAPACIT\u00c9.<\/strong><\/p>\n<p data-end=\"595\" data-start=\"408\">Fabriqu\u00e9 avec un cadre \u00e0 double tube en aluminium 6061, ce v\u00e9lo \u00e9lectrique est con\u00e7u pour deux passagers et supporte jusqu&rsquo;\u00e0 295 kg, offrant une r\u00e9sistance et une polyvalence in\u00e9gal\u00e9es.<\/p>\n<p data-end=\"782\" data-start=\"597\"><strong data-end=\"623\" data-start=\"597\">TECHNOLOGIE ET S\u00c9CURIT\u00c9.<\/strong><\/p>\n<p data-end=\"782\" data-start=\"597\">L&rsquo;\u00e9cran LCD Super Strada offre un acc\u00e8s facile aux donn\u00e9es de conduite, tandis que les feux LED int\u00e9gr\u00e9s, les clignotants et un klaxon am\u00e9liorent la visibilit\u00e9 et la s\u00e9curit\u00e9 routi\u00e8re.<\/p>\n<p data-is-only-node=\"\" data-is-last-node=\"\" data-end=\"1108\" data-start=\"973\"><strong data-end=\"1000\" data-start=\"973\">EXTRAS ET POLYVALENCE.<\/strong><\/p>\n<p data-is-only-node=\"\" data-is-last-node=\"\" data-end=\"1108\" data-start=\"973\">Des porte-bagages arri\u00e8re et des fonctionnalit\u00e9s utilitaires en option font du Super Strada NOMAD le compagnon id\u00e9al pour tout voyage.<\/p>\n<p>&nbsp;<\/p>\n<p>[\/et_pb_text][\/et_pb_column][\/et_pb_row][\/et_pb_section][et_pb_section fb_built=\u00a0\u00bb1&Prime; _builder_version=\u00a0\u00bb4.27.4&Prime; _module_preset=\u00a0\u00bbdefault\u00a0\u00bb global_colors_info=\u00a0\u00bb{}\u00a0\u00bb][et_pb_row _builder_version=\u00a0\u00bb4.27.4&Prime; _module_preset=\u00a0\u00bbdefault\u00a0\u00bb global_colors_info=\u00a0\u00bb{}\u00a0\u00bb][et_pb_column type=\u00a0\u00bb4_4&Prime; _builder_version=\u00a0\u00bb4.27.4&Prime; _module_preset=\u00a0\u00bbdefault\u00a0\u00bb global_colors_info=\u00a0\u00bb{}\u00a0\u00bb][et_pb_image src=\u00a0\u00bbhttps:\/\/super-strada.cc\/wp-content\/uploads\/2025\/07\/Super-Strada_pamphlet_draft_06_20250125.jpg\u00a0\u00bb title_text=\u00a0\u00bbSuper-Strada_pamphlet_draft_06_20250125&Prime; align=\u00a0\u00bbcenter\u00a0\u00bb _builder_version=\u00a0\u00bb4.27.4&Prime; _module_preset=\u00a0\u00bbdefault\u00a0\u00bb global_colors_info=\u00a0\u00bb{}\u00a0\u00bb][\/et_pb_image][\/et_pb_column][\/et_pb_row][\/et_pb_section][et_pb_section fb_built=\u00a0\u00bb1&Prime; _builder_version=\u00a0\u00bb4.27.4&Prime; _module_preset=\u00a0\u00bbdefault\u00a0\u00bb global_colors_info=\u00a0\u00bb{}\u00a0\u00bb][et_pb_row _builder_version=\u00a0\u00bb4.27.4&Prime; _module_preset=\u00a0\u00bbdefault\u00a0\u00bb global_colors_info=\u00a0\u00bb{}\u00a0\u00bb][et_pb_column type=\u00a0\u00bb4_4&Prime; _builder_version=\u00a0\u00bb4.27.4&Prime; _module_preset=\u00a0\u00bbdefault\u00a0\u00bb global_colors_info=\u00a0\u00bb{}\u00a0\u00bb][et_pb_text _builder_version=\u00a0\u00bb4.27.4&Prime; _module_preset=\u00a0\u00bbdefault\u00a0\u00bb custom_padding=\u00a0\u00bb0px|||||\u00a0\u00bb hover_enabled=\u00a0\u00bb0&Prime; global_colors_info=\u00a0\u00bb{}\u00a0\u00bb sticky_enabled=\u00a0\u00bb0&Prime;]<\/p>\n<h1>Couleurs &#8211; Sable et noir mat<\/h1>\n<p>[\/et_pb_text][\/et_pb_column][\/et_pb_row][et_pb_row column_structure=\u00a0\u00bb1_3,1_3,1_3&Prime; _builder_version=\u00a0\u00bb4.27.4&Prime; _module_preset=\u00a0\u00bbdefault\u00a0\u00bb global_colors_info=\u00a0\u00bb{}\u00a0\u00bb][et_pb_column type=\u00a0\u00bb1_3&Prime; _builder_version=\u00a0\u00bb4.27.4&Prime; _module_preset=\u00a0\u00bbdefault\u00a0\u00bb global_colors_info=\u00a0\u00bb{}\u00a0\u00bb][et_pb_image src=\u00a0\u00bbhttps:\/\/super-strada.cc\/wp-content\/uploads\/2025\/07\/STRADA-BIKE-NOMAD-ANTH01_02_5000x-1.webp\u00a0\u00bb title_text=\u00a0\u00bbSTRADA-BIKE-NOMAD-ANTH01_02_5000x\u00a0\u00bb _builder_version=\u00a0\u00bb4.27.4&Prime; _module_preset=\u00a0\u00bbdefault\u00a0\u00bb global_colors_info=\u00a0\u00bb{}\u00a0\u00bb][\/et_pb_image][\/et_pb_column][et_pb_column type=\u00a0\u00bb1_3&Prime; _builder_version=\u00a0\u00bb4.27.4&Prime; _module_preset=\u00a0\u00bbdefault\u00a0\u00bb global_colors_info=\u00a0\u00bb{}\u00a0\u00bb][et_pb_image src=\u00a0\u00bbhttps:\/\/super-strada.cc\/wp-content\/uploads\/2025\/07\/STRADA-BIKE-NOMAD-SAND01_04_5000x.webp\u00a0\u00bb title_text=\u00a0\u00bbSTRADA-BIKE-NOMAD-SAND01_04_5000x\u00a0\u00bb _builder_version=\u00a0\u00bb4.27.4&Prime; _module_preset=\u00a0\u00bbdefault\u00a0\u00bb global_colors_info=\u00a0\u00bb{}\u00a0\u00bb][\/et_pb_image][\/et_pb_column][et_pb_column type=\u00a0\u00bb1_3&Prime; _builder_version=\u00a0\u00bb4.27.4&Prime; _module_preset=\u00a0\u00bbdefault\u00a0\u00bb global_colors_info=\u00a0\u00bb{}\u00a0\u00bb][et_pb_image src=\u00a0\u00bbhttps:\/\/super-strada.cc\/wp-content\/uploads\/2025\/07\/STRADA-BIKE-NOMAD-SAND01_01_5000x.webp\u00a0\u00bb title_text=\u00a0\u00bbSTRADA-BIKE-NOMAD-SAND01_01_5000x\u00a0\u00bb _builder_version=\u00a0\u00bb4.27.4&Prime; _module_preset=\u00a0\u00bbdefault\u00a0\u00bb global_colors_info=\u00a0\u00bb{}\u00a0\u00bb][\/et_pb_image][\/et_pb_column][\/et_pb_row][\/et_pb_section][et_pb_section fb_built=\u00a0\u00bb1&Prime; _builder_version=\u00a0\u00bb4.27.4&Prime; _module_preset=\u00a0\u00bbdefault\u00a0\u00bb global_colors_info=\u00a0\u00bb{}\u00a0\u00bb][et_pb_row _builder_version=\u00a0\u00bb4.27.4&Prime; _module_preset=\u00a0\u00bbdefault\u00a0\u00bb global_colors_info=\u00a0\u00bb{}\u00a0\u00bb][et_pb_column type=\u00a0\u00bb4_4&Prime; _builder_version=\u00a0\u00bb4.27.4&Prime; _module_preset=\u00a0\u00bbdefault\u00a0\u00bb global_colors_info=\u00a0\u00bb{}\u00a0\u00bb][et_pb_text _builder_version=\u00a0\u00bb4.27.4&Prime; _module_preset=\u00a0\u00bbdefault\u00a0\u00bb hover_enabled=\u00a0\u00bb0&Prime; global_colors_info=\u00a0\u00bb{}\u00a0\u00bb sticky_enabled=\u00a0\u00bb0&Prime;]<\/p>\n<table border=\"0\" cellpadding=\"0\" cellspacing=\"0\" width=\"688\">\n<tbody>\n<tr height=\"21\">\n<td height=\"21\" class=\"xl65\" width=\"208\"><strong>APER\u00c7U<\/strong><\/td>\n<td class=\"xl66\" width=\"480\">Roues de 20 pouces, moteur&nbsp;: 48&nbsp;V 750&nbsp;W, batterie SS-PRO&nbsp;: 20&nbsp;Ah, freins \u00e0 disque hydrauliques \u00e0 4&nbsp;pistons, suspension DH \u00e0 montage invers\u00e9 \u00e0 l\u2019avant, suspension \u00e0 ressort h\u00e9lico\u00efdal double \u00e0 l\u2019arri\u00e8re, Shimano Cues, changement de vitesse \u00e0 9&nbsp;vitesses<\/td>\n<\/tr>\n<tr height=\"21\">\n<td height=\"21\" class=\"xl65\" width=\"208\"><strong>COULEURS<\/strong><\/td>\n<td class=\"xl66\">Disponible en 2&nbsp;options de couleur&nbsp;: gris brillant et sable du Sahara<\/td>\n<\/tr>\n<tr height=\"21\">\n<td height=\"21\" class=\"xl65\" width=\"208\"><strong>CADRE<\/strong><\/td>\n<td class=\"xl66\">Tubes doubles ultra-l\u00e9gers en aluminium 6061 extra robustes con\u00e7us pour 2&nbsp;passagers&nbsp;!<\/td>\n<\/tr>\n<tr height=\"21\">\n<td height=\"21\" class=\"xl65\" width=\"208\"><strong>CLASSE<\/strong><\/td>\n<td class=\"xl66\">Classe&nbsp;2<\/td>\n<\/tr>\n<tr height=\"21\">\n<td height=\"21\" class=\"xl65\" width=\"208\"><strong>VITESSE<\/strong><\/td>\n<td class=\"xl66\">20&nbsp;mph<\/td>\n<\/tr>\n<tr height=\"21\">\n<td height=\"21\" class=\"xl65\" width=\"208\"><strong>MOTEUR<\/strong><\/td>\n<td class=\"xl66\">Moteur de moyeu de roue arri\u00e8re Bafang Super Strada 48&nbsp;V 750&nbsp;W<\/td>\n<\/tr>\n<tr height=\"21\">\n<td height=\"21\" class=\"xl65\" width=\"208\"><strong>\u00c9CRAN<\/strong><\/td>\n<td class=\"xl66\">\u00c9cran couleur ACL extra large Super Strada, contr\u00f4leur \u00e0 5&nbsp;boutons, port USB de type&nbsp;C<\/td>\n<\/tr>\n<tr height=\"21\">\n<td height=\"21\" class=\"xl65\" width=\"208\"><strong>BATTERIE<\/strong><\/td>\n<td class=\"xl66\">Batterie SS-PRO de 20,0&nbsp;Ah mont\u00e9e sous le si\u00e8ge, \u00e0 cl\u00e9, avec m\u00e9canisme coulissant<\/td>\n<\/tr>\n<tr height=\"21\">\n<td height=\"21\" class=\"xl65\" width=\"208\"><strong>SUSPENSION ARRI\u00c8RE<\/strong><\/td>\n<td class=\"xl66\">\u00c9quip\u00e9 de deux amortisseurs et ressorts hydrauliques de 100&nbsp;mm, con\u00e7us pour supporter jusqu\u2019\u00e0 650&nbsp;lb pour une capacit\u00e9 de poids accrue<\/td>\n<\/tr>\n<tr height=\"21\">\n<td height=\"21\" class=\"xl65\" width=\"208\"><strong>SUSPENSION AVANT<\/strong><\/td>\n<td class=\"xl66\">Conception invers\u00e9e de fourche de suspension avant haute performance de calibre DH avec rev\u00eatement dor\u00e9 pour une performance de glissement optimale<\/td>\n<\/tr>\n<tr height=\"21\">\n<td height=\"21\" class=\"xl65\" width=\"208\"><strong>ESSIEU AVANT<\/strong><\/td>\n<td class=\"xl66\">Axe traversant pour v\u00e9lo \u00e9lectrique pour une s\u00e9curit\u00e9 et une stabilit\u00e9 maximales<\/td>\n<\/tr>\n<tr height=\"21\">\n<td height=\"21\" class=\"xl65\" width=\"208\"><strong>FREINS<\/strong><\/td>\n<td class=\"xl66\">Freins hydrauliques \u00e0 4&nbsp;pistons Super Strada<\/td>\n<\/tr>\n<tr height=\"21\">\n<td height=\"21\" class=\"xl65\" width=\"208\"><strong>D\u00c9RAILLEUR<\/strong><\/td>\n<td class=\"xl66\">SHIMANO CUES 9&nbsp;vitesses<\/td>\n<\/tr>\n<tr height=\"21\">\n<td height=\"21\" class=\"xl65\" width=\"208\"><strong>LUMI\u00c8RES<\/strong><\/td>\n<td class=\"xl66\">Feu avant \u00e0 DEL Super Strada avec klaxon, plus feu de freinage arri\u00e8re \u00e0 DEL et clignotants.<\/td>\n<\/tr>\n<tr height=\"21\">\n<td height=\"21\" class=\"xl65\" width=\"208\"><strong>EXTRAS<\/strong><\/td>\n<td class=\"xl66\">B\u00e9quille r\u00e9glable, repose-pieds, utilitaire arri\u00e8re robuste pour le transport, porte-bagages arri\u00e8re en option et banc de moto allong\u00e9 avec une position assise plus \u00e9lev\u00e9e pour un confort accru.<\/td>\n<\/tr>\n<tr height=\"21\">\n<td height=\"21\" class=\"xl65\" width=\"208\"><strong>ROUES<\/strong><\/td>\n<td class=\"xl66\">Roues de 20&nbsp;po pour v\u00e9lo \u00e9lectrique avec jantes en alliage \u00e0 double paroi pour une r\u00e9sistance accrue, embouts de rayons en acier inoxydable r\u00e9sistants \u00e0 la rouille, chambres \u00e0 air r\u00e9sistantes aux \u00e9pines et un moyeu avant haut de gamme<\/td>\n<\/tr>\n<tr height=\"21\">\n<td height=\"21\" class=\"xl65\" width=\"208\"><strong>PNEUS<\/strong><\/td>\n<td class=\"xl66\">Pneus Kenda Knight 4.0 x 20 (tout noir) cot\u00e9s pour la vitesse et l\u2019utilisation des v\u00e9los \u00e9lectriques<\/td>\n<\/tr>\n<\/tbody>\n<\/table>\n<p>[\/et_pb_text][\/et_pb_column][\/et_pb_row][\/et_pb_section][et_pb_section fb_built=\u00a0\u00bb1&Prime; fullwidth=\u00a0\u00bbon\u00a0\u00bb _builder_version=\u00a0\u00bb4.27.4&Prime; _module_preset=\u00a0\u00bbdefault\u00a0\u00bb global_colors_info=\u00a0\u00bb{}\u00a0\u00bb][et_pb_fullwidth_slider _builder_version=\u00a0\u00bb4.27.4&Prime; _module_preset=\u00a0\u00bbdefault\u00a0\u00bb background_image=\u00a0\u00bbhttps:\/\/super-strada.cc\/wp-content\/uploads\/2025\/07\/IMG_2779-scaled.jpg\u00a0\u00bb global_colors_info=\u00a0\u00bb{}\u00a0\u00bb][et_pb_slide heading=\u00a0\u00bbConsultez les options de location de v\u00e9los\u00a0\u00bb button_text=\u00a0\u00bbD\u00e9couvrez-en davantage&#8230;\u00a0\u00bb button_link=\u00a0\u00bbhttps:\/\/super-strada.cc\/bikeleasing\/\u00a0\u00bb _builder_version=\u00a0\u00bb4.27.4&Prime; _module_preset=\u00a0\u00bbdefault\u00a0\u00bb global_colors_info=\u00a0\u00bb{}\u00a0\u00bb sticky_transition=\u00a0\u00bbon\u00a0\u00bb]<\/p>\n<p>&nbsp;<\/p>\n<p>&nbsp;<\/p>\n<p>[\/et_pb_slide][et_pb_slide heading=\u00a0\u00bbIhr Titel\u00a0\u00bb button_text=\u00a0\u00bbKlicks\u00a0\u00bb _builder_version=\u00a0\u00bb4.27.4&Prime; _module_preset=\u00a0\u00bbdefault\u00a0\u00bb global_colors_info=\u00a0\u00bb{}\u00a0\u00bb sticky_transition=\u00a0\u00bbon\u00a0\u00bb]<\/p>\n<p>Votre contenu se trouve ici. Modifiez ou supprimez ce texte en ligne ou dans les param\u00e8tres de contenu du module. Vous pouvez \u00e9galement personnaliser chaque aspect de ce contenu dans les param\u00e8tres de conception du module et m\u00eame appliquer un CSS personnalis\u00e9 \u00e0 ce texte dans les param\u00e8tres avanc\u00e9s.  <\/p>\n<p>[\/et_pb_slide][\/et_pb_fullwidth_slider][\/et_pb_section][et_pb_section fb_built=\u00a0\u00bb1&Prime; _builder_version=\u00a0\u00bb4.27.4&Prime; _module_preset=\u00a0\u00bbdefault\u00a0\u00bb global_colors_info=\u00a0\u00bb{}\u00a0\u00bb][\/et_pb_section]<\/p>\n","protected":false},"excerpt":{"rendered":"<p>NOMADVitesse maximale 25 KM\/HAutonomie 100 KMPermis AucunMoteur Bafang 250WattBatterie 48 VHNomad PUISSANCE ET AUTONOMIE. Le moteur Bafang 48V 250W et la batterie SS-PRO 20Ah offrent une puissance sans effort et une autonomie \u00e9tendue, faisant du NOMAD le choix id\u00e9al pour les trajets urbains et les aventures hors route. CONTR\u00d4LE ET STABILIT\u00c9. \u00c9quip\u00e9 d&rsquo;une suspension haut [&hellip;]<\/p>\n","protected":false},"author":1,"featured_media":0,"parent":0,"menu_order":0,"comment_status":"closed","ping_status":"closed","template":"","meta":{"_et_pb_use_builder":"on","_et_pb_old_content":"","_et_gb_content_width":"","footnotes":""},"class_list":["post-1088","page","type-page","status-publish","hentry"],"aioseo_notices":[],"jetpack_sharing_enabled":true,"_links":{"self":[{"href":"https:\/\/super-strada.cc\/fr\/wp-json\/wp\/v2\/pages\/1088","targetHints":{"allow":["GET"]}}],"collection":[{"href":"https:\/\/super-strada.cc\/fr\/wp-json\/wp\/v2\/pages"}],"about":[{"href":"https:\/\/super-strada.cc\/fr\/wp-json\/wp\/v2\/types\/page"}],"author":[{"embeddable":true,"href":"https:\/\/super-strada.cc\/fr\/wp-json\/wp\/v2\/users\/1"}],"replies":[{"embeddable":true,"href":"https:\/\/super-strada.cc\/fr\/wp-json\/wp\/v2\/comments?post=1088"}],"version-history":[{"count":2,"href":"https:\/\/super-strada.cc\/fr\/wp-json\/wp\/v2\/pages\/1088\/revisions"}],"predecessor-version":[{"id":1090,"href":"https:\/\/super-strada.cc\/fr\/wp-json\/wp\/v2\/pages\/1088\/revisions\/1090"}],"wp:attachment":[{"href":"https:\/\/super-strada.cc\/fr\/wp-json\/wp\/v2\/media?parent=1088"}],"curies":[{"name":"wp","href":"https:\/\/api.w.org\/{rel}","templated":true}]}}