{"id":1073,"date":"2025-08-16T21:03:47","date_gmt":"2025-08-16T21:03:47","guid":{"rendered":"https:\/\/super-strada.cc\/a-propos-de-nous\/"},"modified":"2025-12-27T12:38:35","modified_gmt":"2025-12-27T12:38:35","slug":"a-propos-de-nous","status":"publish","type":"page","link":"https:\/\/super-strada.cc\/fr\/a-propos-de-nous\/","title":{"rendered":"\u00c0 PROPOS DE NOUS"},"content":{"rendered":"<p>[et_pb_section fb_built=\u00a0\u00bb1&Prime; _builder_version=\u00a0\u00bb4.27.4&Prime; _module_preset=\u00a0\u00bbdefault\u00a0\u00bb global_colors_info=\u00a0\u00bb{}\u00a0\u00bb][et_pb_row _builder_version=\u00a0\u00bb4.27.4&Prime; _module_preset=\u00a0\u00bbdefault\u00a0\u00bb global_colors_info=\u00a0\u00bb{}\u00a0\u00bb][et_pb_column type=\u00a0\u00bb4_4&Prime; _builder_version=\u00a0\u00bb4.27.4&Prime; _module_preset=\u00a0\u00bbdefault\u00a0\u00bb global_colors_info=\u00a0\u00bb{}\u00a0\u00bb][et_pb_video src=\u00a0\u00bbhttps:\/\/super-strada.cc\/wp-content\/uploads\/2025\/11\/C812DFB3-F9E8-4B81-AD0A-784C110A53A9-4-Trim-Trim-Trim-1.mp4&Prime; _builder_version=\u00a0\u00bb4.27.4&Prime; _module_preset=\u00a0\u00bbdefault\u00a0\u00bb global_colors_info=\u00a0\u00bb{}\u00a0\u00bb][\/et_pb_video][\/et_pb_column][\/et_pb_row][\/et_pb_section][et_pb_section fb_built=\u00a0\u00bb1&Prime; admin_label=\u00a0\u00bbsection\u00a0\u00bb _builder_version=\u00a0\u00bb4.16&Prime; global_colors_info=\u00a0\u00bb{}\u00a0\u00bb][et_pb_row admin_label=\u00a0\u00bbrang\u00e9e\u00a0\u00bb _builder_version=\u00a0\u00bb4.16&Prime; background_size=\u00a0\u00bbinitial\u00a0\u00bb background_position=\u00a0\u00bbtop_left\u00a0\u00bb background_repeat=\u00a0\u00bbrepeat\u00a0\u00bb global_colors_info=\u00a0\u00bb{}\u00a0\u00bb][et_pb_column type=\u00a0\u00bb4_4&Prime; _builder_version=\u00a0\u00bb4.16&Prime; custom_padding=\u00a0\u00bb|||\u00a0\u00bb global_colors_info=\u00a0\u00bb{}\u00a0\u00bb custom_padding__hover=\u00a0\u00bb|||\u00a0\u00bb][et_pb_text admin_label=\u00a0\u00bbText\u00a0\u00bb _builder_version=\u00a0\u00bb4.16&Prime; background_size=\u00a0\u00bbinitial\u00a0\u00bb background_position=\u00a0\u00bbtop_left\u00a0\u00bb background_repeat=\u00a0\u00bbrepeat\u00a0\u00bb global_colors_info=\u00a0\u00bb{}\u00a0\u00bb]<\/p>\n<h1 class=\"wp-block-heading\"><\/h1>\n<p>Chez&nbsp;Chez <strong>Super Strada<\/strong>, nous red\u00e9finissons la fa\u00e7on dont les gens se d\u00e9placent, explorent et se connectent au monde. Fond\u00e9e avec une passion pour l&rsquo;innovation et un engagement envers la qualit\u00e9, nous sommes sp\u00e9cialis\u00e9s dans la cr\u00e9ation de v\u00e9los \u00e9lectriques haut de gamme qui combinent technologie de pointe, ing\u00e9nierie robuste et design exceptionnel.<\/p>\n<p>Notre aventure a commenc\u00e9 avec un objectif simple : rendre le v\u00e9lo plus accessible et amusant pour tous. Que vous vous d\u00e9placiez en ville, que vous partagiez une balade avec un ami ou que vous vous attaquiez \u00e0 des sentiers accident\u00e9s, nos v\u00e9los \u00e9lectriques sont con\u00e7us pour dynamiser vos aventures. Avec des fonctionnalit\u00e9s avanc\u00e9es telles que&nbsp;des <strong>moteurs \u00e0 couple \u00e9lev\u00e9<\/strong>,&nbsp;des <strong>syst\u00e8mes de suspension \u00e0 la pointe de la technologie<\/strong>, et&nbsp;une <strong>durabilit\u00e9 in\u00e9gal\u00e9e<\/strong>, chaque v\u00e9lo Super Strada est con\u00e7u pour offrir des performances et un confort in\u00e9gal\u00e9s.<\/p>\n<p>Nous croyons qu&rsquo;il faut repousser les limites, non seulement dans ce que nos v\u00e9los peuvent faire, mais aussi dans la fa\u00e7on dont nous servons nos clients. De notre&nbsp;<strong>approche de conception centr\u00e9e sur le client<\/strong> \u00e0 l&rsquo;offre d&rsquo;options polyvalentes qui r\u00e9pondent aux besoins de chaque cycliste, nous nous engageons \u00e0 rendre votre exp\u00e9rience de conduite vraiment extraordinaire.<\/p>\n<p>Fi\u00e8rement con\u00e7us pour les modes de vie modernes, les v\u00e9los \u00e9lectriques Super Strada sont plus que de simples v\u00e9hicules : ce sont vos partenaires d&rsquo;exploration et un t\u00e9moignage de ce qui est possible lorsque l&rsquo;innovation rencontre la passion.<\/p>\n<p>[\/et_pb_text][\/et_pb_column][\/et_pb_row][\/et_pb_section]<\/p>\n","protected":false},"excerpt":{"rendered":"<p>Chez&nbsp;Chez Super Strada, nous red\u00e9finissons la fa\u00e7on dont les gens se d\u00e9placent, explorent et se connectent au monde. Fond\u00e9e avec une passion pour l&rsquo;innovation et un engagement envers la qualit\u00e9, nous sommes sp\u00e9cialis\u00e9s dans la cr\u00e9ation de v\u00e9los \u00e9lectriques haut de gamme qui combinent technologie de pointe, ing\u00e9nierie robuste et design exceptionnel. Notre aventure a [&hellip;]<\/p>\n","protected":false},"author":1,"featured_media":0,"parent":0,"menu_order":0,"comment_status":"closed","ping_status":"closed","template":"","meta":{"_et_pb_use_builder":"on","_et_pb_old_content":"","_et_gb_content_width":"","footnotes":""},"class_list":["post-1073","page","type-page","status-publish","hentry"],"aioseo_notices":[],"jetpack_sharing_enabled":true,"_links":{"self":[{"href":"https:\/\/super-strada.cc\/fr\/wp-json\/wp\/v2\/pages\/1073","targetHints":{"allow":["GET"]}}],"collection":[{"href":"https:\/\/super-strada.cc\/fr\/wp-json\/wp\/v2\/pages"}],"about":[{"href":"https:\/\/super-strada.cc\/fr\/wp-json\/wp\/v2\/types\/page"}],"author":[{"embeddable":true,"href":"https:\/\/super-strada.cc\/fr\/wp-json\/wp\/v2\/users\/1"}],"replies":[{"embeddable":true,"href":"https:\/\/super-strada.cc\/fr\/wp-json\/wp\/v2\/comments?post=1073"}],"version-history":[{"count":2,"href":"https:\/\/super-strada.cc\/fr\/wp-json\/wp\/v2\/pages\/1073\/revisions"}],"predecessor-version":[{"id":1075,"href":"https:\/\/super-strada.cc\/fr\/wp-json\/wp\/v2\/pages\/1073\/revisions\/1075"}],"wp:attachment":[{"href":"https:\/\/super-strada.cc\/fr\/wp-json\/wp\/v2\/media?parent=1073"}],"curies":[{"name":"wp","href":"https:\/\/api.w.org\/{rel}","templated":true}]}}