{"id":1060,"date":"2025-07-14T16:52:50","date_gmt":"2025-07-14T16:52:50","guid":{"rendered":"https:\/\/super-strada.cc\/accueil\/"},"modified":"2026-01-26T18:56:19","modified_gmt":"2026-01-26T18:56:19","slug":"accueil","status":"publish","type":"page","link":"https:\/\/super-strada.cc\/fr\/","title":{"rendered":"Accueil"},"content":{"rendered":"<p>[et_pb_section fb_built=\u00a0\u00bb1&Prime; admin_label=\u00a0\u00bbsection\u00a0\u00bb _builder_version=\u00a0\u00bb4.27.4&Prime; background_image=\u00a0\u00bbhttps:\/\/super-strada.cc\/wp-content\/uploads\/2025\/07\/241114_nomad-2-scaled.jpg\u00a0\u00bb module_alignment=\u00a0\u00bbleft\u00a0\u00bb min_height=\u00a0\u00bb414.5px\u00a0\u00bb custom_margin=\u00a0\u00bb-79px||-249px|||\u00a0\u00bb custom_padding=\u00a0\u00bb507px||507px||true|\u00a0\u00bb global_colors_info=\u00a0\u00bb{}\u00a0\u00bb][et_pb_row column_structure=\u00a0\u00bb1_2,1_2&Prime; _builder_version=\u00a0\u00bb4.27.4&Prime; _module_preset=\u00a0\u00bbdefault\u00a0\u00bb custom_margin=\u00a0\u00bb-125px|auto||auto||\u00a0\u00bb global_colors_info=\u00a0\u00bb{}\u00a0\u00bb][et_pb_column type=\u00a0\u00bb1_2&Prime; _builder_version=\u00a0\u00bb4.27.4&Prime; _module_preset=\u00a0\u00bbdefault\u00a0\u00bb global_colors_info=\u00a0\u00bb{}\u00a0\u00bb][et_pb_button button_url=\u00a0\u00bbhttps:\/\/super-strada.cc\/fr\/velos-electriques-pour-les-services-de-livraison\/?et_fb=1&amp;PageSpeed=off\u00a0\u00bb button_text=\u00a0\u00bbEntreprise\u00a0\u00bb button_alignment=\u00a0\u00bbcenter\u00a0\u00bb _builder_version=\u00a0\u00bb4.27.4&Prime; _module_preset=\u00a0\u00bbdefault\u00a0\u00bb custom_button=\u00a0\u00bbon\u00a0\u00bb button_text_size=\u00a0\u00bb42px\u00a0\u00bb button_text_color=\u00a0\u00bb#FFFFFF\u00a0\u00bb global_colors_info=\u00a0\u00bb{}\u00a0\u00bb][\/et_pb_button][\/et_pb_column][et_pb_column type=\u00a0\u00bb1_2&Prime; _builder_version=\u00a0\u00bb4.27.4&Prime; _module_preset=\u00a0\u00bbdefault\u00a0\u00bb global_colors_info=\u00a0\u00bb{}\u00a0\u00bb][et_pb_button button_url=\u00a0\u00bbhttps:\/\/super-strada.cc\/fr\/velos\/\u00a0\u00bb button_text=\u00a0\u00bbV\u00e9los\u00a0\u00bb button_alignment=\u00a0\u00bbcenter\u00a0\u00bb _builder_version=\u00a0\u00bb4.27.4&Prime; _module_preset=\u00a0\u00bbdefault\u00a0\u00bb custom_button=\u00a0\u00bbon\u00a0\u00bb button_text_size=\u00a0\u00bb47px\u00a0\u00bb button_text_color=\u00a0\u00bb#FFFFFF\u00a0\u00bb global_colors_info=\u00a0\u00bb{}\u00a0\u00bb][\/et_pb_button][\/et_pb_column][\/et_pb_row][\/et_pb_section][et_pb_section fb_built=\u00a0\u00bb1&Prime; _builder_version=\u00a0\u00bb4.27.4&Prime; _module_preset=\u00a0\u00bbdefault\u00a0\u00bb background_color=\u00a0\u00bb#8b9694&Prime; global_colors_info=\u00a0\u00bb{}\u00a0\u00bb][et_pb_row _builder_version=\u00a0\u00bb4.27.4&Prime; _module_preset=\u00a0\u00bbdefault\u00a0\u00bb min_height=\u00a0\u00bb0px\u00a0\u00bb global_colors_info=\u00a0\u00bb{}\u00a0\u00bb][et_pb_column type=\u00a0\u00bb4_4&Prime; _builder_version=\u00a0\u00bb4.27.4&Prime; _module_preset=\u00a0\u00bbdefault\u00a0\u00bb global_colors_info=\u00a0\u00bb{}\u00a0\u00bb][et_pb_image src=\u00a0\u00bbhttps:\/\/super-strada.cc\/wp-content\/uploads\/2025\/10\/3dea699b-6139-2036-fa9f-dbef37c2d0c4.png\u00a0\u00bb title_text=\u00a0\u00bb3dea699b-6139-2036-fa9f-dbef37c2d0c4&Prime; _builder_version=\u00a0\u00bb4.27.4&Prime; _module_preset=\u00a0\u00bbdefault\u00a0\u00bb global_colors_info=\u00a0\u00bb{}\u00a0\u00bb][\/et_pb_image][\/et_pb_column][\/et_pb_row][et_pb_row _builder_version=\u00a0\u00bb4.27.4&Prime; _module_preset=\u00a0\u00bbdefault\u00a0\u00bb global_colors_info=\u00a0\u00bb{}\u00a0\u00bb][et_pb_column type=\u00a0\u00bb4_4&Prime; _builder_version=\u00a0\u00bb4.27.4&Prime; _module_preset=\u00a0\u00bbdefault\u00a0\u00bb global_colors_info=\u00a0\u00bb{}\u00a0\u00bb][et_pb_text _builder_version=\u00a0\u00bb4.27.4&Prime; _module_preset=\u00a0\u00bbdefault\u00a0\u00bb global_colors_info=\u00a0\u00bb{}\u00a0\u00bb]<\/p>\n<h5><span style=\"color: #000000;\">Nous nous engageons \u00e0 cr\u00e9er et \u00e0 concevoir des solutions de mobilit\u00e9 \u00e9lectrique innovantes, efficaces et durables. Dans un monde o\u00f9 les villes sont devenues congestionn\u00e9es et surpeupl\u00e9es, o\u00f9 le transport doit \u00eatre durable, nous avons con\u00e7u une alternative utile, s\u00fbre, fiable et robuste. <\/span><\/h5>\n<h5><span style=\"color: #000000;\">Notre cadre Super Strada est con\u00e7u pour assurer la stabilit\u00e9 et la s\u00e9curit\u00e9 lors du transport d&rsquo;un passager suppl\u00e9mentaire ou d&rsquo;une charge de travail. \u00c9quip\u00e9 de la suspension n\u00e9cessaire, de pneus larges, de feux \u00e0 LED et de garde-boue, rien ne peut mal tourner. <\/span><\/h5>\n<h5><span style=\"color: #000000;\">Le syst\u00e8me de caissons modulaires personnalis\u00e9s peut \u00eatre ajout\u00e9 \u00e0 votre concept et \u00e0 celui de votre petite entreprise.<\/span><\/h5>\n<h5><span style=\"color: #000000;\">Des id\u00e9es, des suggestions de votre part&nbsp;? N&rsquo;h\u00e9sitez pas \u00e0 nous contacter. <\/span><\/h5>\n<h5><span style=\"color: #000000;\">Votre \u00e9quipe Super Strada<\/span><\/h5>\n<p>[\/et_pb_text][\/et_pb_column][\/et_pb_row][\/et_pb_section][et_pb_section fb_built=\u00a0\u00bb1&Prime; theme_builder_area=\u00a0\u00bbpost_content\u00a0\u00bb _builder_version=\u00a0\u00bb4.27.5&Prime; _module_preset=\u00a0\u00bbdefault\u00a0\u00bb][et_pb_row _builder_version=\u00a0\u00bb4.27.5&Prime; _module_preset=\u00a0\u00bbdefault\u00a0\u00bb theme_builder_area=\u00a0\u00bbpost_content\u00a0\u00bb][et_pb_column _builder_version=\u00a0\u00bb4.27.5&Prime; _module_preset=\u00a0\u00bbdefault\u00a0\u00bb type=\u00a0\u00bb4_4&Prime; theme_builder_area=\u00a0\u00bbpost_content\u00a0\u00bb][et_pb_wc_related_products _builder_version=\u00a0\u00bb4.27.5&Prime; _module_preset=\u00a0\u00bbdefault\u00a0\u00bb theme_builder_area=\u00a0\u00bbpost_content\u00a0\u00bb hover_enabled=\u00a0\u00bb0&Prime; sticky_enabled=\u00a0\u00bb0&Prime;][\/et_pb_wc_related_products][\/et_pb_column][\/et_pb_row][\/et_pb_section][et_pb_section fb_built=\u00a0\u00bb1&Prime; fullwidth=\u00a0\u00bbon\u00a0\u00bb _builder_version=\u00a0\u00bb4.27.4&Prime; _module_preset=\u00a0\u00bbdefault\u00a0\u00bb global_colors_info=\u00a0\u00bb{}\u00a0\u00bb][et_pb_fullwidth_slider _builder_version=\u00a0\u00bb4.27.4&Prime; _module_preset=\u00a0\u00bbdefault\u00a0\u00bb text_shadow_style=\u00a0\u00bbpreset3&Prime; global_colors_info=\u00a0\u00bb{}\u00a0\u00bb][et_pb_slide heading=\u00a0\u00bbAmusez-vous entre vos jambes.\u00a0\u00bb button_text=\u00a0\u00bbAchetez en ligne&#8230;\u00a0\u00bb button_link=\u00a0\u00bbhttps:\/\/super-strada.cc\/shop\/\u00a0\u00bb _builder_version=\u00a0\u00bb4.27.4&Prime; _module_preset=\u00a0\u00bbdefault\u00a0\u00bb background_image=\u00a0\u00bbhttps:\/\/super-strada.cc\/wp-content\/uploads\/2025\/07\/IMG_2897-scaled.jpg\u00a0\u00bb background_enable_image=\u00a0\u00bbon\u00a0\u00bb background_position=\u00a0\u00bbtop_center\u00a0\u00bb global_colors_info=\u00a0\u00bb{}\u00a0\u00bb sticky_transition=\u00a0\u00bbon\u00a0\u00bb]<\/p>\n<h2><strong>Les premiers Super Strada arrivent en Europe. Nous offrons actuellement une r\u00e9duction de pr\u00e9commande de 15 % sur tous les mod\u00e8les. <\/strong><\/h2>\n<p>[\/et_pb_slide][et_pb_slide heading=\u00a0\u00bbV\u00e9los \u00e9lectriques polyvalents, fiables et puissants\u00a0\u00bb button_text=\u00a0\u00bbD\u00e9couvrez-en davantage&#8230;\u00a0\u00bb button_link=\u00a0\u00bbhttps:\/\/super-strada.cc\/shop\/\u00a0\u00bb _builder_version=\u00a0\u00bb4.27.4&Prime; _module_preset=\u00a0\u00bbdefault\u00a0\u00bb background_image=\u00a0\u00bbhttps:\/\/super-strada.cc\/wp-content\/uploads\/2025\/07\/IMG_2779-scaled.jpg\u00a0\u00bb background_enable_image=\u00a0\u00bbon\u00a0\u00bb text_shadow_style=\u00a0\u00bbpreset5&Prime; global_colors_info=\u00a0\u00bb{}\u00a0\u00bb sticky_transition=\u00a0\u00bbon\u00a0\u00bb]<\/p>\n<h2>Hors route &#8211; Sur route, un ou deux passagers, pour vos trajets quotidiens ou pour votre entreprise. D\u00e9couvrez les Super Strada. <\/h2>\n<p>[\/et_pb_slide][\/et_pb_fullwidth_slider][\/et_pb_section][et_pb_section fb_built=\u00a0\u00bb1&Prime; fullwidth=\u00a0\u00bbon\u00a0\u00bb _builder_version=\u00a0\u00bb4.27.4&Prime; _module_preset=\u00a0\u00bbdefault\u00a0\u00bb global_colors_info=\u00a0\u00bb{}\u00a0\u00bb][et_pb_fullwidth_slider _builder_version=\u00a0\u00bb4.27.4&Prime; _module_preset=\u00a0\u00bbdefault\u00a0\u00bb background_image=\u00a0\u00bbhttps:\/\/super-strada.cc\/wp-content\/uploads\/2025\/07\/IMG_4246-scaled-e1754416196380.jpeg\u00a0\u00bb custom_margin=\u00a0\u00bb-2px|||||\u00a0\u00bb link_option_url=\u00a0\u00bbhttps:\/\/super-strada.cc\/575-2\/\u00a0\u00bb global_colors_info=\u00a0\u00bb{}\u00a0\u00bb][et_pb_slide heading=\u00a0\u00bbSUPER STRADA DV1&Prime; button_text=\u00a0\u00bbD\u00e9couvrez-en davantage&#8230;\u00a0\u00bb button_link=\u00a0\u00bbhttps:\/\/super-strada.cc\/shop\/\u00a0\u00bb _builder_version=\u00a0\u00bb4.27.4&Prime; _module_preset=\u00a0\u00bbdefault\u00a0\u00bb background_image=\u00a0\u00bbhttps:\/\/super-strada.cc\/wp-content\/uploads\/2025\/07\/IMG_4250-scaled.jpeg\u00a0\u00bb background_enable_image=\u00a0\u00bbon\u00a0\u00bb global_colors_info=\u00a0\u00bb{}\u00a0\u00bb sticky_transition=\u00a0\u00bbon\u00a0\u00bb]<\/p>\n<h3>A \u00e9t\u00e9 con\u00e7u pour offrir une solution s\u00fbre, stable et fiable et efficace pour votre entreprise. Le cadre Super Strada a \u00e9t\u00e9 con\u00e7u pour supporter plus de capacit\u00e9 que les v\u00e9los \u00e9lectriques ordinaires. Nous assurons \u00e0 nos clients qu&rsquo;une charge suppl\u00e9mentaire de 60 kg n&rsquo;influence pas du tout les caract\u00e9ristiques de conduite.  <\/h3>\n<p>[\/et_pb_slide][et_pb_slide heading=\u00a0\u00bbLa solution de mobilit\u00e9 \u00e9lectrique ultime\u00a0\u00bb button_text=\u00a0\u00bbCliquez ici\u00a0\u00bb _builder_version=\u00a0\u00bb4.27.4&Prime; _module_preset=\u00a0\u00bbdefault\u00a0\u00bb global_colors_info=\u00a0\u00bb{}\u00a0\u00bb sticky_transition=\u00a0\u00bbon\u00a0\u00bb]<\/p>\n<h3>La conception unique de notre cadre brevet\u00e9 a \u00e9t\u00e9 con\u00e7ue pour r\u00e9pondre \u00e0 un objectif. Le tube sup\u00e9rieur robuste plus long avec une selle plus longue a \u00e9t\u00e9 con\u00e7u pour offrir suffisamment de stabilit\u00e9 et transporter deux passagers. <\/h3>\n<p>[\/et_pb_slide][\/et_pb_fullwidth_slider][et_pb_fullwidth_slider _builder_version=\u00a0\u00bb4.27.4&Prime; _module_preset=\u00a0\u00bbdefault\u00a0\u00bb background_image=\u00a0\u00bbhttps:\/\/super-strada.cc\/wp-content\/uploads\/2025\/07\/IMG_2776-scaled.jpg\u00a0\u00bb min_height=\u00a0\u00bb836.2px\u00a0\u00bb custom_margin=\u00a0\u00bb-49px||100px|||\u00a0\u00bb global_colors_info=\u00a0\u00bb{}\u00a0\u00bb][et_pb_slide heading=\u00a0\u00bbRed\u00e9finir votre exp\u00e9rience de v\u00e9lo \u00e9lectrique\u00a0\u00bb button_text=\u00a0\u00bbD\u00e9couvrez-en davantage&#8230;\u00a0\u00bb button_link=\u00a0\u00bbhttps:\/\/super-strada.cc\/fr\/velos\/\u00a0\u00bb _builder_version=\u00a0\u00bb4.27.4&Prime; _module_preset=\u00a0\u00bbdefault\u00a0\u00bb background_image=\u00a0\u00bbhttps:\/\/super-strada.cc\/wp-content\/uploads\/2025\/07\/IMG_2832-scaled.jpg\u00a0\u00bb background_enable_image=\u00a0\u00bbon\u00a0\u00bb global_colors_info=\u00a0\u00bb{}\u00a0\u00bb sticky_transition=\u00a0\u00bbon\u00a0\u00bb]<\/p>\n<p>La conception unique de notre v\u00e9lo \u00e9lectrique et notre concept super cool offrent tout, d&rsquo;un trajet r\u00e9gulier \u00e0 notre syst\u00e8me de livraison modulaire.<\/p>\n<p>[\/et_pb_slide][et_pb_slide heading=\u00a0\u00bbVous emmener partout.\u00a0\u00bb button_text=\u00a0\u00bbKlicks\u00a0\u00bb _builder_version=\u00a0\u00bb4.27.4&Prime; _module_preset=\u00a0\u00bbdefault\u00a0\u00bb background_image=\u00a0\u00bbhttps:\/\/super-strada.cc\/wp-content\/uploads\/2025\/07\/IMG_2698-scaled.jpg\u00a0\u00bb background_enable_image=\u00a0\u00bbon\u00a0\u00bb global_colors_info=\u00a0\u00bb{}\u00a0\u00bb sticky_transition=\u00a0\u00bbon\u00a0\u00bb]<\/p>\n<p>sur tous les terrains&#8230; gravier et asphalte<\/p>\n<p>[\/et_pb_slide][\/et_pb_fullwidth_slider][\/et_pb_section]<\/p>\n","protected":false},"excerpt":{"rendered":"<p>Nous nous engageons \u00e0 cr\u00e9er et \u00e0 concevoir des solutions de mobilit\u00e9 \u00e9lectrique innovantes, efficaces et durables. Dans un monde o\u00f9 les villes sont devenues congestionn\u00e9es et surpeupl\u00e9es, o\u00f9 le transport doit \u00eatre durable, nous avons con\u00e7u une alternative utile, s\u00fbre, fiable et robuste. Notre cadre Super Strada est con\u00e7u pour assurer la stabilit\u00e9 et [&hellip;]<\/p>\n","protected":false},"author":1,"featured_media":0,"parent":0,"menu_order":1,"comment_status":"closed","ping_status":"closed","template":"","meta":{"_et_pb_use_builder":"on","_et_pb_old_content":"","_et_gb_content_width":"","footnotes":""},"class_list":["post-1060","page","type-page","status-publish","hentry"],"aioseo_notices":[],"jetpack_sharing_enabled":true,"_links":{"self":[{"href":"https:\/\/super-strada.cc\/fr\/wp-json\/wp\/v2\/pages\/1060","targetHints":{"allow":["GET"]}}],"collection":[{"href":"https:\/\/super-strada.cc\/fr\/wp-json\/wp\/v2\/pages"}],"about":[{"href":"https:\/\/super-strada.cc\/fr\/wp-json\/wp\/v2\/types\/page"}],"author":[{"embeddable":true,"href":"https:\/\/super-strada.cc\/fr\/wp-json\/wp\/v2\/users\/1"}],"replies":[{"embeddable":true,"href":"https:\/\/super-strada.cc\/fr\/wp-json\/wp\/v2\/comments?post=1060"}],"version-history":[{"count":11,"href":"https:\/\/super-strada.cc\/fr\/wp-json\/wp\/v2\/pages\/1060\/revisions"}],"predecessor-version":[{"id":1221,"href":"https:\/\/super-strada.cc\/fr\/wp-json\/wp\/v2\/pages\/1060\/revisions\/1221"}],"wp:attachment":[{"href":"https:\/\/super-strada.cc\/fr\/wp-json\/wp\/v2\/media?parent=1060"}],"curies":[{"name":"wp","href":"https:\/\/api.w.org\/{rel}","templated":true}]}}