{"id":1059,"date":"2025-07-20T13:38:29","date_gmt":"2025-07-20T13:38:29","guid":{"rendered":"https:\/\/super-strada.cc\/declaration-de-confidentialite\/"},"modified":"2025-12-27T12:38:29","modified_gmt":"2025-12-27T12:38:29","slug":"declaration-de-confidentialite","status":"publish","type":"page","link":"https:\/\/super-strada.cc\/fr\/declaration-de-confidentialite\/","title":{"rendered":"D\u00e9claration de confidentialit\u00e9"},"content":{"rendered":"<p>[et_pb_section fb_built=\u00a0\u00bb1&Prime; _builder_version=\u00a0\u00bb4.27.4&Prime; _module_preset=\u00a0\u00bbdefault\u00a0\u00bb global_colors_info=\u00a0\u00bb{}\u00a0\u00bb][et_pb_row _builder_version=\u00a0\u00bb4.27.4&Prime; _module_preset=\u00a0\u00bbdefault\u00a0\u00bb global_colors_info=\u00a0\u00bb{}\u00a0\u00bb][et_pb_column type=\u00a0\u00bb4_4&Prime; _builder_version=\u00a0\u00bb4.27.4&Prime; _module_preset=\u00a0\u00bbdefault\u00a0\u00bb global_colors_info=\u00a0\u00bb{}\u00a0\u00bb][et_pb_text _builder_version=\u00a0\u00bb4.27.4&Prime; _module_preset=\u00a0\u00bbdefault\u00a0\u00bb text_text_color=\u00a0\u00bb#000000&Prime; hover_enabled=\u00a0\u00bb0&Prime; global_colors_info=\u00a0\u00bb{}\u00a0\u00bb sticky_enabled=\u00a0\u00bb0&Prime;]<\/p>\n<h2><strong>D\u00e9claration de confidentialit\u00e9<\/strong><\/h2>\n<p><strong><\/strong><\/p>\n<p><strong>1. Responsable de la protection des donn\u00e9es<\/strong><\/p>\n<p><span style=\"color: #000000;\">Super-Strada GmbH<\/span><br \/><span style=\"color: #000000;\">Barmbeker Str. 9a<\/span><br \/><span style=\"color: #000000;\">22303 Hambourg<\/span><br \/><span style=\"color: #000000;\">Allemagne<\/span><\/p>\n<p><span style=\"color: #000000;\">T\u00e9l\u00e9phone : +49 (0)40 30732575<\/span><br \/><span style=\"color: #000000;\">E-mail : <a href=\"mailto:info@super-strada.eu\">info@super-strada.eu<\/a><\/span><\/p>\n<p><span style=\"color: #000000;\"><\/span><\/p>\n<p><strong>2. Collecte et stockage des donn\u00e9es personnelles ainsi que la nature et la finalit\u00e9 de leur utilisation<\/strong><\/p>\n<p>a) Lors de la visite du site web<br \/>Lors de l&rsquo;acc\u00e8s \u00e0 notre site web, le navigateur utilis\u00e9 sur votre terminal envoie automatiquement des informations au serveur de notre site web. Ces informations sont temporairement stock\u00e9es dans un fichier journal, appel\u00e9 logfile. Les informations suivantes sont collect\u00e9es sans votre intervention et stock\u00e9es jusqu&rsquo;\u00e0 leur suppression automatique :  <\/p>\n<ul>\n<li>Adresse IP de l&rsquo;ordinateur demandeur<\/li>\n<li>Date et heure de l&rsquo;acc\u00e8s<\/li>\n<li>Nom et URL du fichier consult\u00e9<\/li>\n<li>Site web \u00e0 partir duquel l&rsquo;acc\u00e8s est effectu\u00e9 (Referrer-URL)<\/li>\n<li>Navigateur utilis\u00e9 et, le cas \u00e9ch\u00e9ant, le syst\u00e8me d&rsquo;exploitation de votre ordinateur ainsi que le nom de votre fournisseur d&rsquo;acc\u00e8s <\/li>\n<\/ul>\n<p>Les donn\u00e9es mentionn\u00e9es sont trait\u00e9es afin d&rsquo;assurer une connexion fluide au site web, de garantir la s\u00e9curit\u00e9 et la stabilit\u00e9 du syst\u00e8me, ainsi qu&rsquo;\u00e0 d&rsquo;autres fins administratives. La base juridique du traitement des donn\u00e9es est l&rsquo;art. 6 al. 1 phrase 1 lit. f RGPD.   <\/p>\n<p>b) Lors de l&rsquo;utilisation de notre formulaire de contact<br \/>Si vous utilisez le formulaire de contact, les donn\u00e9es que vous saisissez (par exemple, nom, adresse e-mail, message) ne seront stock\u00e9es et trait\u00e9es que dans le but de traiter votre demande. Le traitement est effectu\u00e9 sur la base de votre consentement conform\u00e9ment \u00e0 l&rsquo;art. 6 al. 1 phrase 1 lit. a RGPD.   <\/p>\n<p><strong>3. Transmission de donn\u00e9es<\/strong><br \/>Une transmission de vos donn\u00e9es personnelles \u00e0 des tiers n&rsquo;a lieu que si cela est n\u00e9cessaire aux fins de l&rsquo;ex\u00e9cution du contrat (par exemple, prestataire de services d&rsquo;exp\u00e9dition, prestataire de services de paiement) ou si vous y avez consenti au pr\u00e9alable. Une transmission \u00e0 d&rsquo;autres fins n&rsquo;a lieu que si vous y avez express\u00e9ment consenti ou s&rsquo;il existe une obligation l\u00e9gale. <\/p>\n<p><strong>4. Cookies<\/strong><br \/>Notre site web utilise des cookies. Les cookies sont de petits fichiers texte qui sont stock\u00e9s sur votre terminal et qui permettent d&rsquo;analyser l&rsquo;utilisation du site web. Vous pouvez emp\u00eacher le stockage des cookies en param\u00e9trant votre logiciel de navigation en cons\u00e9quence ; nous vous informons toutefois que, dans ce cas, vous ne pourrez \u00e9ventuellement pas utiliser toutes les fonctions de ce site web dans leur int\u00e9gralit\u00e9.  <\/p>\n<p><strong>5. Vos droits<\/strong><br \/>Vous avez le droit :<\/p>\n<ul>\n<li>d&rsquo;obtenir des informations sur vos donn\u00e9es stock\u00e9es chez nous ainsi que sur la rectification, la suppression ou la limitation de leur traitement<\/li>\n<li>de vous opposer au traitement de vos donn\u00e9es<\/li>\n<li>\u00e0 la portabilit\u00e9 des donn\u00e9es<\/li>\n<li>de retirer votre consentement, dans la mesure o\u00f9 le traitement est bas\u00e9 sur votre consentement<\/li>\n<\/ul>\n<p>Pour exercer vos droits, vous pouvez nous contacter \u00e0 tout moment. Vous avez \u00e9galement le droit de d\u00e9poser une plainte aupr\u00e8s d&rsquo;une autorit\u00e9 de contr\u00f4le de la protection des donn\u00e9es. <\/p>\n<p><strong>6. Modifications de cette d\u00e9claration de confidentialit\u00e9<\/strong><br \/>Nous nous r\u00e9servons le droit d&rsquo;adapter cette d\u00e9claration de confidentialit\u00e9 si n\u00e9cessaire, afin de l&rsquo;adapter \u00e0 des situations juridiques modifi\u00e9es ou \u00e0 des modifications de notre offre. Vous pouvez consulter la version actuelle sur notre site web. <\/p>\n<p>[\/et_pb_text][\/et_pb_column][\/et_pb_row][\/et_pb_section]<\/p>\n","protected":false},"excerpt":{"rendered":"<p>D\u00e9claration de confidentialit\u00e9 1. Responsable de la protection des donn\u00e9es Super-Strada GmbHBarmbeker Str. 9a22303 HambourgAllemagne T\u00e9l\u00e9phone : +49 (0)40 30732575E-mail : info@super-strada.eu 2. Collecte et stockage des donn\u00e9es personnelles ainsi que la nature et la finalit\u00e9 de leur utilisation a) Lors de la visite du site webLors de l&rsquo;acc\u00e8s \u00e0 notre site web, le navigateur [&hellip;]<\/p>\n","protected":false},"author":1,"featured_media":0,"parent":0,"menu_order":0,"comment_status":"closed","ping_status":"closed","template":"","meta":{"_et_pb_use_builder":"on","_et_pb_old_content":"","_et_gb_content_width":"","footnotes":""},"class_list":["post-1059","page","type-page","status-publish","hentry"],"aioseo_notices":[],"jetpack_sharing_enabled":true,"_links":{"self":[{"href":"https:\/\/super-strada.cc\/fr\/wp-json\/wp\/v2\/pages\/1059","targetHints":{"allow":["GET"]}}],"collection":[{"href":"https:\/\/super-strada.cc\/fr\/wp-json\/wp\/v2\/pages"}],"about":[{"href":"https:\/\/super-strada.cc\/fr\/wp-json\/wp\/v2\/types\/page"}],"author":[{"embeddable":true,"href":"https:\/\/super-strada.cc\/fr\/wp-json\/wp\/v2\/users\/1"}],"replies":[{"embeddable":true,"href":"https:\/\/super-strada.cc\/fr\/wp-json\/wp\/v2\/comments?post=1059"}],"version-history":[{"count":2,"href":"https:\/\/super-strada.cc\/fr\/wp-json\/wp\/v2\/pages\/1059\/revisions"}],"predecessor-version":[{"id":1063,"href":"https:\/\/super-strada.cc\/fr\/wp-json\/wp\/v2\/pages\/1059\/revisions\/1063"}],"wp:attachment":[{"href":"https:\/\/super-strada.cc\/fr\/wp-json\/wp\/v2\/media?parent=1059"}],"curies":[{"name":"wp","href":"https:\/\/api.w.org\/{rel}","templated":true}]}}