{"id":1058,"date":"2025-07-24T10:25:21","date_gmt":"2025-07-24T10:25:21","guid":{"rendered":"https:\/\/super-strada.cc\/impressum\/"},"modified":"2025-12-27T12:38:29","modified_gmt":"2025-12-27T12:38:29","slug":"impressum","status":"publish","type":"page","link":"https:\/\/super-strada.cc\/fr\/impressum\/","title":{"rendered":"Impressum"},"content":{"rendered":"\n[et_pb_section fb_built=\u00a0\u00bb1&Prime; _builder_version=\u00a0\u00bb4.27.4&Prime; _module_preset=\u00a0\u00bbdefault\u00a0\u00bb hover_enabled=\u00a0\u00bb0&Prime; global_colors_info=\u00a0\u00bb{}\u00a0\u00bb sticky_enabled=\u00a0\u00bb0&Prime;][et_pb_row _builder_version=\u00a0\u00bb4.27.4&Prime; _module_preset=\u00a0\u00bbdefault\u00a0\u00bb global_colors_info=\u00a0\u00bb{}\u00a0\u00bb][et_pb_column type=\u00a0\u00bb4_4&Prime; _builder_version=\u00a0\u00bb4.27.4&Prime; _module_preset=\u00a0\u00bbdefault\u00a0\u00bb global_colors_info=\u00a0\u00bb{}\u00a0\u00bb][et_pb_text _builder_version=\u00a0\u00bb4.27.4&Prime; _module_preset=\u00a0\u00bbdefault\u00a0\u00bb text_text_color=\u00a0\u00bb#000000&Prime; hover_enabled=\u00a0\u00bb0&Prime; global_colors_info=\u00a0\u00bb{}\u00a0\u00bb sticky_enabled=\u00a0\u00bb0&Prime; custom_padding=\u00a0\u00bb||0px|||\u00a0\u00bb]<h2><span style=\"color: #000000;\"><strong>Impressum<\/strong><\/span><\/h2>\n<p><span style=\"color: #000000;\">Informations conform\u00e9ment au \u00a7 5 TMG :<\/span><\/p>\n<p><span style=\"color: #000000;\">Pearl UG<\/span><br><span style=\"color: #000000;\">Schumann Str 55<\/span><br><span style=\"color: #000000;\">22085 Hambourg<\/span><br><span style=\"color: #000000;\">Allemagne<\/span><\/p>\n<p><strong><span style=\"color: #000000;\">Contact :<\/span><\/strong><br><span style=\"color: #000000;\">T\u00e9l\u00e9phone : +49 174 6106928<\/span><br><span style=\"color: #000000;\">E-mail : info@super-strada.cc<\/span><br><span style=\"color: #000000;\">Site web : super-strada.cc<\/span><\/p>\n<p><strong><span style=\"color: #000000;\">Repr\u00e9sent\u00e9 par :<\/span><\/strong><br><span style=\"color: #000000;\">Roger Tanner<\/span><\/p>\n<p><strong><span style=\"color: #000000;\">Inscription au registre :<\/span><\/strong><br><span style=\"color: #000000;\">Tribunal d&rsquo;instance de Hambourg<\/span><br><span style=\"color: #000000;\">Num\u00e9ro de registre : HRB<br>Num\u00e9ro d&rsquo;identification fiscale : <\/span> <\/p>\n<p><strong><span style=\"color: #000000;\">Num\u00e9ro d&rsquo;identification \u00e0 la TVA conform\u00e9ment au \u00a727a de la loi allemande sur la taxe sur le chiffre d&rsquo;affaires :<\/span><\/strong><br><span style=\"color: #000000;\">[USt-ID]<\/span><\/p>\n<p><strong><span style=\"color: #000000;\">Responsable du contenu selon \u00a7 55 alin\u00e9a 2 RStV :<br><\/span><\/strong><span style=\"color: #000000;\">Pearl UG<\/span><br><span style=\"color: #000000;\">Schumann Str 55<\/span><br><span style=\"color: #000000;\">22085 Hambourg<\/span><br><span style=\"color: #000000;\">Allemagne<\/span><\/p>\n<p><span style=\"color: #000000;\">T\u00e9l\u00e9phone : +49 174 6106928<\/span><br><span style=\"color: #000000;\">E-mail : info@super-strada.cc<\/span><br><span style=\"color: #000000;\">Site web : super-strada.cc<\/span><\/p>\n<p>&nbsp;<\/p>\n<p><strong><span style=\"color: #000000;\">Remarque :<\/span><\/strong><br><span style=\"color: #000000;\">Le contenu de ce site web a \u00e9t\u00e9 cr\u00e9\u00e9 avec le plus grand soin. Toutefois, aucune garantie ne peut \u00eatre donn\u00e9e quant \u00e0 l&rsquo;exactitude, l&rsquo;exhaustivit\u00e9 et l&rsquo;actualit\u00e9 du contenu.<\/span><\/p>\n<p><strong>Exclusion de responsabilit\u00e9 :<\/strong><br>Malgr\u00e9 un contr\u00f4le minutieux du contenu, nous n&rsquo;assumons aucune responsabilit\u00e9 pour le contenu des liens externes. Seuls les exploitants des pages li\u00e9es sont responsables de leur contenu. <\/p>\n<p><strong>D\u00e9claration de confidentialit\u00e9 :<\/strong><br>Vous trouverez de plus amples informations sur la protection des donn\u00e9es dans notre d\u00e9claration de confidentialit\u00e9.<\/p>[\/et_pb_text][\/et_pb_column][\/et_pb_row][\/et_pb_section]\n","protected":false},"excerpt":{"rendered":"<p>Impressum Informations conform\u00e9ment au \u00a7 5 TMG : Pearl UGSchumann Str 5522085 HambourgAllemagne Contact :T\u00e9l\u00e9phone : +49 174 6106928E-mail : info@super-strada.ccSite web : super-strada.cc Repr\u00e9sent\u00e9 par :Roger Tanner Inscription au registre :Tribunal d&rsquo;instance de HambourgNum\u00e9ro de registre : HRBNum\u00e9ro d&rsquo;identification fiscale : Num\u00e9ro d&rsquo;identification \u00e0 la TVA conform\u00e9ment au \u00a727a de la loi allemande sur [&hellip;]<\/p>\n","protected":false},"author":1,"featured_media":0,"parent":0,"menu_order":0,"comment_status":"closed","ping_status":"closed","template":"","meta":{"_et_pb_use_builder":"on","_et_pb_old_content":"","_et_gb_content_width":"","footnotes":""},"class_list":["post-1058","page","type-page","status-publish","hentry"],"aioseo_notices":[],"jetpack_sharing_enabled":true,"_links":{"self":[{"href":"https:\/\/super-strada.cc\/fr\/wp-json\/wp\/v2\/pages\/1058","targetHints":{"allow":["GET"]}}],"collection":[{"href":"https:\/\/super-strada.cc\/fr\/wp-json\/wp\/v2\/pages"}],"about":[{"href":"https:\/\/super-strada.cc\/fr\/wp-json\/wp\/v2\/types\/page"}],"author":[{"embeddable":true,"href":"https:\/\/super-strada.cc\/fr\/wp-json\/wp\/v2\/users\/1"}],"replies":[{"embeddable":true,"href":"https:\/\/super-strada.cc\/fr\/wp-json\/wp\/v2\/comments?post=1058"}],"version-history":[{"count":1,"href":"https:\/\/super-strada.cc\/fr\/wp-json\/wp\/v2\/pages\/1058\/revisions"}],"predecessor-version":[{"id":1061,"href":"https:\/\/super-strada.cc\/fr\/wp-json\/wp\/v2\/pages\/1058\/revisions\/1061"}],"wp:attachment":[{"href":"https:\/\/super-strada.cc\/fr\/wp-json\/wp\/v2\/media?parent=1058"}],"curies":[{"name":"wp","href":"https:\/\/api.w.org\/{rel}","templated":true}]}}