{"id":914,"date":"2025-08-16T22:41:17","date_gmt":"2025-08-16T22:41:17","guid":{"rendered":"https:\/\/super-strada.cc\/fahrrader\/"},"modified":"2025-11-16T16:29:53","modified_gmt":"2025-11-16T16:29:53","slug":"fahrrader","status":"publish","type":"page","link":"https:\/\/super-strada.cc\/de\/fahrrader\/","title":{"rendered":"E-BIKES"},"content":{"rendered":"<p>[et_pb_section fb_built=&#8220;1&#8243; _builder_version=&#8220;4.27.4&#8243; _module_preset=&#8220;default&#8220; background_color=&#8220;#EFEFEF&#8220; background_image=&#8220;https:\/\/super-strada.cc\/wp-content\/uploads\/2025\/07\/IMG_2846-scaled.jpg&#8220; min_height=&#8220;523px&#8220; custom_padding=&#8220;223px||0px|||&#8220; global_colors_info=&#8220;{}&#8220;][et_pb_row _builder_version=&#8220;4.27.4&#8243; _module_preset=&#8220;default&#8220; min_height=&#8220;167px&#8220; custom_padding=&#8220;185px||3px|||&#8220; global_colors_info=&#8220;{}&#8220;][et_pb_column type=&#8220;4_4&#8243; _builder_version=&#8220;4.27.4&#8243; _module_preset=&#8220;default&#8220; global_colors_info=&#8220;{}&#8220;][et_pb_text _builder_version=&#8220;4.27.4&#8243; _module_preset=&#8220;default&#8220; text_text_color=&#8220;gcid-primary-color&#8220; header_text_color=&#8220;#FFFFFF&#8220; header_font_size=&#8220;60px&#8220; min_height=&#8220;146px&#8220; custom_margin=&#8220;||||false|false&#8220; custom_padding=&#8220;43px||0px|||&#8220; global_colors_info=&#8220;{%22gcid-primary-color%22:%91%22text_text_color%22%93}&#8220;]<\/p>\n<h1><span style=\"color: #ffffff;\"><strong>  Entdecken Sie das passende E-Bike f\u00fcr sich.<\/strong><\/span><\/h1>\n<p><span style=\"color: #ffffff;\"><strong><\/strong><\/span><\/p>\n<p><span style=\"color: #ffffff;\"><strong><\/strong><\/span><\/p>\n<p>[\/et_pb_text][\/et_pb_column][\/et_pb_row][\/et_pb_section][et_pb_section fb_built=&#8220;1&#8243; _builder_version=&#8220;4.27.4&#8243; _module_preset=&#8220;default&#8220; global_colors_info=&#8220;{}&#8220;][et_pb_row column_structure=&#8220;1_2,1_2&#8243; _builder_version=&#8220;4.27.4&#8243; _module_preset=&#8220;default&#8220; global_colors_info=&#8220;{}&#8220;][et_pb_column type=&#8220;1_2&#8243; _builder_version=&#8220;4.27.4&#8243; _module_preset=&#8220;default&#8220; global_colors_info=&#8220;{}&#8220;][et_pb_text _builder_version=&#8220;4.27.4&#8243; _module_preset=&#8220;default&#8220; hover_enabled=&#8220;0&#8243; global_colors_info=&#8220;{}&#8220; sticky_enabled=&#8220;0&#8243;]<\/p>\n<p>Super Strada ist ein E-Mobility-Startup, entwickelt und designt in Hamburg, Deutschland. Unser Ziel ist es, eine nachhaltige Alternative zu den aktuellen Transportmitteln im urbanen Umfeld anzubieten. Wie machen wir das? Wir mussten ein Produkt entwickeln, das vielseitig, erschwinglich, nachhaltig, effizient und einfach zu fahren ist. Unsere E-Bikes k\u00f6nnen f\u00fcr Freizeit-, Pendel- und Industriezwecke eingesetzt werden. Unser Rahmen ist so konzipiert, dass er zus\u00e4tzliches Gewicht tragen kann, unsere modularen Boxen k\u00f6nnen ein zus\u00e4tzliches Volumen von 60 Litern aufnehmen. Unsere Fahrr\u00e4der beginnen bei 2490 EUR und sind f\u00fcr zwei Passagiere ausgelegt, wobei alle Sicherheitsaspekte ber\u00fccksichtigt werden.      <\/p>\n<p>[\/et_pb_text][\/et_pb_column][et_pb_column type=&#8220;1_2&#8243; _builder_version=&#8220;4.27.4&#8243; _module_preset=&#8220;default&#8220; global_colors_info=&#8220;{}&#8220;][et_pb_image src=&#8220;https:\/\/super-strada.cc\/wp-content\/uploads\/2025\/07\/IMG_2856-scaled.jpg&#8220; title_text=&#8220;IMG_2856&#8243; _builder_version=&#8220;4.27.4&#8243; _module_preset=&#8220;default&#8220; global_colors_info=&#8220;{}&#8220;][\/et_pb_image][\/et_pb_column][\/et_pb_row][\/et_pb_section][et_pb_section fb_built=&#8220;1&#8243; fullwidth=&#8220;on&#8220; _builder_version=&#8220;4.27.4&#8243; _module_preset=&#8220;default&#8220; global_colors_info=&#8220;{}&#8220;][\/et_pb_section][et_pb_section fb_built=&#8220;1&#8243; _builder_version=&#8220;4.27.4&#8243; _module_preset=&#8220;default&#8220; global_colors_info=&#8220;{}&#8220;][et_pb_row column_structure=&#8220;1_2,1_2&#8243; _builder_version=&#8220;4.27.4&#8243; _module_preset=&#8220;default&#8220; global_colors_info=&#8220;{}&#8220;][et_pb_column type=&#8220;1_2&#8243; _builder_version=&#8220;4.27.4&#8243; _module_preset=&#8220;default&#8220; global_colors_info=&#8220;{}&#8220;][et_pb_image src=&#8220;https:\/\/super-strada.cc\/wp-content\/uploads\/2025\/07\/IMG_2922-scaled.jpg&#8220; title_text=&#8220;IMG_2922&#8243; _builder_version=&#8220;4.27.4&#8243; _module_preset=&#8220;default&#8220; global_colors_info=&#8220;{}&#8220;][\/et_pb_image][\/et_pb_column][et_pb_column type=&#8220;1_2&#8243; _builder_version=&#8220;4.27.4&#8243; _module_preset=&#8220;default&#8220; global_colors_info=&#8220;{}&#8220;][et_pb_text _builder_version=&#8220;4.27.4&#8243; _module_preset=&#8220;default&#8220; global_colors_info=&#8220;{}&#8220;]<\/p>\n<p><strong>LAMBDA DESIGN<\/strong><\/p>\n<p>Entwickelt und konstruiert, um neue Standards in der E-Mobilit\u00e4t zu setzen. Das Super Strada E-Bike verf\u00fcgt \u00fcber ein einzigartiges Rahmendesign, das zus\u00e4tzliche Lasten tragen kann und perfekte Fahreigenschaften bietet. <\/p>\n<p>[\/et_pb_text][\/et_pb_column][\/et_pb_row][et_pb_row column_structure=&#8220;1_2,1_2&#8243; _builder_version=&#8220;4.27.4&#8243; _module_preset=&#8220;default&#8220; global_colors_info=&#8220;{}&#8220;][et_pb_column type=&#8220;1_2&#8243; _builder_version=&#8220;4.27.4&#8243; _module_preset=&#8220;default&#8220; global_colors_info=&#8220;{}&#8220;][et_pb_text _builder_version=&#8220;4.27.4&#8243; _module_preset=&#8220;default&#8220; global_colors_info=&#8220;{}&#8220;]<\/p>\n<p><strong>VIELSEITIGES COCKPIT<\/strong><\/p>\n<p>Unser Super Strada Display und Cockpit bietet zus\u00e4tzliche Funktionen wie einen USB-Ladeanschluss, Blinker links und rechts, extra helle LED-Leuchten und eine Hupe.<\/p>\n<p>Sie sind immer auf dem Laufenden \u00fcber Batteriestand, Geschwindigkeit und Fahrt.<\/p>\n<p>&nbsp;<\/p>\n<p>&nbsp;<\/p>\n<p>[\/et_pb_text][\/et_pb_column][et_pb_column type=&#8220;1_2&#8243; _builder_version=&#8220;4.27.4&#8243; _module_preset=&#8220;default&#8220; global_colors_info=&#8220;{}&#8220;][et_pb_image src=&#8220;https:\/\/super-strada.cc\/wp-content\/uploads\/2025\/07\/IMG_2881-scaled.jpg&#8220; title_text=&#8220;IMG_2881&#8243; _builder_version=&#8220;4.27.4&#8243; _module_preset=&#8220;default&#8220; global_colors_info=&#8220;{}&#8220;][\/et_pb_image][\/et_pb_column][\/et_pb_row][et_pb_row column_structure=&#8220;1_2,1_2&#8243; _builder_version=&#8220;4.27.4&#8243; _module_preset=&#8220;default&#8220; global_colors_info=&#8220;{}&#8220;][et_pb_column type=&#8220;1_2&#8243; _builder_version=&#8220;4.27.4&#8243; _module_preset=&#8220;default&#8220; global_colors_info=&#8220;{}&#8220;][et_pb_image src=&#8220;https:\/\/super-strada.cc\/wp-content\/uploads\/2025\/07\/IMG_2854-scaled.jpg&#8220; title_text=&#8220;IMG_2854&#8243; _builder_version=&#8220;4.27.4&#8243; _module_preset=&#8220;default&#8220; global_colors_info=&#8220;{}&#8220;][\/et_pb_image][\/et_pb_column][et_pb_column type=&#8220;1_2&#8243; _builder_version=&#8220;4.27.4&#8243; _module_preset=&#8220;default&#8220; global_colors_info=&#8220;{}&#8220;][et_pb_text _builder_version=&#8220;4.27.4&#8243; _module_preset=&#8220;default&#8220; global_colors_info=&#8220;{}&#8220;]<\/p>\n<p><strong>EFFIZIENT<\/strong><\/p>\n<p>Das Super Strada E-Bike kann zwei Personen transportieren und mit unseren Boxen sogar noch etwas mehr.<\/p>\n<p>[\/et_pb_text][\/et_pb_column][\/et_pb_row][et_pb_row column_structure=&#8220;1_2,1_2&#8243; _builder_version=&#8220;4.27.4&#8243; _module_preset=&#8220;default&#8220; global_colors_info=&#8220;{}&#8220;][et_pb_column type=&#8220;1_2&#8243; _builder_version=&#8220;4.27.4&#8243; _module_preset=&#8220;default&#8220; global_colors_info=&#8220;{}&#8220;][et_pb_text _builder_version=&#8220;4.27.4&#8243; _module_preset=&#8220;default&#8220; global_colors_info=&#8220;{}&#8220;]<\/p>\n<p><strong>SPASS<\/strong><\/p>\n<p><strong>Super Strada E-Bikes k\u00f6nnen die Last tragen&#8230; sind aber auch f\u00fcr viel Spa\u00df gut. Unsere Fatbike-Reifen kommen sowohl mit Asphalt als auch mit Offroad-Schotter zurecht&#8230; viel Spa\u00df.<\/strong><\/p>\n<p>[\/et_pb_text][\/et_pb_column][et_pb_column type=&#8220;1_2&#8243; _builder_version=&#8220;4.27.4&#8243; _module_preset=&#8220;default&#8220; global_colors_info=&#8220;{}&#8220;][et_pb_image src=&#8220;https:\/\/super-strada.cc\/wp-content\/uploads\/2025\/08\/Super-Strada_pamphlet_draft_051500_8b7139f2-95ad-4303-830e-ce32568d69ee.webp&#8220; title_text=&#8220;Super-Strada_pamphlet_draft_051500_8b7139f2-95ad-4303-830e-ce32568d69ee&#8220; _builder_version=&#8220;4.27.4&#8243; _module_preset=&#8220;default&#8220; global_colors_info=&#8220;{}&#8220;][\/et_pb_image][\/et_pb_column][\/et_pb_row][\/et_pb_section][et_pb_section fb_built=&#8220;1&#8243; _builder_version=&#8220;4.27.4&#8243; _module_preset=&#8220;default&#8220; background_color=&#8220;#FFFFFF&#8220; global_colors_info=&#8220;{}&#8220;][et_pb_row column_structure=&#8220;1_2,1_2&#8243; _builder_version=&#8220;4.27.4&#8243; _module_preset=&#8220;default&#8220; global_colors_info=&#8220;{}&#8220;][et_pb_column type=&#8220;1_2&#8243; _builder_version=&#8220;4.27.4&#8243; _module_preset=&#8220;default&#8220; global_colors_info=&#8220;{}&#8220;][et_pb_text _builder_version=&#8220;4.27.4&#8243; _module_preset=&#8220;default&#8220; text_text_color=&#8220;#000000&#8243; global_colors_info=&#8220;{}&#8220;]<\/p>\n<h2><strong><\/strong><\/h2>\n<h2><strong><\/strong><\/h2>\n<h2><strong>NOMAD<\/strong><\/h2>\n<p>&nbsp;<\/p>\n<p>Definieren Sie Ihre Fahrt neu mit dem Super Strada NOMAD, einem extrem robusten E-Bike, das f\u00fcr Leistung und Komfort gebaut wurde.<\/p>\n<p>Ausgestattet mit einem 48V 250W Bafang-Motor und einem 20Ah SS-PRO-Akku bietet dieses Fahrrad m\u00fchelose Leistung und eine Reichweite, die ideal f\u00fcr den Stadtverkehr oder Offroad-Abenteuer ist. Ausgestattet mit einer erstklassigen DH-Federung, hydraulischen 4-Kolben-Scheibenbremsen und einer Shimano CUES 9-Gang-Schaltung sorgt es f\u00fcr eine sanfte und kontrollierte Fahrt auch auf h\u00e4rtestem Gel\u00e4nde. <\/p>\n<p>[\/et_pb_text][et_pb_button button_url=&#8220;https:\/\/super-strada.cc\/super-strada-nomad\/&#8220; button_text=&#8220;Discover more&#8230;&#8220; _builder_version=&#8220;4.27.4&#8243; _module_preset=&#8220;default&#8220; global_colors_info=&#8220;{}&#8220;][\/et_pb_button][\/et_pb_column][et_pb_column type=&#8220;1_2&#8243; _builder_version=&#8220;4.27.4&#8243; _module_preset=&#8220;default&#8220; global_colors_info=&#8220;{}&#8220;][et_pb_image src=&#8220;https:\/\/super-strada.cc\/wp-content\/uploads\/2025\/07\/STRADA-BIKE-NOMAD-ANTH01_01_5000x-1-e1755415108997.webp&#8220; title_text=&#8220;STRADA-BIKE-NOMAD-ANTH01_01_5000x&#8220; _builder_version=&#8220;4.27.4&#8243; _module_preset=&#8220;default&#8220; global_colors_info=&#8220;{}&#8220;][\/et_pb_image][\/et_pb_column][\/et_pb_row][et_pb_row column_structure=&#8220;1_2,1_2&#8243; _builder_version=&#8220;4.27.4&#8243; _module_preset=&#8220;default&#8220; global_colors_info=&#8220;{}&#8220;][et_pb_column type=&#8220;1_2&#8243; _builder_version=&#8220;4.27.4&#8243; _module_preset=&#8220;default&#8220; global_colors_info=&#8220;{}&#8220;][et_pb_image src=&#8220;https:\/\/super-strada.cc\/wp-content\/uploads\/2025\/07\/STRADA-BIKE-CRUZE-GRAY01_01_ea7a9423-356e-450d-9e93-f5769a5e513a_5000x.webp&#8220; title_text=&#8220;STRADA-BIKE-CRUZE-GRAY01_01_ea7a9423-356e-450d-9e93-f5769a5e513a_5000x&#8220; _builder_version=&#8220;4.27.4&#8243; _module_preset=&#8220;default&#8220; global_colors_info=&#8220;{}&#8220;][\/et_pb_image][\/et_pb_column][et_pb_column type=&#8220;1_2&#8243; _builder_version=&#8220;4.27.4&#8243; _module_preset=&#8220;default&#8220; global_colors_info=&#8220;{}&#8220;][et_pb_text _builder_version=&#8220;4.27.4&#8243; _module_preset=&#8220;default&#8220; text_text_color=&#8220;#000000&#8243; global_colors_info=&#8220;{}&#8220;]<\/p>\n<h2><strong>CRUZE<\/strong><\/h2>\n<p><strong><\/strong><\/p>\n<p>Steigern Sie Ihr Fahrerlebnis mit unserem Super Strada CRUZE E-Bike, das sich durch Leistung, Fahrqualit\u00e4t und Zuverl\u00e4ssigkeit auszeichnet. Dieses E-Bike wurde entwickelt, um die Konkurrenz in allen drei Aspekten zu schlagen.<\/p>\n<p>Ausgestattet mit einem 48V &#8211; 250W SUPER STRADA getunten BAFANG Motor und einem 20Ah SS-PRO Akku, bietet der Cruze eine extrem starke Leistung und eine gr\u00f6\u00dfere Reichweite f\u00fcr Fahrten, die perfekt f\u00fcr Stadtfahrten oder Wochenendausfl\u00fcge sind. Der CRUZE verf\u00fcgt \u00fcber eine Premium-Vorderradaufh\u00e4ngung mit Goldbeschichtung, hydraulische 4-Kolben-Scheibenbremsen und eine Shimano Altus 8-Gang-Schaltung sowie weitere Top-Features. Dieses Fahrrad bietet bequem Platz f\u00fcr 2 Personen und bietet viel horizontale Stabilit\u00e4t, um eine reibungslose und zuverl\u00e4ssige Fahrt auf verschiedenen Terrains zu gew\u00e4hrleisten.  <\/p>\n<p>&nbsp;<\/p>\n<p><span><\/span><\/p>\n<p>[\/et_pb_text][et_pb_button button_url=&#8220;https:\/\/super-strada.cc\/cruze-product\/&#8220; button_text=&#8220;Discover more&#8230;&#8220; _builder_version=&#8220;4.27.4&#8243; _module_preset=&#8220;default&#8220; global_colors_info=&#8220;{}&#8220;][\/et_pb_button][\/et_pb_column][\/et_pb_row][\/et_pb_section][et_pb_section fb_built=&#8220;1&#8243; fullwidth=&#8220;on&#8220; _builder_version=&#8220;4.27.4&#8243; _module_preset=&#8220;default&#8220; background_image=&#8220;https:\/\/super-strada.cc\/wp-content\/uploads\/2025\/07\/IMG_2856-scaled.jpg&#8220; global_colors_info=&#8220;{}&#8220;][et_pb_fullwidth_slider _builder_version=&#8220;4.27.4&#8243; _module_preset=&#8220;default&#8220; background_image=&#8220;https:\/\/super-strada.cc\/wp-content\/uploads\/2025\/07\/Super-Strada_pamphlet_05_2000_3a2ab381-73f9-4606-90bc-10236f97921e_5000x.webp&#8220; global_colors_info=&#8220;{}&#8220;][et_pb_slide heading=&#8220;SUPER STRADA NOMAD&#8220; _builder_version=&#8220;4.27.4&#8243; _module_preset=&#8220;default&#8220; background_image=&#8220;https:\/\/super-strada.cc\/wp-content\/uploads\/2025\/07\/241114_nomad-2-scaled.jpg&#8220; background_enable_image=&#8220;on&#8220; global_colors_info=&#8220;{}&#8220; sticky_transition=&#8220;on&#8220;][\/et_pb_slide][\/et_pb_fullwidth_slider][\/et_pb_section][et_pb_section fb_built=&#8220;1&#8243; _builder_version=&#8220;4.27.4&#8243; _module_preset=&#8220;default&#8220; custom_padding=&#8220;54px|||||&#8220; global_colors_info=&#8220;{}&#8220;][et_pb_row column_structure=&#8220;1_2,1_2&#8243; _builder_version=&#8220;4.27.4&#8243; _module_preset=&#8220;default&#8220; global_colors_info=&#8220;{}&#8220;][et_pb_column type=&#8220;1_2&#8243; _builder_version=&#8220;4.27.4&#8243; _module_preset=&#8220;default&#8220; global_colors_info=&#8220;{}&#8220;][et_pb_image src=&#8220;https:\/\/super-strada.cc\/wp-content\/uploads\/2025\/07\/STRADA-BIKE-RAGE-NEON01_01_5000x.webp&#8220; title_text=&#8220;STRADA-BIKE-RAGE-NEON01_01_5000x&#8220; _builder_version=&#8220;4.27.4&#8243; _module_preset=&#8220;default&#8220; global_colors_info=&#8220;{}&#8220;][\/et_pb_image][\/et_pb_column][et_pb_column type=&#8220;1_2&#8243; _builder_version=&#8220;4.27.4&#8243; _module_preset=&#8220;default&#8220; global_colors_info=&#8220;{}&#8220;][et_pb_text _builder_version=&#8220;4.27.4&#8243; _module_preset=&#8220;default&#8220; text_text_color=&#8220;#000000&#8243; global_colors_info=&#8220;{}&#8220;]<\/p>\n<h2><strong>RAGE<\/strong><\/h2>\n<p>&nbsp;<\/p>\n<p><span><\/span><\/p>\n<p>Entfesseln Sie Ihre Fahrt mit dem Super Strada RAGE, einem E-Bike, das f\u00fcr Leistung und robuste Performance gebaut wurde.<\/p>\n<p>Ausgestattet mit einem 48V 250W Motor und einem 10,5Ah PRO Akku bietet der Rage eine beeindruckende Beschleunigung und eine H\u00f6chstgeschwindigkeit von 45 km\/h. Die Hochleistungs-Vorderradaufh\u00e4ngung und die hydraulischen 4-Kolben-Bremsen sorgen f\u00fcr eine sanfte, kontrollierte Fahrt, w\u00e4hrend der Single-Speed-Antrieb das Schalten vereinfacht. <\/p>\n<p>[\/et_pb_text][et_pb_button button_url=&#8220;https:\/\/super-strada.cc\/rage-product\/&#8220; button_text=&#8220;Discover more&#8230;&#8220; _builder_version=&#8220;4.27.4&#8243; _module_preset=&#8220;default&#8220; global_colors_info=&#8220;{}&#8220;][\/et_pb_button][\/et_pb_column][\/et_pb_row][\/et_pb_section][et_pb_section fb_built=&#8220;1&#8243; fullwidth=&#8220;on&#8220; _builder_version=&#8220;4.27.4&#8243; _module_preset=&#8220;default&#8220; background_image=&#8220;https:\/\/super-strada.cc\/wp-content\/uploads\/2025\/07\/IMG_2856-scaled.jpg&#8220; global_colors_info=&#8220;{}&#8220;][et_pb_fullwidth_slider _builder_version=&#8220;4.27.4&#8243; _module_preset=&#8220;default&#8220; global_colors_info=&#8220;{}&#8220;][et_pb_slide heading=&#8220;Your next E bike&#8220; button_text=&#8220;Klicks&#8220; _builder_version=&#8220;4.27.4&#8243; _module_preset=&#8220;default&#8220; background_image=&#8220;https:\/\/super-strada.cc\/wp-content\/uploads\/2025\/07\/IMG_2856-scaled.jpg&#8220; background_enable_image=&#8220;on&#8220; global_colors_info=&#8220;{}&#8220; sticky_transition=&#8220;on&#8220;]<\/p>\n<p>Hier k\u00f6nnen Sie sich \u00fcber unsere Leasing- und Finanzierungsoptionen informieren<\/p>\n<p>[\/et_pb_slide][et_pb_slide heading=&#8220;Bike Leasing&#8220; button_text=&#8220;Klicks&#8220; _builder_version=&#8220;4.27.4&#8243; _module_preset=&#8220;default&#8220; background_image=&#8220;https:\/\/super-strada.cc\/wp-content\/uploads\/2025\/07\/IMG_2851-scaled.jpg&#8220; background_enable_image=&#8220;on&#8220; global_colors_info=&#8220;{}&#8220; sticky_transition=&#8220;on&#8220;][\/et_pb_slide][\/et_pb_fullwidth_slider][\/et_pb_section]<\/p>\n","protected":false},"excerpt":{"rendered":"<p>Entdecken Sie das passende E-Bike f\u00fcr sich. Super Strada ist ein E-Mobility-Startup, entwickelt und designt in Hamburg, Deutschland. Unser Ziel ist es, eine nachhaltige Alternative zu den aktuellen Transportmitteln im urbanen Umfeld anzubieten. Wie machen wir das? Wir mussten ein Produkt entwickeln, das vielseitig, erschwinglich, nachhaltig, effizient und einfach zu fahren ist. Unsere E-Bikes k\u00f6nnen [&hellip;]<\/p>\n","protected":false},"author":1,"featured_media":0,"parent":0,"menu_order":0,"comment_status":"closed","ping_status":"closed","template":"","meta":{"_et_pb_use_builder":"on","_et_pb_old_content":"","_et_gb_content_width":"","footnotes":""},"class_list":["post-914","page","type-page","status-publish","hentry"],"aioseo_notices":[],"jetpack_sharing_enabled":true,"_links":{"self":[{"href":"https:\/\/super-strada.cc\/de\/wp-json\/wp\/v2\/pages\/914","targetHints":{"allow":["GET"]}}],"collection":[{"href":"https:\/\/super-strada.cc\/de\/wp-json\/wp\/v2\/pages"}],"about":[{"href":"https:\/\/super-strada.cc\/de\/wp-json\/wp\/v2\/types\/page"}],"author":[{"embeddable":true,"href":"https:\/\/super-strada.cc\/de\/wp-json\/wp\/v2\/users\/1"}],"replies":[{"embeddable":true,"href":"https:\/\/super-strada.cc\/de\/wp-json\/wp\/v2\/comments?post=914"}],"version-history":[{"count":3,"href":"https:\/\/super-strada.cc\/de\/wp-json\/wp\/v2\/pages\/914\/revisions"}],"predecessor-version":[{"id":967,"href":"https:\/\/super-strada.cc\/de\/wp-json\/wp\/v2\/pages\/914\/revisions\/967"}],"wp:attachment":[{"href":"https:\/\/super-strada.cc\/de\/wp-json\/wp\/v2\/media?parent=914"}],"curies":[{"name":"wp","href":"https:\/\/api.w.org\/{rel}","templated":true}]}}