{"id":1110,"date":"2025-11-24T14:12:14","date_gmt":"2025-11-24T14:12:14","guid":{"rendered":"https:\/\/super-strada.cc\/news\/"},"modified":"2025-12-27T12:38:59","modified_gmt":"2025-12-27T12:38:59","slug":"news","status":"publish","type":"page","link":"https:\/\/super-strada.cc\/de\/news\/","title":{"rendered":"NEWS"},"content":{"rendered":"<p>[et_pb_section fb_built=&#8220;1&#8243; _builder_version=&#8220;4.27.5&#8243; _module_preset=&#8220;default&#8220; global_colors_info=&#8220;{}&#8220;][et_pb_row _builder_version=&#8220;4.27.5&#8243; _module_preset=&#8220;default&#8220; global_colors_info=&#8220;{}&#8220;][et_pb_column type=&#8220;4_4&#8243; _builder_version=&#8220;4.27.5&#8243; _module_preset=&#8220;default&#8220; global_colors_info=&#8220;{}&#8220;][et_pb_image src=&#8220;https:\/\/super-strada.cc\/wp-content\/uploads\/2025\/12\/26GPA-Finalist-for-light-background-scaled.png&#8220; title_text=&#8220;26GPA-Finalist-f\u00fcr-hellen-Hintergrund&#8220; _builder_version=&#8220;4.27.5&#8243; _module_preset=&#8220;default&#8220; global_colors_info=&#8220;{}&#8220;][\/et_pb_image][\/et_pb_column][\/et_pb_row][\/et_pb_section][et_pb_section fb_built=&#8220;1&#8243; fullwidth=&#8220;on&#8220; theme_builder_area=&#8220;post_content&#8220; _builder_version=&#8220;4.27.5&#8243; _module_preset=&#8220;default&#8220;][et_pb_fullwidth_slider _builder_version=&#8220;4.27.5&#8243; _module_preset=&#8220;default&#8220; theme_builder_area=&#8220;post_content&#8220; hover_enabled=&#8220;0&#8243; sticky_enabled=&#8220;0&#8243;][et_pb_slide heading=&#8220;Wir haben es ins Finale geschafft.. &#8220; button_text=&#8220;Bitte ABSTIMMEN!!&#8220; _builder_version=&#8220;4.27.5&#8243; _module_preset=&#8220;default&#8220; theme_builder_area=&#8220;post_content&#8220; title_text=&#8220;wolt 2&#8243; background_image=&#8220;https:\/\/super-strada.cc\/wp-content\/uploads\/2025\/11\/wolt-2-scaled.jpeg&#8220; background_enable_image=&#8220;on&#8220; hover_enabled=&#8220;0&#8243; sticky_enabled=&#8220;0&#8243; button_link=&#8220;https:\/\/www.gp-award.com\/en\/products\/super-strada&#8220;]<\/p>\n<h3>Unser Super Strada Lieferkonzept hat es ins Finale des Berliner Green Design Award geschafft. Klicken Sie auf den Link und stimmen Sie ab!! Vielen Dank  <\/h3>\n<p>[\/et_pb_slide][\/et_pb_fullwidth_slider][\/et_pb_section][et_pb_section fb_built=&#8220;1&#8243; admin_label=&#8220;section&#8220; _builder_version=&#8220;4.16&#8243; global_colors_info=&#8220;{}&#8220;][et_pb_row admin_label=&#8220;Reihe&#8220; _builder_version=&#8220;4.16&#8243; background_size=&#8220;initial&#8220; background_position=&#8220;top_left&#8220; background_repeat=&#8220;repeat&#8220; global_colors_info=&#8220;{}&#8220;][et_pb_column type=&#8220;4_4&#8243; _builder_version=&#8220;4.16&#8243; custom_padding=&#8220;|||&#8220; global_colors_info=&#8220;{}&#8220; custom_padding__hover=&#8220;|||&#8220;][et_pb_text admin_label=&#8220;Text&#8220; _builder_version=&#8220;4.16&#8243; background_size=&#8220;initial&#8220; background_position=&#8220;top_left&#8220; background_repeat=&#8220;repeat&#8220; global_colors_info=&#8220;{}&#8220;]<\/p>\n<p>Green Award Nominierung<\/p>\n<p>BUZZED<\/p>\n<p>get\u201eBuzz\u201ced ist ein Projekt, das von Super Strada unterst\u00fctzt wird. Es ist eine App, die sicheren, zuverl\u00e4ssigen urbanen Transport bietet. Unser Ziel ist es, bis Mitte 2026 t\u00e4glich 600 bis 1000 Lieferungen durchzuf\u00fchren. Unsere E-Bikes k\u00f6nnen mehr Gewicht tragen, sind schneller und bieten den Fahrern mehr Sicherheit. Indem wir t\u00e4glich ca. 750 Bestellungen mit einem E-Bike ausliefern, k\u00f6nnen wir die Staus und die Umweltverschmutzung in der Innenstadt drastisch reduzieren. Unsere Buzzed-App bietet H\u00e4ndlern die M\u00f6glichkeit, die Wartezeit f\u00fcr unsere Fahrer zu berechnen, wodurch unsere Fahrer effizienter arbeiten k\u00f6nnen. Wir haben auch eine einfache Click  Collect-Funktion, die eine Abholung von H\u00e4ndlern erm\u00f6glicht, die nicht bei \u201eBuzzed\u201c registriert sind, was bedeutet, dass wir fast jedes Produkt in unseren Dienstleistungen anbieten k\u00f6nnen      <\/p>\n<p>Bei Buzzed geht es darum, fair zu den Fahrern und H\u00e4ndlern zu sein und zu zeigen, dass E-Mobilit\u00e4t eine L\u00f6sung f\u00fcr die Zukunft ist<\/p>\n<\/p>\n<p>Super Strada ist ein E-Mobility-Startup, entwickelt und designt in Hamburg, Deutschland. Unser Ziel ist es, eine nachhaltige Alternative zu den aktuellen Transportmitteln im urbanen Umfeld anzubieten. Wie machen wir das? Wir mussten ein Produkt entwickeln, das vielseitig, erschwinglich, nachhaltig, effizient und einfach zu fahren ist. Unsere E-Bikes k\u00f6nnen f\u00fcr Freizeit-, Pendel- und Industriezwecke eingesetzt werden. Unser Rahmen ist so konzipiert, dass er zus\u00e4tzliches Gewicht tragen kann, unsere modularen Boxen k\u00f6nnen ein zus\u00e4tzliches Volumen von 60 Litern aufnehmen. Unsere Fahrr\u00e4der beginnen bei 2490 EUR und sind f\u00fcr zwei Passagiere ausgelegt, wobei alle Sicherheitsaspekte ber\u00fccksichtigt werden.      <\/p>\n<figure class=\"wp-block-image\"><img alt=\"\"><\/figure>\n<p>[\/et_pb_text][\/et_pb_column][\/et_pb_row][\/et_pb_section]<\/p>\n","protected":false},"excerpt":{"rendered":"<p>Unser Super Strada Lieferkonzept hat es ins Finale des Berliner Green Design Award geschafft. Klicken Sie auf den Link und stimmen Sie ab!! Vielen Dank Green Award Nominierung BUZZED get\u201eBuzz\u201ced ist ein Projekt, das von Super Strada unterst\u00fctzt wird. Es ist eine App, die sicheren, zuverl\u00e4ssigen urbanen Transport bietet. Unser Ziel ist es, bis Mitte [&hellip;]<\/p>\n","protected":false},"author":1,"featured_media":0,"parent":0,"menu_order":0,"comment_status":"closed","ping_status":"closed","template":"","meta":{"_et_pb_use_builder":"on","_et_pb_old_content":"","_et_gb_content_width":"","footnotes":""},"class_list":["post-1110","page","type-page","status-publish","hentry"],"aioseo_notices":[],"jetpack_sharing_enabled":true,"_links":{"self":[{"href":"https:\/\/super-strada.cc\/de\/wp-json\/wp\/v2\/pages\/1110","targetHints":{"allow":["GET"]}}],"collection":[{"href":"https:\/\/super-strada.cc\/de\/wp-json\/wp\/v2\/pages"}],"about":[{"href":"https:\/\/super-strada.cc\/de\/wp-json\/wp\/v2\/types\/page"}],"author":[{"embeddable":true,"href":"https:\/\/super-strada.cc\/de\/wp-json\/wp\/v2\/users\/1"}],"replies":[{"embeddable":true,"href":"https:\/\/super-strada.cc\/de\/wp-json\/wp\/v2\/comments?post=1110"}],"version-history":[{"count":6,"href":"https:\/\/super-strada.cc\/de\/wp-json\/wp\/v2\/pages\/1110\/revisions"}],"predecessor-version":[{"id":1116,"href":"https:\/\/super-strada.cc\/de\/wp-json\/wp\/v2\/pages\/1110\/revisions\/1116"}],"wp:attachment":[{"href":"https:\/\/super-strada.cc\/de\/wp-json\/wp\/v2\/media?parent=1110"}],"curies":[{"name":"wp","href":"https:\/\/api.w.org\/{rel}","templated":true}]}}